{"id":13406,"date":"2021-05-13T11:22:43","date_gmt":"2021-05-13T09:22:43","guid":{"rendered":"https:\/\/heartbrut.com\/?page_id=13406"},"modified":"2026-04-08T09:33:02","modified_gmt":"2026-04-08T07:33:02","slug":"newsroom","status":"publish","type":"page","link":"https:\/\/heartbrut.com\/de\/newsroom\/","title":{"rendered":"Newsroom"},"content":{"rendered":"<div data-elementor-type=\"wp-page\" data-elementor-id=\"13406\" class=\"elementor elementor-13406\" data-elementor-post-type=\"page\">\n\t\t\t\t<div class=\"elementor-element elementor-element-bc9d627 e-con-full e-flex e-con e-parent\" data-id=\"bc9d627\" data-element_type=\"container\" data-e-type=\"container\">\n\t\t<div data-dce-background-color=\"#FED9FF00\" data-dce-background-image-url=\"https:\/\/heartbrut.com\/wp-content\/uploads\/2025\/10\/101025-heartbrut-cover-\u00a9-karinburki-ls.webp\" class=\"elementor-element elementor-element-f228804 e-flex e-con-boxed elementor-invisible e-con e-child\" data-id=\"f228804\" data-element_type=\"container\" data-e-type=\"container\" data-settings=\"{&quot;background_background&quot;:&quot;classic&quot;,&quot;animation&quot;:&quot;fadeInUp&quot;,&quot;animation_mobile&quot;:&quot;fadeInUp&quot;}\">\n\t\t\t\t\t<div class=\"e-con-inner\">\n\t\t\t\t<div class=\"elementor-element elementor-element-6f54724 elementor-invisible elementor-widget elementor-widget-heading\" data-id=\"6f54724\" data-element_type=\"widget\" data-e-type=\"widget\" data-settings=\"{&quot;_animation&quot;:&quot;fadeInUp&quot;}\" data-widget_type=\"heading.default\">\n\t\t\t\t<div class=\"elementor-widget-container\">\n\t\t\t\t\t<h2 class=\"elementor-heading-title elementor-size-default\">NEWSROOM<\/h2>\t\t\t\t<\/div>\n\t\t\t\t<\/div>\n\t\t\t\t\t<\/div>\n\t\t\t\t<\/div>\n\t\t\t\t<\/div>\n\t\t<div class=\"elementor-element elementor-element-dc5ff07 e-flex e-con-boxed elementor-invisible e-con e-parent\" data-id=\"dc5ff07\" data-element_type=\"container\" data-e-type=\"container\" data-settings=\"{&quot;animation&quot;:&quot;fadeInUp&quot;}\">\n\t\t\t\t\t<div class=\"e-con-inner\">\n\t\t<div class=\"elementor-element elementor-element-8e11acd e-con-full e-flex e-con e-child\" data-id=\"8e11acd\" data-element_type=\"container\" data-e-type=\"container\">\n\t\t\t\t<div class=\"elementor-element elementor-element-1cbf3b7 elementor-invisible elementor-widget elementor-widget-heading\" data-id=\"1cbf3b7\" data-element_type=\"widget\" data-e-type=\"widget\" data-settings=\"{&quot;_animation&quot;:&quot;fadeInUp&quot;}\" data-widget_type=\"heading.default\">\n\t\t\t\t<div class=\"elementor-widget-container\">\n\t\t\t\t\t<h2 class=\"elementor-heading-title elementor-size-default\">SELECTED MEDIA<\/h2>\t\t\t\t<\/div>\n\t\t\t\t<\/div>\n\t\t\t\t<div class=\"elementor-element elementor-element-fab82a4 elementor-invisible elementor-widget elementor-widget-heading\" data-id=\"fab82a4\" data-element_type=\"widget\" data-e-type=\"widget\" data-settings=\"{&quot;_animation&quot;:&quot;fadeInUp&quot;}\" data-widget_type=\"heading.default\">\n\t\t\t\t<div class=\"elementor-widget-container\">\n\t\t\t\t\t<h2 class=\"elementor-heading-title elementor-size-default\"><a href=\"https:\/\/www.theguardian.com\/artanddesign\/2025\/feb\/03\/after-the-brutalist-our-readers-name-their-favourite-brutalist-buildings\">The Guardian<\/a><\/h2>\t\t\t\t<\/div>\n\t\t\t\t<\/div>\n\t\t\t\t<div class=\"elementor-element elementor-element-8e7a376 elementor-invisible elementor-widget elementor-widget-heading\" data-id=\"8e7a376\" data-element_type=\"widget\" data-e-type=\"widget\" data-settings=\"{&quot;_animation&quot;:&quot;fadeInUp&quot;}\" data-widget_type=\"heading.default\">\n\t\t\t\t<div class=\"elementor-widget-container\">\n\t\t\t\t\t<h2 class=\"elementor-heading-title elementor-size-default\"><a href=\"https:\/\/www.tagesanzeiger.ch\/zuerichs-schoenste-betongebaeude-767120085707\">Tages-Anzeiger<\/a><\/h2>\t\t\t\t<\/div>\n\t\t\t\t<\/div>\n\t\t\t\t<div class=\"elementor-element elementor-element-b361dd5 elementor-invisible elementor-widget elementor-widget-heading\" data-id=\"b361dd5\" data-element_type=\"widget\" data-e-type=\"widget\" data-settings=\"{&quot;_animation&quot;:&quot;fadeInUp&quot;}\" data-widget_type=\"heading.default\">\n\t\t\t\t<div class=\"elementor-widget-container\">\n\t\t\t\t\t<h2 class=\"elementor-heading-title elementor-size-default\"><a href=\"https:\/\/www.srf.ch\/kultur\/gesellschaft-religion\/brutalismus-in-der-schweiz-schoen-haesslich-warum-betonbauten-polarisieren\">SRF Kultur<\/a><\/h2>\t\t\t\t<\/div>\n\t\t\t\t<\/div>\n\t\t\t\t<div class=\"elementor-element elementor-element-3326f46 elementor-invisible elementor-widget elementor-widget-heading\" data-id=\"3326f46\" data-element_type=\"widget\" data-e-type=\"widget\" data-settings=\"{&quot;_animation&quot;:&quot;fadeInUp&quot;}\" data-widget_type=\"heading.default\">\n\t\t\t\t<div class=\"elementor-widget-container\">\n\t\t\t\t\t<h2 class=\"elementor-heading-title elementor-size-default\"><a href=\"https:\/\/www.srf.ch\/play\/tv\/schweiz-aktuell\/video\/franziskushaus-dulliken-ein-blick-hinter-die-betonmauern?urn=urn:srf:video:03ba258d-52a1-4802-b404-25320b579cf7\">SRF News<\/a><\/h2>\t\t\t\t<\/div>\n\t\t\t\t<\/div>\n\t\t\t\t<div class=\"elementor-element elementor-element-de61bb0 elementor-invisible elementor-widget elementor-widget-heading\" data-id=\"de61bb0\" data-element_type=\"widget\" data-e-type=\"widget\" data-settings=\"{&quot;_animation&quot;:&quot;fadeInUp&quot;}\" data-widget_type=\"heading.default\">\n\t\t\t\t<div class=\"elementor-widget-container\">\n\t\t\t\t\t<h2 class=\"elementor-heading-title elementor-size-default\"><a href=\"https:\/\/bellevue.nzz.ch\/mode-beauty\/seth-rogen-modelt-fuer-the-elder-statesman-und-ugg-ld.1762604\">NZZ am Sonntag<\/a><\/h2>\t\t\t\t<\/div>\n\t\t\t\t<\/div>\n\t\t\t\t<div class=\"elementor-element elementor-element-f0229aa elementor-invisible elementor-widget elementor-widget-heading\" data-id=\"f0229aa\" data-element_type=\"widget\" data-e-type=\"widget\" data-settings=\"{&quot;_animation&quot;:&quot;fadeInUp&quot;}\" data-widget_type=\"heading.default\">\n\t\t\t\t<div class=\"elementor-widget-container\">\n\t\t\t\t\t<h2 class=\"elementor-heading-title elementor-size-default\"><a href=\"https:\/\/meter-magazin.ch\/ch\/architektur\/19717-40-architekturikonen-in-den-alpen\">Meter Magazin (Interview)<\/a><\/h2>\t\t\t\t<\/div>\n\t\t\t\t<\/div>\n\t\t\t\t<div class=\"elementor-element elementor-element-9ed7a03 elementor-invisible elementor-widget elementor-widget-heading\" data-id=\"9ed7a03\" data-element_type=\"widget\" data-e-type=\"widget\" data-settings=\"{&quot;_animation&quot;:&quot;fadeInUp&quot;}\" data-widget_type=\"heading.default\">\n\t\t\t\t<div class=\"elementor-widget-container\">\n\t\t\t\t\t<h2 class=\"elementor-heading-title elementor-size-default\"><a href=\"https:\/\/www.swiss-architects.com\/de\/architecture-news\/gefunden\/brutal-vielfaltig\">Swiss Architects<\/a><\/h2>\t\t\t\t<\/div>\n\t\t\t\t<\/div>\n\t\t\t\t<div class=\"elementor-element elementor-element-61144a2 elementor-invisible elementor-widget elementor-widget-heading\" data-id=\"61144a2\" data-element_type=\"widget\" data-e-type=\"widget\" data-settings=\"{&quot;_animation&quot;:&quot;fadeInUp&quot;}\" data-widget_type=\"heading.default\">\n\t\t\t\t<div class=\"elementor-widget-container\">\n\t\t\t\t\t<h2 class=\"elementor-heading-title elementor-size-default\">Espaces Contemporains<\/h2>\t\t\t\t<\/div>\n\t\t\t\t<\/div>\n\t\t\t\t<div class=\"elementor-element elementor-element-4b13d47 elementor-invisible elementor-widget elementor-widget-heading\" data-id=\"4b13d47\" data-element_type=\"widget\" data-e-type=\"widget\" data-settings=\"{&quot;_animation&quot;:&quot;fadeInUp&quot;}\" data-widget_type=\"heading.default\">\n\t\t\t\t<div class=\"elementor-widget-container\">\n\t\t\t\t\t<h2 class=\"elementor-heading-title elementor-size-default\"><a href=\"https:\/\/brefmagazin.ch\/artikel\/graue-eminenz\/\">bref Magazin<\/a><\/h2>\t\t\t\t<\/div>\n\t\t\t\t<\/div>\n\t\t\t\t<div class=\"elementor-element elementor-element-4eb8e09 elementor-invisible elementor-widget elementor-widget-heading\" data-id=\"4eb8e09\" data-element_type=\"widget\" data-e-type=\"widget\" data-settings=\"{&quot;_animation&quot;:&quot;fadeInUp&quot;}\" data-widget_type=\"heading.default\">\n\t\t\t\t<div class=\"elementor-widget-container\">\n\t\t\t\t\t<h2 class=\"elementor-heading-title elementor-size-default\"><a href=\"https:\/\/www.bzbasel.ch\/basel\/baselland\/architektur-graues-basel-wunderschoen-die-beton-ikonen-erhalten-eine-eigene-karte-ld.2275885\">St. Galler Tagblatt<\/a><\/h2>\t\t\t\t<\/div>\n\t\t\t\t<\/div>\n\t\t\t\t<div class=\"elementor-element elementor-element-af9f7b3 elementor-invisible elementor-widget elementor-widget-heading\" data-id=\"af9f7b3\" data-element_type=\"widget\" data-e-type=\"widget\" data-settings=\"{&quot;_animation&quot;:&quot;fadeInUp&quot;}\" data-widget_type=\"heading.default\">\n\t\t\t\t<div class=\"elementor-widget-container\">\n\t\t\t\t\t<h2 class=\"elementor-heading-title elementor-size-default\"><a href=\"https:\/\/www.bzbasel.ch\/basel\/baselland\/architektur-graues-basel-wunderschoen-die-beton-ikonen-erhalten-eine-eigene-karte-ld.2275885\">BZ Basel \/ Aargauer Zeitung<\/a><\/h2>\t\t\t\t<\/div>\n\t\t\t\t<\/div>\n\t\t\t\t<div class=\"elementor-element elementor-element-bf86bb0 elementor-invisible elementor-widget elementor-widget-heading\" data-id=\"bf86bb0\" data-element_type=\"widget\" data-e-type=\"widget\" data-settings=\"{&quot;_animation&quot;:&quot;fadeInUp&quot;}\" data-widget_type=\"heading.default\">\n\t\t\t\t<div class=\"elementor-widget-container\">\n\t\t\t\t\t<h2 class=\"elementor-heading-title elementor-size-default\"><a href=\"https:\/\/architekturbasel.ch\/kuehne-traeume-harte-realitaeten-die-carte-brute-basel-ist-erschienen\/\">Architektur Basel<\/a><\/h2>\t\t\t\t<\/div>\n\t\t\t\t<\/div>\n\t\t\t\t<div class=\"elementor-element elementor-element-51606aa elementor-invisible elementor-widget elementor-widget-heading\" data-id=\"51606aa\" data-element_type=\"widget\" data-e-type=\"widget\" data-settings=\"{&quot;_animation&quot;:&quot;fadeInUp&quot;}\" data-widget_type=\"heading.default\">\n\t\t\t\t<div class=\"elementor-widget-container\">\n\t\t\t\t\t<h2 class=\"elementor-heading-title elementor-size-default\">Hochparterre (Print)<\/h2>\t\t\t\t<\/div>\n\t\t\t\t<\/div>\n\t\t\t\t<div class=\"elementor-element elementor-element-5773e12 elementor-invisible elementor-widget elementor-widget-heading\" data-id=\"5773e12\" data-element_type=\"widget\" data-e-type=\"widget\" data-settings=\"{&quot;_animation&quot;:&quot;fadeInUp&quot;}\" data-widget_type=\"heading.default\">\n\t\t\t\t<div class=\"elementor-widget-container\">\n\t\t\t\t\t<h2 class=\"elementor-heading-title elementor-size-default\">Maisons et Ambiances (Print)<\/h2>\t\t\t\t<\/div>\n\t\t\t\t<\/div>\n\t\t\t\t<div class=\"elementor-element elementor-element-e0f2a49 elementor-invisible elementor-widget elementor-widget-heading\" data-id=\"e0f2a49\" data-element_type=\"widget\" data-e-type=\"widget\" data-settings=\"{&quot;_animation&quot;:&quot;fadeInUp&quot;}\" data-widget_type=\"heading.default\">\n\t\t\t\t<div class=\"elementor-widget-container\">\n\t\t\t\t\t<h2 class=\"elementor-heading-title elementor-size-default\">Wohnrevue (Print)<\/h2>\t\t\t\t<\/div>\n\t\t\t\t<\/div>\n\t\t\t\t<\/div>\n\t\t<div class=\"elementor-element elementor-element-d15bf62 e-con-full e-flex e-con e-child\" data-id=\"d15bf62\" data-element_type=\"container\" data-e-type=\"container\">\n\t\t\t\t<div class=\"elementor-element elementor-element-24c145f elementor-invisible elementor-widget elementor-widget-gallery\" data-id=\"24c145f\" data-element_type=\"widget\" data-e-type=\"widget\" data-settings=\"{&quot;gallery_layout&quot;:&quot;masonry&quot;,&quot;columns&quot;:2,&quot;columns_tablet&quot;:1,&quot;gap&quot;:{&quot;unit&quot;:&quot;px&quot;,&quot;size&quot;:5,&quot;sizes&quot;:[]},&quot;_animation&quot;:&quot;fadeInUp&quot;,&quot;columns_mobile&quot;:1,&quot;gap_tablet&quot;:{&quot;unit&quot;:&quot;px&quot;,&quot;size&quot;:10,&quot;sizes&quot;:[]},&quot;gap_mobile&quot;:{&quot;unit&quot;:&quot;px&quot;,&quot;size&quot;:10,&quot;sizes&quot;:[]},&quot;link_to&quot;:&quot;file&quot;,&quot;content_hover_animation&quot;:&quot;fade-in&quot;}\" data-widget_type=\"gallery.default\">\n\t\t\t\t<div class=\"elementor-widget-container\">\n\t\t\t\t\t\t\t<div class=\"elementor-gallery__container\">\n\t\t\t\t\t\t\t<a class=\"e-gallery-item elementor-gallery-item elementor-animated-content\" href=\"https:\/\/heartbrut.com\/wp-content\/uploads\/2025\/06\/theguardian-3.webp\">\n\t\t\t\t\t<div class=\"e-gallery-image elementor-gallery-item__image\" data-thumbnail=\"https:\/\/heartbrut.com\/wp-content\/uploads\/2025\/06\/theguardian-3.webp\" data-width=\"1080\" data-height=\"1350\" aria-label=\"Karin B\u00fcrki in The Guardian feat. La Tulipe. Explore more on Heartbrut.com\" role=\"img\" ><\/div>\n\t\t\t\t\t\t\t\t\t\t\t\t\t\t<\/a>\n\t\t\t\t\t\t\t<a class=\"e-gallery-item elementor-gallery-item elementor-animated-content\" href=\"https:\/\/heartbrut.com\/wp-content\/uploads\/2025\/10\/102725-clippings-heartbrut-wohnrevue-2.webp\">\n\t\t\t\t\t<div class=\"e-gallery-image elementor-gallery-item__image\" data-thumbnail=\"https:\/\/heartbrut.com\/wp-content\/uploads\/2025\/10\/102725-clippings-heartbrut-wohnrevue-2.webp\" data-width=\"1080\" data-height=\"1215\" aria-label=\"\" role=\"img\" ><\/div>\n\t\t\t\t\t\t\t\t\t\t\t\t\t\t<\/a>\n\t\t\t\t\t\t\t<a class=\"e-gallery-item elementor-gallery-item elementor-animated-content\" href=\"https:\/\/heartbrut.com\/wp-content\/uploads\/2025\/10\/102725-clippings-heartbrut-wohnrevue-1.webp\">\n\t\t\t\t\t<div class=\"e-gallery-image elementor-gallery-item__image\" data-thumbnail=\"https:\/\/heartbrut.com\/wp-content\/uploads\/2025\/10\/102725-clippings-heartbrut-wohnrevue-1.webp\" data-width=\"1080\" data-height=\"1401\" aria-label=\"\" role=\"img\" ><\/div>\n\t\t\t\t\t\t\t\t\t\t\t\t\t\t<\/a>\n\t\t\t\t\t\t\t<a class=\"e-gallery-item elementor-gallery-item elementor-animated-content\" href=\"https:\/\/heartbrut.com\/wp-content\/uploads\/2025\/10\/102627-clippings-heartbrut-cartebrutezurichtagesanzeiger.webp\">\n\t\t\t\t\t<div class=\"e-gallery-image elementor-gallery-item__image\" data-thumbnail=\"https:\/\/heartbrut.com\/wp-content\/uploads\/2025\/10\/102627-clippings-heartbrut-cartebrutezurichtagesanzeiger.webp\" data-width=\"1080\" data-height=\"1151\" aria-label=\"\" role=\"img\" ><\/div>\n\t\t\t\t\t\t\t\t\t\t\t\t\t\t<\/a>\n\t\t\t\t\t\t\t<a class=\"e-gallery-item elementor-gallery-item elementor-animated-content\" href=\"https:\/\/heartbrut.com\/wp-content\/uploads\/2025\/10\/heartbrut-cartebrutezurich-press-maisonsetambiances.webp\">\n\t\t\t\t\t<div class=\"e-gallery-image elementor-gallery-item__image\" data-thumbnail=\"https:\/\/heartbrut.com\/wp-content\/uploads\/2025\/10\/heartbrut-cartebrutezurich-press-maisonsetambiances.webp\" data-width=\"800\" data-height=\"800\" aria-label=\"\" role=\"img\" ><\/div>\n\t\t\t\t\t\t\t\t\t\t\t\t\t\t<\/a>\n\t\t\t\t\t\t\t<a class=\"e-gallery-item elementor-gallery-item elementor-animated-content\" href=\"https:\/\/heartbrut.com\/wp-content\/uploads\/2025\/10\/102725-clippings-heartbrut-cartebrutealipin-schoenerwohnen-scaled.webp\">\n\t\t\t\t\t<div class=\"e-gallery-image elementor-gallery-item__image\" data-thumbnail=\"https:\/\/heartbrut.com\/wp-content\/uploads\/2025\/10\/102725-clippings-heartbrut-cartebrutealipin-schoenerwohnen-scaled.webp\" data-width=\"1965\" data-height=\"2560\" aria-label=\"\" role=\"img\" ><\/div>\n\t\t\t\t\t\t\t\t\t\t\t\t\t\t<\/a>\n\t\t\t\t\t<\/div>\n\t\t\t\t\t<\/div>\n\t\t\t\t<\/div>\n\t\t\t\t<\/div>\n\t\t\t\t\t<\/div>\n\t\t\t\t<\/div>\n\t\t<div data-dce-background-color=\"#FFFFFF\" data-dce-background-overlay-color=\"#FFFFFF\" class=\"elementor-element elementor-element-1d6803a e-flex e-con-boxed e-con e-parent\" data-id=\"1d6803a\" data-element_type=\"container\" data-e-type=\"container\" data-settings=\"{&quot;background_background&quot;:&quot;classic&quot;,&quot;animation&quot;:&quot;none&quot;,&quot;animation_tablet&quot;:&quot;none&quot;,&quot;animation_mobile&quot;:&quot;none&quot;}\">\n\t\t\t\t\t<div class=\"e-con-inner\">\n\t\t<div data-dce-background-color=\"#00000000\" class=\"elementor-element elementor-element-d0033b9 e-flex e-con-boxed e-con e-child\" data-id=\"d0033b9\" data-element_type=\"container\" data-e-type=\"container\" data-settings=\"{&quot;background_background&quot;:&quot;classic&quot;}\">\n\t\t\t\t\t<div class=\"e-con-inner\">\n\t\t\t\t<div data-dce-title-color=\"#000505\" class=\"elementor-element elementor-element-526c5f3 elementor-testimonial--align-left elementor-widget-mobile__width-inherit elementor-widget-tablet__width-inherit elementor-testimonial--skin-default elementor-testimonial--layout-image_inline elementor-pagination-type-bullets elementor-invisible elementor-widget elementor-widget-testimonial-carousel\" data-id=\"526c5f3\" data-element_type=\"widget\" data-e-type=\"widget\" data-settings=\"{&quot;autoplay_speed&quot;:8000,&quot;slides_per_view_mobile&quot;:&quot;1&quot;,&quot;space_between_mobile&quot;:{&quot;unit&quot;:&quot;px&quot;,&quot;size&quot;:0,&quot;sizes&quot;:[]},&quot;space_between&quot;:{&quot;unit&quot;:&quot;px&quot;,&quot;size&quot;:5,&quot;sizes&quot;:[]},&quot;_animation&quot;:&quot;fadeInUp&quot;,&quot;slides_per_view&quot;:&quot;1&quot;,&quot;_animation_mobile&quot;:&quot;fadeInUp&quot;,&quot;pagination&quot;:&quot;bullets&quot;,&quot;speed&quot;:500,&quot;autoplay&quot;:&quot;yes&quot;,&quot;loop&quot;:&quot;yes&quot;,&quot;pause_on_hover&quot;:&quot;yes&quot;,&quot;pause_on_interaction&quot;:&quot;yes&quot;,&quot;space_between_tablet&quot;:{&quot;unit&quot;:&quot;px&quot;,&quot;size&quot;:10,&quot;sizes&quot;:[]}}\" data-widget_type=\"testimonial-carousel.default\">\n\t\t\t\t<div class=\"elementor-widget-container\">\n\t\t\t\t\t\t\t\t\t<div class=\"elementor-swiper\">\n\t\t\t\t\t<div class=\"elementor-main-swiper swiper\" role=\"region\" aria-roledescription=\"carousel\" aria-label=\"Slides\">\n\t\t\t\t<div class=\"swiper-wrapper\">\n\t\t\t\t\t\t\t\t\t\t\t<div class=\"swiper-slide\" role=\"group\" aria-roledescription=\"slide\">\n\t\t\t\t\t\t\t\t\t<div class=\"elementor-testimonial\">\n\t\t\t\t\t\t\t<div class=\"elementor-testimonial__content\">\n\t\t\t\t\t<div class=\"elementor-testimonial__text\">\n\t\t\t\t\t\t\"It was love at first sight. My heart just melted away in the summer sun. It was the way La Tulipe proudly and unapologetically embraced both its hard and its soft and pastel sides, playfully defying the macho vibes often associated with brutalism. For me, the core message of La Tulipe is that you have more fun when you dance away from the norm.\"\t\t\t\t\t<\/div>\n\t\t\t\t\t\t\t\t\t<\/div>\n\t\t\t\t\t\t<div class=\"elementor-testimonial__footer\">\n\t\t\t\t\t\t\t\t<cite class=\"elementor-testimonial__cite\"><span class=\"elementor-testimonial__name\">Karin B\u00fcrki<\/span><span class=\"elementor-testimonial__title\">In The Guardian<\/span><\/cite>\t\t\t<\/div>\n\t\t<\/div>\n\t\t\t\t\t\t\t\t<\/div>\n\t\t\t\t\t\t\t\t\t\t\t<div class=\"swiper-slide\" role=\"group\" aria-roledescription=\"slide\">\n\t\t\t\t\t\t\t\t\t<div class=\"elementor-testimonial\">\n\t\t\t\t\t\t\t<div class=\"elementor-testimonial__content\">\n\t\t\t\t\t<div class=\"elementor-testimonial__text\">\n\t\t\t\t\t\tKarin B\u00fcrki r\u00fcckt ihre \u00abBetonbeauties\u00bb ins richtige Licht. 2019 gr\u00fcndete sie das Format Heartbrut mit gleichnamiger Website, \u00abum einen frischen Blick auf die Schweizer Beton-Ikonen zu werfen und die Solit\u00e4re vom hartn\u00e4ckigen Monsterklischee zu befreien.\u00bb \u00abBeton ist Kulturgut\u00bb, meint Karin B\u00fcrki. \t\t\t\t\t<\/div>\n\t\t\t\t\t\t\t\t\t<\/div>\n\t\t\t\t\t\t<div class=\"elementor-testimonial__footer\">\n\t\t\t\t\t\t\t\t<cite class=\"elementor-testimonial__cite\"><span class=\"elementor-testimonial__name\">Claudia Schmid<\/span><span class=\"elementor-testimonial__title\">Tages-Anzeiger<\/span><\/cite>\t\t\t<\/div>\n\t\t<\/div>\n\t\t\t\t\t\t\t\t<\/div>\n\t\t\t\t\t\t\t\t\t\t\t<div class=\"swiper-slide\" role=\"group\" aria-roledescription=\"slide\">\n\t\t\t\t\t\t\t\t\t<div class=\"elementor-testimonial\">\n\t\t\t\t\t\t\t<div class=\"elementor-testimonial__content\">\n\t\t\t\t\t<div class=\"elementor-testimonial__text\">\n\t\t\t\t\t\tGrob gesagt, suche ich nach wegweisenden Hinguckern, die auch f\u00fcr die heutige Zeit relevant sind. Meine Kamera hat aber auch immer ein W\u00f6rtchen mitzureden. Einer ihrer absoluten Lieblinge ist die Betonschleife, eine Skulptur im Pausenhof der Schule Gr\u00fcnau, die an \u00fcberdimensioniert gew\u00f6lbte Kaugummistreifen erinnert. Sie steht zwar nicht zuvorderst in den klassischen Architekturf\u00fchrern, knallt aber sowohl auf Instagram als auch als Postkarte.\t\t\t\t\t<\/div>\n\t\t\t\t\t\t\t\t\t<\/div>\n\t\t\t\t\t\t<div class=\"elementor-testimonial__footer\">\n\t\t\t\t\t\t\t\t<cite class=\"elementor-testimonial__cite\"><span class=\"elementor-testimonial__name\">Karin B\u00fcrki<\/span><span class=\"elementor-testimonial__title\">Interview mit Carina Iten f\u00fcr Meter Magazin \/ Ideales Heim<\/span><\/cite>\t\t\t<\/div>\n\t\t<\/div>\n\t\t\t\t\t\t\t\t<\/div>\n\t\t\t\t\t\t\t\t\t\t\t<div class=\"swiper-slide\" role=\"group\" aria-roledescription=\"slide\">\n\t\t\t\t\t\t\t\t\t<div class=\"elementor-testimonial\">\n\t\t\t\t\t\t\t<div class=\"elementor-testimonial__content\">\n\t\t\t\t\t<div class=\"elementor-testimonial__text\">\n\t\t\t\t\t\t\u00abBeton, aufregend? Sichtbeton, ein St\u00fcck Schweizer Kulturgut? Davon ist die Z\u00fcrcher Autorin Karin B\u00fcrki \u00fcberzeugt. Sie ist jedoch keineswegs naiv. Es ist ihr durchaus bewusst, dass in der breiten \u00d6ffentlichkeit Betongeb\u00e4ude aus den 1960er- und 1970er-Jahren immer noch als \u00abMonster\u00bb und Schandflecken angesehen werden. Das will sie \u00e4ndern und hat deshalb mit der \u00abCarte Brute\u00bb einen Faltf\u00fchrer mit den \u00ab50 k\u00fchnsten und aufregendsten\u00bb Schweizer Betonikonen der letzten 100 Jahre herausgegeben.\u00bb\n\t\t\t\t\t<\/div>\n\t\t\t\t\t\t\t\t\t<\/div>\n\t\t\t\t\t\t<div class=\"elementor-testimonial__footer\">\n\t\t\t\t\t\t\t\t\t<div class=\"elementor-testimonial__image\">\n\t\t\t\t\t\t<img fetchpriority=\"high\" decoding=\"async\" src=\"https:\/\/heartbrut.com\/wp-content\/plugins\/elementor\/assets\/images\/placeholder.png\" alt=\"Christina Genova\" width=\"1200\" height=\"800\" \/>\n\t\t\t\t\t\t\t\t\t\t\t<\/div>\n\t\t\t\t\t\t\t\t<cite class=\"elementor-testimonial__cite\"><span class=\"elementor-testimonial__name\">Christina Genova<\/span><span class=\"elementor-testimonial__title\">St. Galler Tagblatt<\/span><\/cite>\t\t\t<\/div>\n\t\t<\/div>\n\t\t\t\t\t\t\t\t<\/div>\n\t\t\t\t\t\t\t\t\t\t\t<div class=\"swiper-slide\" role=\"group\" aria-roledescription=\"slide\">\n\t\t\t\t\t\t\t\t\t<div class=\"elementor-testimonial\">\n\t\t\t\t\t\t\t<div class=\"elementor-testimonial__content\">\n\t\t\t\t\t<div class=\"elementor-testimonial__text\">\n\t\t\t\t\t\tKarin B\u00fcrki\u2019s photos, some of which are taken from somewhat idiosyncratically chosen perspectives, are probably not every architect\u2019s cup of tea, but they nevertheless function perfectly as a source of inspiration for future brutalist expeditions through Switzerland.\t\t\t\t\t<\/div>\n\t\t\t\t\t\t\t\t\t<\/div>\n\t\t\t\t\t\t<div class=\"elementor-testimonial__footer\">\n\t\t\t\t\t\t\t\t<cite class=\"elementor-testimonial__cite\"><span class=\"elementor-testimonial__name\">Lukas Gruntz<\/span><span class=\"elementor-testimonial__title\">Architektur Basel<\/span><\/cite>\t\t\t<\/div>\n\t\t<\/div>\n\t\t\t\t\t\t\t\t<\/div>\n\t\t\t\t\t\t\t\t\t\t\t<div class=\"swiper-slide\" role=\"group\" aria-roledescription=\"slide\">\n\t\t\t\t\t\t\t\t\t<div class=\"elementor-testimonial\">\n\t\t\t\t\t\t\t<div class=\"elementor-testimonial__content\">\n\t\t\t\t\t<div class=\"elementor-testimonial__text\">\n\t\t\t\t\t\t\"Switzerland is well-stocked with brutalist icons. The post-war building boom brought us a good number of concrete buildings, exposed concrete (in French 'b\u00e9ton bru') became a design tool in architecture. The writer and photographer Karin Hunter B\u00fcrki has been capturing these buildings photographically for some years now... With plenty of panache, she promotes the modernity and contemporary relevance of these concrete monsters so often condemned as ugly (despite revival and hype).\"\t\t\t\t\t<\/div>\n\t\t\t\t\t\t\t\t\t<\/div>\n\t\t\t\t\t\t<div class=\"elementor-testimonial__footer\">\n\t\t\t\t\t\t\t\t<cite class=\"elementor-testimonial__cite\"><span class=\"elementor-testimonial__name\">Susanna Koeberle<\/span><span class=\"elementor-testimonial__title\">Swiss Architects<\/span><\/cite>\t\t\t<\/div>\n\t\t<\/div>\n\t\t\t\t\t\t\t\t<\/div>\n\t\t\t\t\t\t\t\t\t<\/div>\n\t\t\t\t\t\t\t\t\t\t\t\t\t\t\t\t\t\t\t\t<div class=\"swiper-pagination\"><\/div>\n\t\t\t\t\t\t\t\t\t\t\t\t<\/div>\n\t\t\t\t<\/div>\n\t\t\t\t\t\t\t\t<\/div>\n\t\t\t\t<\/div>\n\t\t\t\t\t<\/div>\n\t\t\t\t<\/div>\n\t\t\t\t\t<\/div>\n\t\t\t\t<\/div>\n\t\t\t\t<\/div>","protected":false},"excerpt":{"rendered":"<p>NEWSROOM SELECTED MEDIA The Guardian Tages-Anzeiger SRF Kultur SRF News NZZ am Sonntag Meter Magazin (Interview) Swiss Architects Espaces Contemporains bref Magazin St. Galler Tagblatt BZ Basel \/ Aargauer Zeitung Architektur Basel Hochparterre (Print) Maisons et Ambiances (Print) Wohnrevue (Print) &#8220;It was love at first sight. My heart just melted away in the summer sun. [&hellip;]<\/p>\n","protected":false},"author":1,"featured_media":19449,"parent":0,"menu_order":0,"comment_status":"closed","ping_status":"closed","template":"","meta":{"_acf_changed":false,"_monsterinsights_skip_tracking":false,"_monsterinsights_sitenote_active":false,"_monsterinsights_sitenote_note":"","_monsterinsights_sitenote_category":0,"footnotes":"","_wp_rev_ctl_limit":""},"class_list":["post-13406","page","type-page","status-publish","has-post-thumbnail","hentry"],"acf":[],"_links":{"self":[{"href":"https:\/\/heartbrut.com\/de\/wp-json\/wp\/v2\/pages\/13406","targetHints":{"allow":["GET"]}}],"collection":[{"href":"https:\/\/heartbrut.com\/de\/wp-json\/wp\/v2\/pages"}],"about":[{"href":"https:\/\/heartbrut.com\/de\/wp-json\/wp\/v2\/types\/page"}],"author":[{"embeddable":true,"href":"https:\/\/heartbrut.com\/de\/wp-json\/wp\/v2\/users\/1"}],"replies":[{"embeddable":true,"href":"https:\/\/heartbrut.com\/de\/wp-json\/wp\/v2\/comments?post=13406"}],"version-history":[{"count":10,"href":"https:\/\/heartbrut.com\/de\/wp-json\/wp\/v2\/pages\/13406\/revisions"}],"predecessor-version":[{"id":39542,"href":"https:\/\/heartbrut.com\/de\/wp-json\/wp\/v2\/pages\/13406\/revisions\/39542"}],"wp:featuredmedia":[{"embeddable":true,"href":"https:\/\/heartbrut.com\/de\/wp-json\/wp\/v2\/media\/19449"}],"wp:attachment":[{"href":"https:\/\/heartbrut.com\/de\/wp-json\/wp\/v2\/media?parent=13406"}],"curies":[{"name":"wp","href":"https:\/\/api.w.org\/{rel}","templated":true}]}}