{"id":22506,"date":"2022-12-01T08:56:01","date_gmt":"2022-12-01T07:56:01","guid":{"rendered":"https:\/\/heartbrut.com\/?page_id=22506"},"modified":"2025-12-08T22:21:58","modified_gmt":"2025-12-08T21:21:58","slug":"partners","status":"publish","type":"page","link":"https:\/\/heartbrut.com\/de\/partner\/","title":{"rendered":"Partner"},"content":{"rendered":"<div data-elementor-type=\"wp-page\" data-elementor-id=\"22506\" class=\"elementor elementor-22506\" data-elementor-post-type=\"page\">\n\t\t\t\t<div class=\"elementor-element elementor-element-a057b8f e-con-full e-flex e-con e-parent\" data-id=\"a057b8f\" data-element_type=\"container\" data-e-type=\"container\">\n\t\t<div data-dce-background-color=\"#FED9FF00\" data-dce-background-image-url=\"https:\/\/heartbrut.com\/wp-content\/uploads\/2025\/10\/101025-heartbrut-cover-\u00a9-karinburki-ls.webp\" class=\"elementor-element elementor-element-597f689 e-flex e-con-boxed elementor-invisible e-con e-child\" data-id=\"597f689\" data-element_type=\"container\" data-e-type=\"container\" data-settings=\"{&quot;background_background&quot;:&quot;classic&quot;,&quot;animation&quot;:&quot;fadeInUp&quot;,&quot;animation_mobile&quot;:&quot;fadeInUp&quot;}\">\n\t\t\t\t\t<div class=\"e-con-inner\">\n\t\t\t\t<div class=\"elementor-element elementor-element-41bb237 elementor-invisible elementor-widget elementor-widget-heading\" data-id=\"41bb237\" data-element_type=\"widget\" data-e-type=\"widget\" data-settings=\"{&quot;_animation&quot;:&quot;fadeInUp&quot;}\" data-widget_type=\"heading.default\">\n\t\t\t\t<div class=\"elementor-widget-container\">\n\t\t\t\t\t<h2 class=\"elementor-heading-title elementor-size-default\">PARTNER<\/h2>\t\t\t\t<\/div>\n\t\t\t\t<\/div>\n\t\t\t\t\t<\/div>\n\t\t\t\t<\/div>\n\t\t\t\t<\/div>\n\t\t<div class=\"elementor-element elementor-element-0e325f4 e-flex e-con-boxed elementor-invisible e-con e-parent\" data-id=\"0e325f4\" data-element_type=\"container\" data-e-type=\"container\" data-settings=\"{&quot;animation&quot;:&quot;fadeInUp&quot;}\">\n\t\t\t\t\t<div class=\"e-con-inner\">\n\t\t\t\t<div class=\"elementor-element elementor-element-83297f5 elementor-invisible elementor-widget elementor-widget-text-editor\" data-id=\"83297f5\" data-element_type=\"widget\" data-e-type=\"widget\" data-settings=\"{&quot;_animation&quot;:&quot;fadeInUp&quot;,&quot;_animation_tablet&quot;:&quot;fadeInUp&quot;}\" data-widget_type=\"text-editor.default\">\n\t\t\t\t<div class=\"elementor-widget-container\">\n\t\t\t\t\t\t\t\t\t<p>HEARTBRUT bedankt sich herzlich bei unseren Partnern und Sponsoren, ohne deren grossz\u00fcgige Unterst\u00fctzung die kontinuierliche Erforschung, Dokumentation und Promotion dieses wichtigen Schweizer Kulturguts nicht m\u00f6glich w\u00e4re.<\/p>\t\t\t\t\t\t\t\t<\/div>\n\t\t\t\t<\/div>\n\t\t\t\t\t<\/div>\n\t\t\t\t<\/div>\n\t\t<div class=\"elementor-element elementor-element-ec7fadf e-flex e-con-boxed e-con e-parent\" data-id=\"ec7fadf\" data-element_type=\"container\" data-e-type=\"container\">\n\t\t\t\t\t<div class=\"e-con-inner\">\n\t\t<div class=\"elementor-element elementor-element-92ac25f e-con-full e-flex e-con e-child\" data-id=\"92ac25f\" data-element_type=\"container\" data-e-type=\"container\" data-settings=\"{&quot;background_background&quot;:&quot;classic&quot;}\">\n\t\t\t\t<div class=\"elementor-element elementor-element-8dfb77e highlight-titles elementor-invisible elementor-widget elementor-widget-heading\" data-id=\"8dfb77e\" data-element_type=\"widget\" data-e-type=\"widget\" data-settings=\"{&quot;_animation&quot;:&quot;fadeInUp&quot;}\" data-widget_type=\"heading.default\">\n\t\t\t\t<div class=\"elementor-widget-container\">\n\t\t\t\t\t<h2 class=\"elementor-heading-title elementor-size-default\">Institutionelle Partner (Carte Brute Editionen)<\/h2>\t\t\t\t<\/div>\n\t\t\t\t<\/div>\n\t\t\t\t<\/div>\n\t\t\t\t\t<\/div>\n\t\t\t\t<\/div>\n\t\t<div class=\"elementor-element elementor-element-9bea2c7 e-flex e-con-boxed elementor-invisible e-con e-parent\" data-id=\"9bea2c7\" data-element_type=\"container\" data-e-type=\"container\" data-settings=\"{&quot;background_background&quot;:&quot;classic&quot;,&quot;animation&quot;:&quot;fadeInUp&quot;}\">\n\t\t\t\t\t<div class=\"e-con-inner\">\n\t\t<div class=\"elementor-element elementor-element-4a15481 e-flex e-con-boxed e-con e-child\" data-id=\"4a15481\" data-element_type=\"container\" data-e-type=\"container\" data-settings=\"{&quot;background_background&quot;:&quot;classic&quot;}\">\n\t\t\t\t\t<div class=\"e-con-inner\">\n\t\t\t\t<div class=\"elementor-element elementor-element-c4f6ea2 dce_masking-none elementor-widget elementor-widget-image\" data-id=\"c4f6ea2\" data-element_type=\"widget\" data-e-type=\"widget\" data-widget_type=\"image.default\">\n\t\t\t\t<div class=\"elementor-widget-container\">\n\t\t\t\t\t\t\t\t\t\t\t\t\t\t\t<img fetchpriority=\"high\" decoding=\"async\" width=\"800\" height=\"135\" src=\"https:\/\/heartbrut.com\/wp-content\/uploads\/2023\/10\/100423-logo-graubuenden-swisslos-1024x173.webp\" class=\"attachment-large size-large wp-image-28236\" alt=\"Kulturf\u00f6rderung Graub\u00fcnden. Amt f\u00fcr Kultur. Swisslos\" srcset=\"https:\/\/heartbrut.com\/wp-content\/uploads\/2023\/10\/100423-logo-graubuenden-swisslos-1024x173.webp 1024w, https:\/\/heartbrut.com\/wp-content\/uploads\/2023\/10\/100423-logo-graubuenden-swisslos-150x25.webp 150w, https:\/\/heartbrut.com\/wp-content\/uploads\/2023\/10\/100423-logo-graubuenden-swisslos-768x130.webp 768w, https:\/\/heartbrut.com\/wp-content\/uploads\/2023\/10\/100423-logo-graubuenden-swisslos-18x3.webp 18w, https:\/\/heartbrut.com\/wp-content\/uploads\/2023\/10\/100423-logo-graubuenden-swisslos-300x51.webp 300w, https:\/\/heartbrut.com\/wp-content\/uploads\/2023\/10\/100423-logo-graubuenden-swisslos-800x135.webp 800w, https:\/\/heartbrut.com\/wp-content\/uploads\/2023\/10\/100423-logo-graubuenden-swisslos.webp 1394w\" sizes=\"(max-width: 800px) 100vw, 800px\" \/>\t\t\t\t\t\t\t\t\t\t\t\t\t\t\t<\/div>\n\t\t\t\t<\/div>\n\t\t\t\t\t<\/div>\n\t\t\t\t<\/div>\n\t\t<div class=\"elementor-element elementor-element-7b7c5d5 e-con-full e-flex e-con e-child\" data-id=\"7b7c5d5\" data-element_type=\"container\" data-e-type=\"container\" data-settings=\"{&quot;background_background&quot;:&quot;classic&quot;}\">\n\t\t\t\t<div class=\"elementor-element elementor-element-95ec9ae dce_masking-none elementor-widget elementor-widget-image\" data-id=\"95ec9ae\" data-element_type=\"widget\" data-e-type=\"widget\" data-widget_type=\"image.default\">\n\t\t\t\t<div class=\"elementor-widget-container\">\n\t\t\t\t\t\t\t\t\t\t\t\t\t\t\t<img decoding=\"async\" width=\"800\" height=\"575\" src=\"https:\/\/heartbrut.com\/wp-content\/uploads\/2022\/06\/Logo-KulturstiftungdesKantonsThurgau_.png\" class=\"attachment-large size-large wp-image-18776\" alt=\"\" srcset=\"https:\/\/heartbrut.com\/wp-content\/uploads\/2022\/06\/Logo-KulturstiftungdesKantonsThurgau_.png 800w, https:\/\/heartbrut.com\/wp-content\/uploads\/2022\/06\/Logo-KulturstiftungdesKantonsThurgau_-300x216.png 300w, https:\/\/heartbrut.com\/wp-content\/uploads\/2022\/06\/Logo-KulturstiftungdesKantonsThurgau_-600x431.png 600w, https:\/\/heartbrut.com\/wp-content\/uploads\/2022\/06\/Logo-KulturstiftungdesKantonsThurgau_-700x503.png 700w, https:\/\/heartbrut.com\/wp-content\/uploads\/2022\/06\/Logo-KulturstiftungdesKantonsThurgau_-150x108.png 150w, https:\/\/heartbrut.com\/wp-content\/uploads\/2022\/06\/Logo-KulturstiftungdesKantonsThurgau_-768x552.png 768w, https:\/\/heartbrut.com\/wp-content\/uploads\/2022\/06\/Logo-KulturstiftungdesKantonsThurgau_-18x12.png 18w\" sizes=\"(max-width: 800px) 100vw, 800px\" \/>\t\t\t\t\t\t\t\t\t\t\t\t\t\t\t<\/div>\n\t\t\t\t<\/div>\n\t\t\t\t<\/div>\n\t\t<div class=\"elementor-element elementor-element-bb452e6 e-con-full e-flex e-con e-child\" data-id=\"bb452e6\" data-element_type=\"container\" data-e-type=\"container\">\n\t\t\t\t<div class=\"elementor-element elementor-element-53125e5 dce_masking-none elementor-widget elementor-widget-image\" data-id=\"53125e5\" data-element_type=\"widget\" data-e-type=\"widget\" data-widget_type=\"image.default\">\n\t\t\t\t<div class=\"elementor-widget-container\">\n\t\t\t\t\t\t\t\t\t\t\t\t\t\t\t<img decoding=\"async\" width=\"248\" height=\"79\" src=\"https:\/\/heartbrut.com\/wp-content\/uploads\/2022\/09\/092522-LOGO-STGALLEN.png\" class=\"attachment-large size-large wp-image-19689\" alt=\"Stadt St.Gallen Fachstelle Kultur\" srcset=\"https:\/\/heartbrut.com\/wp-content\/uploads\/2022\/09\/092522-LOGO-STGALLEN.png 248w, https:\/\/heartbrut.com\/wp-content\/uploads\/2022\/09\/092522-LOGO-STGALLEN-150x48.png 150w, https:\/\/heartbrut.com\/wp-content\/uploads\/2022\/09\/092522-LOGO-STGALLEN-18x6.png 18w\" sizes=\"(max-width: 248px) 100vw, 248px\" \/>\t\t\t\t\t\t\t\t\t\t\t\t\t\t\t<\/div>\n\t\t\t\t<\/div>\n\t\t\t\t<\/div>\n\t\t\t\t\t<\/div>\n\t\t\t\t<\/div>\n\t\t<div class=\"elementor-element elementor-element-a0c239c e-flex e-con-boxed elementor-invisible e-con e-parent\" data-id=\"a0c239c\" data-element_type=\"container\" data-e-type=\"container\" data-settings=\"{&quot;background_background&quot;:&quot;classic&quot;,&quot;animation&quot;:&quot;fadeInUp&quot;}\">\n\t\t\t\t\t<div class=\"e-con-inner\">\n\t\t<div class=\"elementor-element elementor-element-c6abc25 e-con-full e-flex e-con e-child\" data-id=\"c6abc25\" data-element_type=\"container\" data-e-type=\"container\" data-settings=\"{&quot;background_background&quot;:&quot;classic&quot;}\">\n\t\t\t\t<div class=\"elementor-element elementor-element-14a25ce dce_masking-none elementor-widget elementor-widget-image\" data-id=\"14a25ce\" data-element_type=\"widget\" data-e-type=\"widget\" data-widget_type=\"image.default\">\n\t\t\t\t<div class=\"elementor-widget-container\">\n\t\t\t\t\t\t\t\t\t\t\t\t\t\t\t<img loading=\"lazy\" decoding=\"async\" width=\"800\" height=\"173\" src=\"https:\/\/heartbrut.com\/wp-content\/uploads\/2023\/10\/logo_burgergemeinde_rgb_logo_burgergemeinde_cmyk_blau-1024x221.webp\" class=\"attachment-large size-large wp-image-28390\" alt=\"Logo B\u00fcrgergemeinde Chur\" srcset=\"https:\/\/heartbrut.com\/wp-content\/uploads\/2023\/10\/logo_burgergemeinde_rgb_logo_burgergemeinde_cmyk_blau-1024x221.webp 1024w, https:\/\/heartbrut.com\/wp-content\/uploads\/2023\/10\/logo_burgergemeinde_rgb_logo_burgergemeinde_cmyk_blau-150x32.webp 150w, https:\/\/heartbrut.com\/wp-content\/uploads\/2023\/10\/logo_burgergemeinde_rgb_logo_burgergemeinde_cmyk_blau-768x166.webp 768w, https:\/\/heartbrut.com\/wp-content\/uploads\/2023\/10\/logo_burgergemeinde_rgb_logo_burgergemeinde_cmyk_blau-1536x332.webp 1536w, https:\/\/heartbrut.com\/wp-content\/uploads\/2023\/10\/logo_burgergemeinde_rgb_logo_burgergemeinde_cmyk_blau-2048x443.webp 2048w, https:\/\/heartbrut.com\/wp-content\/uploads\/2023\/10\/logo_burgergemeinde_rgb_logo_burgergemeinde_cmyk_blau-18x4.webp 18w, https:\/\/heartbrut.com\/wp-content\/uploads\/2023\/10\/logo_burgergemeinde_rgb_logo_burgergemeinde_cmyk_blau-300x65.webp 300w, https:\/\/heartbrut.com\/wp-content\/uploads\/2023\/10\/logo_burgergemeinde_rgb_logo_burgergemeinde_cmyk_blau-800x173.webp 800w\" sizes=\"(max-width: 800px) 100vw, 800px\" \/>\t\t\t\t\t\t\t\t\t\t\t\t\t\t\t<\/div>\n\t\t\t\t<\/div>\n\t\t\t\t<\/div>\n\t\t<div class=\"elementor-element elementor-element-6abe997 e-con-full e-flex e-con e-child\" data-id=\"6abe997\" data-element_type=\"container\" data-e-type=\"container\" data-settings=\"{&quot;background_background&quot;:&quot;classic&quot;}\">\n\t\t\t\t<\/div>\n\t\t<div class=\"elementor-element elementor-element-08342d2 e-con-full e-flex e-con e-child\" data-id=\"08342d2\" data-element_type=\"container\" data-e-type=\"container\">\n\t\t\t\t<\/div>\n\t\t\t\t\t<\/div>\n\t\t\t\t<\/div>\n\t\t<div class=\"elementor-element elementor-element-ed14b39 e-flex e-con-boxed e-con e-parent\" data-id=\"ed14b39\" data-element_type=\"container\" data-e-type=\"container\">\n\t\t\t\t\t<div class=\"e-con-inner\">\n\t\t<div class=\"elementor-element elementor-element-df7b536 e-con-full e-flex e-con e-child\" data-id=\"df7b536\" data-element_type=\"container\" data-e-type=\"container\" data-settings=\"{&quot;background_background&quot;:&quot;classic&quot;}\">\n\t\t\t\t<div class=\"elementor-element elementor-element-ae7eed3 highlight-titles elementor-invisible elementor-widget elementor-widget-heading\" data-id=\"ae7eed3\" data-element_type=\"widget\" data-e-type=\"widget\" data-settings=\"{&quot;_animation&quot;:&quot;fadeInUp&quot;}\" data-widget_type=\"heading.default\">\n\t\t\t\t<div class=\"elementor-widget-container\">\n\t\t\t\t\t<h2 class=\"elementor-heading-title elementor-size-default\">Kooperationspartner<\/h2>\t\t\t\t<\/div>\n\t\t\t\t<\/div>\n\t\t\t\t<\/div>\n\t\t\t\t\t<\/div>\n\t\t\t\t<\/div>\n\t\t<div class=\"elementor-element elementor-element-05e441b e-flex e-con-boxed elementor-invisible e-con e-parent\" data-id=\"05e441b\" data-element_type=\"container\" data-e-type=\"container\" data-settings=\"{&quot;background_background&quot;:&quot;classic&quot;,&quot;animation&quot;:&quot;fadeInUp&quot;}\">\n\t\t\t\t\t<div class=\"e-con-inner\">\n\t\t<div class=\"elementor-element elementor-element-3e58f22 e-flex e-con-boxed elementor-invisible e-con e-child\" data-id=\"3e58f22\" data-element_type=\"container\" data-e-type=\"container\" data-settings=\"{&quot;background_background&quot;:&quot;classic&quot;,&quot;animation&quot;:&quot;fadeInUp&quot;}\">\n\t\t\t\t\t<div class=\"e-con-inner\">\n\t\t\t\t<div class=\"elementor-element elementor-element-35edda1 dce_masking-none elementor-widget elementor-widget-image\" data-id=\"35edda1\" data-element_type=\"widget\" data-e-type=\"widget\" data-widget_type=\"image.default\">\n\t\t\t\t<div class=\"elementor-widget-container\">\n\t\t\t\t\t\t\t\t\t\t\t\t\t\t\t<img loading=\"lazy\" decoding=\"async\" width=\"800\" height=\"920\" src=\"https:\/\/heartbrut.com\/wp-content\/uploads\/2022\/09\/Logo-Batch-Open-House-Zurich-2022-RGB-1024x1178.jpeg\" class=\"attachment-large size-large wp-image-19672\" alt=\"Open House Z\u00fcrich Logo\" srcset=\"https:\/\/heartbrut.com\/wp-content\/uploads\/2022\/09\/Logo-Batch-Open-House-Zurich-2022-RGB-1024x1178.jpeg 1024w, https:\/\/heartbrut.com\/wp-content\/uploads\/2022\/09\/Logo-Batch-Open-House-Zurich-2022-RGB-700x805.jpeg 700w, https:\/\/heartbrut.com\/wp-content\/uploads\/2022\/09\/Logo-Batch-Open-House-Zurich-2022-RGB-150x173.jpeg 150w, https:\/\/heartbrut.com\/wp-content\/uploads\/2022\/09\/Logo-Batch-Open-House-Zurich-2022-RGB-768x883.jpeg 768w, https:\/\/heartbrut.com\/wp-content\/uploads\/2022\/09\/Logo-Batch-Open-House-Zurich-2022-RGB-1336x1536.jpeg 1336w, https:\/\/heartbrut.com\/wp-content\/uploads\/2022\/09\/Logo-Batch-Open-House-Zurich-2022-RGB-10x12.jpeg 10w, https:\/\/heartbrut.com\/wp-content\/uploads\/2022\/09\/Logo-Batch-Open-House-Zurich-2022-RGB-300x345.jpeg 300w, https:\/\/heartbrut.com\/wp-content\/uploads\/2022\/09\/Logo-Batch-Open-House-Zurich-2022-RGB-800x920.jpeg 800w, https:\/\/heartbrut.com\/wp-content\/uploads\/2022\/09\/Logo-Batch-Open-House-Zurich-2022-RGB.jpeg 1419w\" sizes=\"(max-width: 800px) 100vw, 800px\" \/>\t\t\t\t\t\t\t\t\t\t\t\t\t\t\t<\/div>\n\t\t\t\t<\/div>\n\t\t\t\t\t<\/div>\n\t\t\t\t<\/div>\n\t\t<div class=\"elementor-element elementor-element-b3b5b97 e-flex e-con-boxed elementor-invisible e-con e-child\" data-id=\"b3b5b97\" data-element_type=\"container\" data-e-type=\"container\" data-settings=\"{&quot;background_background&quot;:&quot;classic&quot;,&quot;animation&quot;:&quot;fadeInUp&quot;}\">\n\t\t\t\t\t<div class=\"e-con-inner\">\n\t\t\t\t<div class=\"elementor-element elementor-element-c9deec9 dce_masking-none elementor-widget elementor-widget-image\" data-id=\"c9deec9\" data-element_type=\"widget\" data-e-type=\"widget\" data-widget_type=\"image.default\">\n\t\t\t\t<div class=\"elementor-widget-container\">\n\t\t\t\t\t\t\t\t\t\t\t\t\t\t\t<img loading=\"lazy\" decoding=\"async\" width=\"800\" height=\"459\" src=\"https:\/\/heartbrut.com\/wp-content\/uploads\/2023\/01\/This_is_Basel_Logo_positiv_17x10-1024x588.png\" class=\"attachment-large size-large wp-image-22869\" alt=\"\" srcset=\"https:\/\/heartbrut.com\/wp-content\/uploads\/2023\/01\/This_is_Basel_Logo_positiv_17x10-1024x588.png 1024w, https:\/\/heartbrut.com\/wp-content\/uploads\/2023\/01\/This_is_Basel_Logo_positiv_17x10-700x402.png 700w, https:\/\/heartbrut.com\/wp-content\/uploads\/2023\/01\/This_is_Basel_Logo_positiv_17x10-150x86.png 150w, https:\/\/heartbrut.com\/wp-content\/uploads\/2023\/01\/This_is_Basel_Logo_positiv_17x10-768x441.png 768w, https:\/\/heartbrut.com\/wp-content\/uploads\/2023\/01\/This_is_Basel_Logo_positiv_17x10-1536x882.png 1536w, https:\/\/heartbrut.com\/wp-content\/uploads\/2023\/01\/This_is_Basel_Logo_positiv_17x10-18x10.png 18w, https:\/\/heartbrut.com\/wp-content\/uploads\/2023\/01\/This_is_Basel_Logo_positiv_17x10-300x172.png 300w, https:\/\/heartbrut.com\/wp-content\/uploads\/2023\/01\/This_is_Basel_Logo_positiv_17x10-800x459.png 800w, https:\/\/heartbrut.com\/wp-content\/uploads\/2023\/01\/This_is_Basel_Logo_positiv_17x10.png 2046w\" sizes=\"(max-width: 800px) 100vw, 800px\" \/>\t\t\t\t\t\t\t\t\t\t\t\t\t\t\t<\/div>\n\t\t\t\t<\/div>\n\t\t\t\t\t<\/div>\n\t\t\t\t<\/div>\n\t\t<div class=\"elementor-element elementor-element-ed0d972 e-flex e-con-boxed elementor-invisible e-con e-child\" data-id=\"ed0d972\" data-element_type=\"container\" data-e-type=\"container\" data-settings=\"{&quot;background_background&quot;:&quot;classic&quot;,&quot;animation&quot;:&quot;fadeInUp&quot;}\">\n\t\t\t\t\t<div class=\"e-con-inner\">\n\t\t\t\t<div class=\"elementor-element elementor-element-5bf2d0f dce_masking-none elementor-widget elementor-widget-image\" data-id=\"5bf2d0f\" data-element_type=\"widget\" data-e-type=\"widget\" data-widget_type=\"image.default\">\n\t\t\t\t<div class=\"elementor-widget-container\">\n\t\t\t\t\t\t\t\t\t\t\t\t\t\t\t<img loading=\"lazy\" decoding=\"async\" width=\"800\" height=\"919\" src=\"https:\/\/heartbrut.com\/wp-content\/uploads\/2023\/04\/openhouselogo-transparent-website.webp\" class=\"attachment-large size-large wp-image-26373\" alt=\"Open House Basel Logo\" srcset=\"https:\/\/heartbrut.com\/wp-content\/uploads\/2023\/04\/openhouselogo-transparent-website.webp 800w, https:\/\/heartbrut.com\/wp-content\/uploads\/2023\/04\/openhouselogo-transparent-website-150x172.webp 150w, https:\/\/heartbrut.com\/wp-content\/uploads\/2023\/04\/openhouselogo-transparent-website-768x882.webp 768w, https:\/\/heartbrut.com\/wp-content\/uploads\/2023\/04\/openhouselogo-transparent-website-10x12.webp 10w, https:\/\/heartbrut.com\/wp-content\/uploads\/2023\/04\/openhouselogo-transparent-website-300x345.webp 300w\" sizes=\"(max-width: 800px) 100vw, 800px\" \/>\t\t\t\t\t\t\t\t\t\t\t\t\t\t\t<\/div>\n\t\t\t\t<\/div>\n\t\t\t\t\t<\/div>\n\t\t\t\t<\/div>\n\t\t<div class=\"elementor-element elementor-element-b7d2ae0 e-con-full e-flex e-con e-child\" data-id=\"b7d2ae0\" data-element_type=\"container\" data-e-type=\"container\">\n\t\t\t\t<\/div>\n\t\t\t\t\t<\/div>\n\t\t\t\t<\/div>\n\t\t<div class=\"elementor-element elementor-element-6681d5c e-flex e-con-boxed e-con e-parent\" data-id=\"6681d5c\" data-element_type=\"container\" data-e-type=\"container\">\n\t\t\t\t\t<div class=\"e-con-inner\">\n\t\t<div class=\"elementor-element elementor-element-3849009 e-con-full e-flex e-con e-child\" data-id=\"3849009\" data-element_type=\"container\" data-e-type=\"container\" data-settings=\"{&quot;background_background&quot;:&quot;classic&quot;}\">\n\t\t\t\t<div class=\"elementor-element elementor-element-1844648 highlight-titles elementor-invisible elementor-widget elementor-widget-heading\" data-id=\"1844648\" data-element_type=\"widget\" data-e-type=\"widget\" data-settings=\"{&quot;_animation&quot;:&quot;fadeInUp&quot;}\" data-widget_type=\"heading.default\">\n\t\t\t\t<div class=\"elementor-widget-container\">\n\t\t\t\t\t<h2 class=\"elementor-heading-title elementor-size-default\">Projektpartner<\/h2>\t\t\t\t<\/div>\n\t\t\t\t<\/div>\n\t\t\t\t<\/div>\n\t\t\t\t\t<\/div>\n\t\t\t\t<\/div>\n\t\t<div class=\"elementor-element elementor-element-b47d0a5 e-flex e-con-boxed elementor-invisible e-con e-parent\" data-id=\"b47d0a5\" data-element_type=\"container\" data-e-type=\"container\" data-settings=\"{&quot;background_background&quot;:&quot;classic&quot;,&quot;animation&quot;:&quot;fadeInUp&quot;}\">\n\t\t\t\t\t<div class=\"e-con-inner\">\n\t\t<div class=\"elementor-element elementor-element-abd1353 e-flex e-con-boxed elementor-invisible e-con e-child\" data-id=\"abd1353\" data-element_type=\"container\" data-e-type=\"container\" data-settings=\"{&quot;background_background&quot;:&quot;classic&quot;,&quot;animation&quot;:&quot;fadeInUp&quot;}\">\n\t\t\t\t\t<div class=\"e-con-inner\">\n\t\t\t\t<div class=\"elementor-element elementor-element-a920376 dce_masking-none elementor-widget elementor-widget-image\" data-id=\"a920376\" data-element_type=\"widget\" data-e-type=\"widget\" data-widget_type=\"image.default\">\n\t\t\t\t<div class=\"elementor-widget-container\">\n\t\t\t\t\t\t\t\t\t\t\t\t\t\t\t\t<a href=\"https:\/\/hhplus.ch\/\">\n\t\t\t\t\t\t\t<img loading=\"lazy\" decoding=\"async\" width=\"360\" height=\"120\" src=\"https:\/\/heartbrut.com\/wp-content\/uploads\/2023\/09\/haas.hhplus.ch_.webp\" class=\"attachment-large size-large wp-image-28104\" alt=\"haas.hhplus.ch\" srcset=\"https:\/\/heartbrut.com\/wp-content\/uploads\/2023\/09\/haas.hhplus.ch_.webp 360w, https:\/\/heartbrut.com\/wp-content\/uploads\/2023\/09\/haas.hhplus.ch_-150x50.webp 150w, https:\/\/heartbrut.com\/wp-content\/uploads\/2023\/09\/haas.hhplus.ch_-18x6.webp 18w, https:\/\/heartbrut.com\/wp-content\/uploads\/2023\/09\/haas.hhplus.ch_-300x100.webp 300w\" sizes=\"(max-width: 360px) 100vw, 360px\" \/>\t\t\t\t\t\t\t\t<\/a>\n\t\t\t\t\t\t\t\t\t\t\t\t\t\t\t<\/div>\n\t\t\t\t<\/div>\n\t\t\t\t\t<\/div>\n\t\t\t\t<\/div>\n\t\t<div class=\"elementor-element elementor-element-0461800 e-con-full e-flex e-con e-child\" data-id=\"0461800\" data-element_type=\"container\" data-e-type=\"container\">\n\t\t\t\t<div class=\"elementor-element elementor-element-0b4b254 dce_masking-none elementor-widget elementor-widget-image\" data-id=\"0b4b254\" data-element_type=\"widget\" data-e-type=\"widget\" data-widget_type=\"image.default\">\n\t\t\t\t<div class=\"elementor-widget-container\">\n\t\t\t\t\t\t\t\t\t\t\t\t\t\t\t\t<a href=\"https:\/\/okro.com\/de\">\n\t\t\t\t\t\t\t<img loading=\"lazy\" decoding=\"async\" width=\"800\" height=\"212\" src=\"https:\/\/heartbrut.com\/wp-content\/uploads\/2023\/10\/okro_logo_neu-1024x271.webp\" class=\"attachment-large size-large wp-image-28213\" alt=\"OKRO Logo\" srcset=\"https:\/\/heartbrut.com\/wp-content\/uploads\/2023\/10\/okro_logo_neu-1024x271.webp 1024w, https:\/\/heartbrut.com\/wp-content\/uploads\/2023\/10\/okro_logo_neu-150x40.webp 150w, https:\/\/heartbrut.com\/wp-content\/uploads\/2023\/10\/okro_logo_neu-768x203.webp 768w, https:\/\/heartbrut.com\/wp-content\/uploads\/2023\/10\/okro_logo_neu-18x5.webp 18w, https:\/\/heartbrut.com\/wp-content\/uploads\/2023\/10\/okro_logo_neu-300x79.webp 300w, https:\/\/heartbrut.com\/wp-content\/uploads\/2023\/10\/okro_logo_neu-800x212.webp 800w, https:\/\/heartbrut.com\/wp-content\/uploads\/2023\/10\/okro_logo_neu.webp 1170w\" sizes=\"(max-width: 800px) 100vw, 800px\" \/>\t\t\t\t\t\t\t\t<\/a>\n\t\t\t\t\t\t\t\t\t\t\t\t\t\t\t<\/div>\n\t\t\t\t<\/div>\n\t\t\t\t<\/div>\n\t\t<div class=\"elementor-element elementor-element-27d9f45 e-con-full e-flex e-con e-child\" data-id=\"27d9f45\" data-element_type=\"container\" data-e-type=\"container\" data-settings=\"{&quot;background_background&quot;:&quot;classic&quot;}\">\n\t\t\t\t<\/div>\n\t\t<div class=\"elementor-element elementor-element-f080637 e-con-full e-flex e-con e-child\" data-id=\"f080637\" data-element_type=\"container\" data-e-type=\"container\">\n\t\t\t\t<\/div>\n\t\t\t\t\t<\/div>\n\t\t\t\t<\/div>\n\t\t<div class=\"elementor-element elementor-element-ab271c1 e-flex e-con-boxed e-con e-parent\" data-id=\"ab271c1\" data-element_type=\"container\" data-e-type=\"container\">\n\t\t\t\t\t<div class=\"e-con-inner\">\n\t\t\t\t\t<\/div>\n\t\t\t\t<\/div>\n\t\t\t\t<\/div>","protected":false},"excerpt":{"rendered":"<p>PARTNERS HEARTBRUT wishes to express enthusiastic appreciation to our partners and sponsors\u00a0 without whom this project and the continuous research, documentation and promotion of this important piece of Swiss cultural heritage would not be possible. Institutional partners (Carte Brute Editions) Cooperation partners Project partners<\/p>","protected":false},"author":1,"featured_media":0,"parent":0,"menu_order":0,"comment_status":"closed","ping_status":"closed","template":"","meta":{"_acf_changed":false,"_monsterinsights_skip_tracking":false,"_monsterinsights_sitenote_active":false,"_monsterinsights_sitenote_note":"","_monsterinsights_sitenote_category":0,"footnotes":"","_wp_rev_ctl_limit":""},"class_list":["post-22506","page","type-page","status-publish","hentry"],"acf":[],"_links":{"self":[{"href":"https:\/\/heartbrut.com\/de\/wp-json\/wp\/v2\/pages\/22506","targetHints":{"allow":["GET"]}}],"collection":[{"href":"https:\/\/heartbrut.com\/de\/wp-json\/wp\/v2\/pages"}],"about":[{"href":"https:\/\/heartbrut.com\/de\/wp-json\/wp\/v2\/types\/page"}],"author":[{"embeddable":true,"href":"https:\/\/heartbrut.com\/de\/wp-json\/wp\/v2\/users\/1"}],"replies":[{"embeddable":true,"href":"https:\/\/heartbrut.com\/de\/wp-json\/wp\/v2\/comments?post=22506"}],"version-history":[{"count":10,"href":"https:\/\/heartbrut.com\/de\/wp-json\/wp\/v2\/pages\/22506\/revisions"}],"predecessor-version":[{"id":39026,"href":"https:\/\/heartbrut.com\/de\/wp-json\/wp\/v2\/pages\/22506\/revisions\/39026"}],"wp:attachment":[{"href":"https:\/\/heartbrut.com\/de\/wp-json\/wp\/v2\/media?parent=22506"}],"curies":[{"name":"wp","href":"https:\/\/api.w.org\/{rel}","templated":true}]}}