{"id":17014,"date":"2022-02-04T14:36:31","date_gmt":"2022-02-04T13:36:31","guid":{"rendered":"https:\/\/heartbrut.com\/?page_id=17014"},"modified":"2026-03-20T17:21:51","modified_gmt":"2026-03-20T16:21:51","slug":"maps","status":"publish","type":"page","link":"https:\/\/heartbrut.com\/fr\/shop\/maps\/","title":{"rendered":"Maps"},"content":{"rendered":"<div data-elementor-type=\"wp-page\" data-elementor-id=\"17014\" class=\"elementor elementor-17014\" data-elementor-post-type=\"page\">\n\t\t\t\t<div class=\"elementor-element elementor-element-5e8cda7 e-con-full e-flex e-con e-parent\" data-id=\"5e8cda7\" data-element_type=\"container\" data-e-type=\"container\" data-settings=\"{&quot;background_background&quot;:&quot;classic&quot;}\">\n\t\t<div data-dce-background-color=\"#FED9FF00\" data-dce-background-image-url=\"https:\/\/heartbrut.com\/wp-content\/uploads\/2025\/11\/111825-cartebrutes-composite-\u00a9-karinburki-heartbrut-ls-1.webp\" class=\"elementor-element elementor-element-bba9bfa e-flex e-con-boxed elementor-invisible e-con e-child\" data-id=\"bba9bfa\" data-element_type=\"container\" data-e-type=\"container\" data-settings=\"{&quot;background_background&quot;:&quot;classic&quot;,&quot;animation&quot;:&quot;fadeInUp&quot;,&quot;animation_mobile&quot;:&quot;fadeInUp&quot;}\">\n\t\t\t\t\t<div class=\"e-con-inner\">\n\t\t\t\t<div class=\"elementor-element elementor-element-39d22db elementor-invisible elementor-widget elementor-widget-heading\" data-id=\"39d22db\" data-element_type=\"widget\" data-e-type=\"widget\" data-settings=\"{&quot;_animation&quot;:&quot;fadeInUp&quot;}\" data-widget_type=\"heading.default\">\n\t\t\t\t<div class=\"elementor-widget-container\">\n\t\t\t\t\t<h2 class=\"elementor-heading-title elementor-size-default\">MAPS<\/h2>\t\t\t\t<\/div>\n\t\t\t\t<\/div>\n\t\t\t\t\t<\/div>\n\t\t\t\t<\/div>\n\t\t\t\t<\/div>\n\t\t<div data-dce-background-color=\"#FFFFFF\" class=\"elementor-element elementor-element-4d7d8a1 e-flex e-con-boxed e-con e-parent\" data-id=\"4d7d8a1\" data-element_type=\"container\" data-e-type=\"container\" data-settings=\"{&quot;background_background&quot;:&quot;classic&quot;}\">\n\t\t\t\t\t<div class=\"e-con-inner\">\n\t\t<div data-dce-background-color=\"#2E00D600\" class=\"elementor-element elementor-element-ac4c7f1 e-con-full e-flex e-con e-child\" data-id=\"ac4c7f1\" data-element_type=\"container\" data-e-type=\"container\" data-settings=\"{&quot;background_background&quot;:&quot;classic&quot;}\">\n\t\t\t\t<div class=\"elementor-element elementor-element-15ba4be elementor-widget elementor-widget-menu-anchor\" data-id=\"15ba4be\" data-element_type=\"widget\" data-e-type=\"widget\" data-widget_type=\"menu-anchor.default\">\n\t\t\t\t<div class=\"elementor-widget-container\">\n\t\t\t\t\t\t\t<div class=\"elementor-menu-anchor\" id=\"maps\"><\/div>\n\t\t\t\t\t\t<\/div>\n\t\t\t\t<\/div>\n\t\t\t\t<div data-dce-title-color=\"#120012\" class=\"elementor-element elementor-element-6d428e4 elementor-grid-tablet-2 elementor-grid-mobile-2 elementor-product-loop-item--align-left elementor-product-loop-item--align-left elementor-widget-mobile__width-inherit elementor-grid-2 elementor-products-grid elementor-wc-products elementor-invisible elementor-widget elementor-widget-woocommerce-products\" data-id=\"6d428e4\" data-element_type=\"widget\" data-e-type=\"widget\" data-settings=\"{&quot;_animation&quot;:&quot;fadeInUp&quot;}\" data-widget_type=\"woocommerce-products.default\">\n\t\t\t\t<div class=\"elementor-widget-container\">\n\t\t\t\t\t<div class=\"woocommerce columns-2\"><ul class=\"products elementor-grid columns-2\">\n<li class=\"product type-product post-12048 status-publish first instock product_cat-cartebrute product_cat-favourites product_cat-maps product_cat-shop product_tag-carte-brute product_tag-maps has-post-thumbnail featured taxable shipping-taxable purchasable product-type-simple\">\n\t<a href=\"https:\/\/heartbrut.com\/fr\/produit\/cartebrute\/\" class=\"woocommerce-LoopProduct-link woocommerce-loop-product__link\"><img fetchpriority=\"high\" decoding=\"async\" width=\"300\" height=\"375\" src=\"https:\/\/heartbrut.com\/wp-content\/uploads\/2025\/10\/102425-cartbrute-\u00a9-karinburki-heartbrut-1-300x375.webp\" class=\"attachment-woocommerce_thumbnail size-woocommerce_thumbnail\" alt=\"Carte Brute Switzerland, \u00a9 Karin B\u00fcrki. Shop on Heartbrut.com\" srcset=\"https:\/\/heartbrut.com\/wp-content\/uploads\/2025\/10\/102425-cartbrute-\u00a9-karinburki-heartbrut-1-300x375.webp 300w, https:\/\/heartbrut.com\/wp-content\/uploads\/2025\/10\/102425-cartbrute-\u00a9-karinburki-heartbrut-1-1024x1280.webp 1024w, https:\/\/heartbrut.com\/wp-content\/uploads\/2025\/10\/102425-cartbrute-\u00a9-karinburki-heartbrut-1-150x188.webp 150w, https:\/\/heartbrut.com\/wp-content\/uploads\/2025\/10\/102425-cartbrute-\u00a9-karinburki-heartbrut-1-768x960.webp 768w, https:\/\/heartbrut.com\/wp-content\/uploads\/2025\/10\/102425-cartbrute-\u00a9-karinburki-heartbrut-1-10x12.webp 10w, https:\/\/heartbrut.com\/wp-content\/uploads\/2025\/10\/102425-cartbrute-\u00a9-karinburki-heartbrut-1-800x1000.webp 800w, https:\/\/heartbrut.com\/wp-content\/uploads\/2025\/10\/102425-cartbrute-\u00a9-karinburki-heartbrut-1.webp 1080w\" sizes=\"(max-width: 300px) 100vw, 300px\" \/><h2 class=\"woocommerce-loop-product__title\">Carte Brute<\/h2>\n\t<span class=\"price\"><span class=\"wcpbc-price wcpbc-price-12048\" data-product-id=\"12048\"><span class=\"woocommerce-Price-amount amount\"><bdi>34.00<span class=\"woocommerce-Price-currencySymbol\">&#67;&#72;&#70;<\/span><\/bdi><\/span><\/span><\/span>\n<\/a><div class=\"woocommerce-loop-product__buttons\"><a href=\"\/fr\/wp-json\/wp\/v2\/pages\/17014?add-to-cart=12048\" aria-describedby=\"woocommerce_loop_add_to_cart_link_describedby_12048\" data-quantity=\"1\" class=\"button product_type_simple add_to_cart_button ajax_add_to_cart\" data-product_id=\"12048\" data-product_sku=\"\" aria-label=\"Ajouter au panier\u00a0: \u201cCarte Brute\u201d\" rel=\"nofollow\" data-success_message=\"\u00ab\u00a0Carte Brute\u00a0\u00bb a \u00e9t\u00e9 ajout\u00e9 \u00e0 votre panier\" data-no-translation=\"\" data-trp-gettext=\"\" data-no-translation-aria-label=\"\" data-no-translation-data-success_message=\"\">Ajouter au panier<\/a><\/div>\t<span id=\"woocommerce_loop_add_to_cart_link_describedby_12048\" class=\"screen-reader-text\">\n\t\t\t<\/span>\n<\/li>\n<li class=\"product type-product post-15680 status-publish last instock product_cat-cartebrutezurich product_cat-maps product_tag-cartebrutezurich product_tag-maps has-post-thumbnail featured taxable shipping-taxable purchasable product-type-simple\">\n\t<a href=\"https:\/\/heartbrut.com\/fr\/produit\/cartebrutezurich\/\" class=\"woocommerce-LoopProduct-link woocommerce-loop-product__link\"><img decoding=\"async\" width=\"300\" height=\"375\" src=\"https:\/\/heartbrut.com\/wp-content\/uploads\/2025\/10\/102425-cartbrutezurich-\u00a9-karinburki-heartbrut-1-300x375.webp\" class=\"attachment-woocommerce_thumbnail size-woocommerce_thumbnail\" alt=\"Carte Brute Zurich, \u00a9 Karin B\u00fcrki. Shop on Heartbrut.com\" srcset=\"https:\/\/heartbrut.com\/wp-content\/uploads\/2025\/10\/102425-cartbrutezurich-\u00a9-karinburki-heartbrut-1-300x375.webp 300w, https:\/\/heartbrut.com\/wp-content\/uploads\/2025\/10\/102425-cartbrutezurich-\u00a9-karinburki-heartbrut-1-1024x1280.webp 1024w, https:\/\/heartbrut.com\/wp-content\/uploads\/2025\/10\/102425-cartbrutezurich-\u00a9-karinburki-heartbrut-1-150x188.webp 150w, https:\/\/heartbrut.com\/wp-content\/uploads\/2025\/10\/102425-cartbrutezurich-\u00a9-karinburki-heartbrut-1-768x960.webp 768w, https:\/\/heartbrut.com\/wp-content\/uploads\/2025\/10\/102425-cartbrutezurich-\u00a9-karinburki-heartbrut-1-10x12.webp 10w, https:\/\/heartbrut.com\/wp-content\/uploads\/2025\/10\/102425-cartbrutezurich-\u00a9-karinburki-heartbrut-1-800x1000.webp 800w, https:\/\/heartbrut.com\/wp-content\/uploads\/2025\/10\/102425-cartbrutezurich-\u00a9-karinburki-heartbrut-1.webp 1080w\" sizes=\"(max-width: 300px) 100vw, 300px\" \/><h2 class=\"woocommerce-loop-product__title\">Carte Brute Zurich<\/h2>\n\t<span class=\"price\"><span class=\"wcpbc-price wcpbc-price-15680\" data-product-id=\"15680\"><span class=\"woocommerce-Price-amount amount\"><bdi>34.00<span class=\"woocommerce-Price-currencySymbol\">&#67;&#72;&#70;<\/span><\/bdi><\/span><\/span><\/span>\n<\/a><div class=\"woocommerce-loop-product__buttons\"><a href=\"\/fr\/wp-json\/wp\/v2\/pages\/17014?add-to-cart=15680\" aria-describedby=\"woocommerce_loop_add_to_cart_link_describedby_15680\" data-quantity=\"1\" class=\"button product_type_simple add_to_cart_button ajax_add_to_cart\" data-product_id=\"15680\" data-product_sku=\"\" aria-label=\"Ajouter au panier\u00a0: \u201cCarte Brute Z\u00fcrich\u201d\" rel=\"nofollow\" data-success_message=\"\u00ab\u00a0Carte Brute Z\u00fcrich\u00a0\u00bb a \u00e9t\u00e9 ajout\u00e9 \u00e0 votre panier\" data-no-translation=\"\" data-trp-gettext=\"\" data-no-translation-aria-label=\"\" data-no-translation-data-success_message=\"\">Ajouter au panier<\/a><\/div>\t<span id=\"woocommerce_loop_add_to_cart_link_describedby_15680\" class=\"screen-reader-text\">\n\t\t\t<\/span>\n<\/li>\n<li class=\"product type-product post-17627 status-publish first instock product_cat-cartebrutebasel product_cat-maps product_cat-shop product_tag-carte-brute-basel has-post-thumbnail taxable shipping-taxable purchasable product-type-simple\">\n\t<a href=\"https:\/\/heartbrut.com\/fr\/produit\/cartebrutebasel\/\" class=\"woocommerce-LoopProduct-link woocommerce-loop-product__link\"><img decoding=\"async\" width=\"300\" height=\"375\" src=\"https:\/\/heartbrut.com\/wp-content\/uploads\/2025\/10\/102425-cartbrutebasel-\u00a9-karinburki-heartbrut-1-300x375.webp\" class=\"attachment-woocommerce_thumbnail size-woocommerce_thumbnail\" alt=\"Carte Brute Basel, \u00a9 Karin B\u00fcrki. Shop on Heartbrut.com\" srcset=\"https:\/\/heartbrut.com\/wp-content\/uploads\/2025\/10\/102425-cartbrutebasel-\u00a9-karinburki-heartbrut-1-300x375.webp 300w, https:\/\/heartbrut.com\/wp-content\/uploads\/2025\/10\/102425-cartbrutebasel-\u00a9-karinburki-heartbrut-1-1024x1280.webp 1024w, https:\/\/heartbrut.com\/wp-content\/uploads\/2025\/10\/102425-cartbrutebasel-\u00a9-karinburki-heartbrut-1-150x188.webp 150w, https:\/\/heartbrut.com\/wp-content\/uploads\/2025\/10\/102425-cartbrutebasel-\u00a9-karinburki-heartbrut-1-768x960.webp 768w, https:\/\/heartbrut.com\/wp-content\/uploads\/2025\/10\/102425-cartbrutebasel-\u00a9-karinburki-heartbrut-1-10x12.webp 10w, https:\/\/heartbrut.com\/wp-content\/uploads\/2025\/10\/102425-cartbrutebasel-\u00a9-karinburki-heartbrut-1-800x1000.webp 800w, https:\/\/heartbrut.com\/wp-content\/uploads\/2025\/10\/102425-cartbrutebasel-\u00a9-karinburki-heartbrut-1.webp 1080w\" sizes=\"(max-width: 300px) 100vw, 300px\" \/><h2 class=\"woocommerce-loop-product__title\">Carte Brute B\u00e2le<\/h2>\n\t<span class=\"price\"><span class=\"wcpbc-price wcpbc-price-17627\" data-product-id=\"17627\"><span class=\"woocommerce-Price-amount amount\"><bdi>34.00<span class=\"woocommerce-Price-currencySymbol\">&#67;&#72;&#70;<\/span><\/bdi><\/span><\/span><\/span>\n<\/a><div class=\"woocommerce-loop-product__buttons\"><a href=\"\/fr\/wp-json\/wp\/v2\/pages\/17014?add-to-cart=17627\" aria-describedby=\"woocommerce_loop_add_to_cart_link_describedby_17627\" data-quantity=\"1\" class=\"button product_type_simple add_to_cart_button ajax_add_to_cart\" data-product_id=\"17627\" data-product_sku=\"\" aria-label=\"Ajouter au panier\u00a0: \u201cCarte Brute Basel\u201d\" rel=\"nofollow\" data-success_message=\"\u00ab\u00a0Carte Brute Basel\u00a0\u00bb a \u00e9t\u00e9 ajout\u00e9 \u00e0 votre panier\" data-no-translation=\"\" data-trp-gettext=\"\" data-no-translation-aria-label=\"\" data-no-translation-data-success_message=\"\">Ajouter au panier<\/a><\/div>\t<span id=\"woocommerce_loop_add_to_cart_link_describedby_17627\" class=\"screen-reader-text\">\n\t\t\t<\/span>\n<\/li>\n<li class=\"product type-product post-27920 status-publish last instock product_cat-cartebrutealpine product_cat-maps product_cat-shop product_tag-carte-brute-alpin has-post-thumbnail taxable shipping-taxable purchasable product-type-simple\">\n\t<a href=\"https:\/\/heartbrut.com\/fr\/produit\/cartebrutealpin\/\" class=\"woocommerce-LoopProduct-link woocommerce-loop-product__link\"><img loading=\"lazy\" decoding=\"async\" width=\"300\" height=\"375\" src=\"https:\/\/heartbrut.com\/wp-content\/uploads\/2025\/10\/102425-cartbrutealpin-\u00a9-karinburki-heartbrut-1-300x375.webp\" class=\"attachment-woocommerce_thumbnail size-woocommerce_thumbnail\" alt=\"Carte Brute Alpin, \u00a9 Karin B\u00fcrki. Shop on Heartbrut.com\" srcset=\"https:\/\/heartbrut.com\/wp-content\/uploads\/2025\/10\/102425-cartbrutealpin-\u00a9-karinburki-heartbrut-1-300x375.webp 300w, https:\/\/heartbrut.com\/wp-content\/uploads\/2025\/10\/102425-cartbrutealpin-\u00a9-karinburki-heartbrut-1-1024x1280.webp 1024w, https:\/\/heartbrut.com\/wp-content\/uploads\/2025\/10\/102425-cartbrutealpin-\u00a9-karinburki-heartbrut-1-150x188.webp 150w, https:\/\/heartbrut.com\/wp-content\/uploads\/2025\/10\/102425-cartbrutealpin-\u00a9-karinburki-heartbrut-1-768x960.webp 768w, https:\/\/heartbrut.com\/wp-content\/uploads\/2025\/10\/102425-cartbrutealpin-\u00a9-karinburki-heartbrut-1-10x12.webp 10w, https:\/\/heartbrut.com\/wp-content\/uploads\/2025\/10\/102425-cartbrutealpin-\u00a9-karinburki-heartbrut-1-800x1000.webp 800w, https:\/\/heartbrut.com\/wp-content\/uploads\/2025\/10\/102425-cartbrutealpin-\u00a9-karinburki-heartbrut-1.webp 1080w\" sizes=\"(max-width: 300px) 100vw, 300px\" \/><h2 class=\"woocommerce-loop-product__title\">Carte Brute Alpine<\/h2>\n\t<span class=\"price\"><span class=\"wcpbc-price wcpbc-price-27920\" data-product-id=\"27920\"><span class=\"woocommerce-Price-amount amount\"><bdi>34.00<span class=\"woocommerce-Price-currencySymbol\">&#67;&#72;&#70;<\/span><\/bdi><\/span><\/span><\/span>\n<\/a><div class=\"woocommerce-loop-product__buttons\"><a href=\"\/fr\/wp-json\/wp\/v2\/pages\/17014?add-to-cart=27920\" aria-describedby=\"woocommerce_loop_add_to_cart_link_describedby_27920\" data-quantity=\"1\" class=\"button product_type_simple add_to_cart_button ajax_add_to_cart\" data-product_id=\"27920\" data-product_sku=\"\" aria-label=\"Ajouter au panier\u00a0: \u201cCarte Brute Alpine\u201d\" rel=\"nofollow\" data-success_message=\"\u00ab\u00a0Carte Brute Alpine\u00a0\u00bb a \u00e9t\u00e9 ajout\u00e9 \u00e0 votre panier\" data-no-translation=\"\" data-trp-gettext=\"\" data-no-translation-aria-label=\"\" data-no-translation-data-success_message=\"\">Ajouter au panier<\/a><\/div>\t<span id=\"woocommerce_loop_add_to_cart_link_describedby_27920\" class=\"screen-reader-text\">\n\t\t\t<\/span>\n<\/li>\n<\/ul>\n<\/div>\t\t\t\t<\/div>\n\t\t\t\t<\/div>\n\t\t\t\t<div class=\"elementor-element elementor-element-7b3604f elementor-invisible elementor-widget elementor-widget-n-accordion\" data-id=\"7b3604f\" data-element_type=\"widget\" data-e-type=\"widget\" data-settings=\"{&quot;_animation&quot;:&quot;fadeInUp&quot;,&quot;default_state&quot;:&quot;all_collapsed&quot;,&quot;max_items_expended&quot;:&quot;one&quot;,&quot;n_accordion_animation_duration&quot;:{&quot;unit&quot;:&quot;ms&quot;,&quot;size&quot;:400,&quot;sizes&quot;:[]}}\" data-widget_type=\"nested-accordion.default\">\n\t\t\t\t<div class=\"elementor-widget-container\">\n\t\t\t\t\t\t\t<div class=\"e-n-accordion\" aria-label=\"Accordion. Open links with Enter or Space, close with Escape, and navigate with Arrow Keys\">\n\t\t\t\t\t\t<details id=\"e-n-accordion-item-1290\" class=\"e-n-accordion-item\" >\n\t\t\t\t<summary class=\"e-n-accordion-item-title\" data-accordion-index=\"1\" tabindex=\"0\" aria-expanded=\"false\" aria-controls=\"e-n-accordion-item-1290\" >\n\t\t\t\t\t<span class='e-n-accordion-item-title-header'><div class=\"e-n-accordion-item-title-text\"> A FRESH NEW WAY TO DISCOVER SWITZERLAND'S BRUTALIST ICONS \u2013 FOR ALL <\/div><\/span>\n\t\t\t\t\t\t\t<span class='e-n-accordion-item-title-icon'>\n\t\t\t<span class='e-opened' ><svg xmlns=\"http:\/\/www.w3.org\/2000\/svg\" id=\"b64b7500-205e-4b4c-b85b-719c6b9efefc\" data-name=\"Layer 1\" width=\"14.6802\" height=\"7.5488\" viewbox=\"0 0 14.6802 7.5488\"><polygon points=\"7.34 7.549 0 0.732 0.681 0 7.34 6.184 14 0 14.68 0.732 7.34 7.549\"><\/polygon><\/svg><\/span>\n\t\t\t<span class='e-closed'><svg xmlns=\"http:\/\/www.w3.org\/2000\/svg\" id=\"b64b7500-205e-4b4c-b85b-719c6b9efefc\" data-name=\"Layer 1\" width=\"14.6802\" height=\"7.5488\" viewbox=\"0 0 14.6802 7.5488\"><polygon points=\"7.34 7.549 0 0.732 0.681 0 7.34 6.184 14 0 14.68 0.732 7.34 7.549\"><\/polygon><\/svg><\/span>\n\t\t<\/span>\n\n\t\t\t\t\t\t<\/summary>\n\t\t\t\t<div role=\"region\" aria-labelledby=\"e-n-accordion-item-1290\" class=\"elementor-element elementor-element-edd94eb e-flex e-con-boxed e-con e-child\" data-id=\"edd94eb\" data-element_type=\"container\" data-e-type=\"container\" data-settings=\"{&quot;background_background&quot;:&quot;classic&quot;}\">\n\t\t\t\t\t<div class=\"e-con-inner\">\n\t\t\t\t<div data-dce-text-color=\"#000505\" class=\"elementor-element elementor-element-d1f1528 elementor-widget elementor-widget-text-editor\" data-id=\"d1f1528\" data-element_type=\"widget\" data-e-type=\"widget\" data-settings=\"{&quot;_animation&quot;:&quot;none&quot;,&quot;_animation_mobile&quot;:&quot;none&quot;}\" data-widget_type=\"text-editor.default\">\n\t\t\t\t<div class=\"elementor-widget-container\">\n\t\t\t\t\t\t\t\t\t<p class=\"p1 translation-block\">From Zurich to Basel and Geneva to Lugano \u2013 Switzerland is full of stunning brutalist landmarks. Ready to discover? Our CARTE BRUTE maps are your perfect travel companion and source of inspiration \u2013<span class=\"Apple-converted-space\">&nbsp; <\/span>wherever you are in your brutalist journey. Take a map along on your next adventure or use it as a poster at home or in the office.<\/p>\t\t\t\t\t\t\t\t<\/div>\n\t\t\t\t<\/div>\n\t\t\t\t\t<\/div>\n\t\t\t\t<\/div>\n\t\t\t\t\t<\/details>\n\t\t\t\t\t\t<details id=\"e-n-accordion-item-1291\" class=\"e-n-accordion-item\" >\n\t\t\t\t<summary class=\"e-n-accordion-item-title\" data-accordion-index=\"2\" tabindex=\"-1\" aria-expanded=\"false\" aria-controls=\"e-n-accordion-item-1291\" >\n\t\t\t\t\t<span class='e-n-accordion-item-title-header'><div class=\"e-n-accordion-item-title-text\"> 100% FABRIQU\u00c9 EN SUISSE <\/div><\/span>\n\t\t\t\t\t\t\t<span class='e-n-accordion-item-title-icon'>\n\t\t\t<span class='e-opened' ><svg xmlns=\"http:\/\/www.w3.org\/2000\/svg\" id=\"b64b7500-205e-4b4c-b85b-719c6b9efefc\" data-name=\"Layer 1\" width=\"14.6802\" height=\"7.5488\" viewbox=\"0 0 14.6802 7.5488\"><polygon points=\"7.34 7.549 0 0.732 0.681 0 7.34 6.184 14 0 14.68 0.732 7.34 7.549\"><\/polygon><\/svg><\/span>\n\t\t\t<span class='e-closed'><svg xmlns=\"http:\/\/www.w3.org\/2000\/svg\" id=\"b64b7500-205e-4b4c-b85b-719c6b9efefc\" data-name=\"Layer 1\" width=\"14.6802\" height=\"7.5488\" viewbox=\"0 0 14.6802 7.5488\"><polygon points=\"7.34 7.549 0 0.732 0.681 0 7.34 6.184 14 0 14.68 0.732 7.34 7.549\"><\/polygon><\/svg><\/span>\n\t\t<\/span>\n\n\t\t\t\t\t\t<\/summary>\n\t\t\t\t<div role=\"region\" aria-labelledby=\"e-n-accordion-item-1291\" class=\"elementor-element elementor-element-653828b e-con-full e-flex e-con e-child\" data-id=\"653828b\" data-element_type=\"container\" data-e-type=\"container\" data-settings=\"{&quot;background_background&quot;:&quot;classic&quot;}\">\n\t\t\t\t<div data-dce-text-color=\"#000505\" class=\"elementor-element elementor-element-b29ecc0 elementor-widget elementor-widget-text-editor\" data-id=\"b29ecc0\" data-element_type=\"widget\" data-e-type=\"widget\" data-settings=\"{&quot;_animation&quot;:&quot;none&quot;,&quot;_animation_mobile&quot;:&quot;none&quot;}\" data-widget_type=\"text-editor.default\">\n\t\t\t\t<div class=\"elementor-widget-container\">\n\t\t\t\t\t\t\t\t\t<p class=\"p1\">All maps are designed in Z\u00fcrich and printed in Switzerland.<\/p>\t\t\t\t\t\t\t\t<\/div>\n\t\t\t\t<\/div>\n\t\t\t\t<\/div>\n\t\t\t\t\t<\/details>\n\t\t\t\t\t\t<details id=\"e-n-accordion-item-1292\" class=\"e-n-accordion-item\" >\n\t\t\t\t<summary class=\"e-n-accordion-item-title\" data-accordion-index=\"3\" tabindex=\"-1\" aria-expanded=\"false\" aria-controls=\"e-n-accordion-item-1292\" >\n\t\t\t\t\t<span class='e-n-accordion-item-title-header'><div class=\"e-n-accordion-item-title-text\"> TON ACHAT SOUTIENT UN PROJET \u00c0 BUT NON LUCRATIF <\/div><\/span>\n\t\t\t\t\t\t\t<span class='e-n-accordion-item-title-icon'>\n\t\t\t<span class='e-opened' ><svg xmlns=\"http:\/\/www.w3.org\/2000\/svg\" id=\"b64b7500-205e-4b4c-b85b-719c6b9efefc\" data-name=\"Layer 1\" width=\"14.6802\" height=\"7.5488\" viewbox=\"0 0 14.6802 7.5488\"><polygon points=\"7.34 7.549 0 0.732 0.681 0 7.34 6.184 14 0 14.68 0.732 7.34 7.549\"><\/polygon><\/svg><\/span>\n\t\t\t<span class='e-closed'><svg xmlns=\"http:\/\/www.w3.org\/2000\/svg\" id=\"b64b7500-205e-4b4c-b85b-719c6b9efefc\" data-name=\"Layer 1\" width=\"14.6802\" height=\"7.5488\" viewbox=\"0 0 14.6802 7.5488\"><polygon points=\"7.34 7.549 0 0.732 0.681 0 7.34 6.184 14 0 14.68 0.732 7.34 7.549\"><\/polygon><\/svg><\/span>\n\t\t<\/span>\n\n\t\t\t\t\t\t<\/summary>\n\t\t\t\t<div role=\"region\" aria-labelledby=\"e-n-accordion-item-1292\" class=\"elementor-element elementor-element-ed0ac07 e-con-full e-flex e-con e-child\" data-id=\"ed0ac07\" data-element_type=\"container\" data-e-type=\"container\" data-settings=\"{&quot;background_background&quot;:&quot;classic&quot;}\">\n\t\t\t\t<div data-dce-text-color=\"#000505\" class=\"elementor-element elementor-element-34b8fad elementor-widget elementor-widget-text-editor\" data-id=\"34b8fad\" data-element_type=\"widget\" data-e-type=\"widget\" data-settings=\"{&quot;_animation&quot;:&quot;none&quot;,&quot;_animation_mobile&quot;:&quot;none&quot;}\" data-widget_type=\"text-editor.default\">\n\t\t\t\t<div class=\"elementor-widget-container\">\n\t\t\t\t\t\t\t\t\t<p class=\"p1\">Our CARTE BRUTE editions are not profit-based. Your purchase will help fund the extensive research, travelling and editorial work that go into this project. Any profits we may make will go straight into the development and production of new Carte Brute editions. Win-win.<\/p>\t\t\t\t\t\t\t\t<\/div>\n\t\t\t\t<\/div>\n\t\t\t\t<\/div>\n\t\t\t\t\t<\/details>\n\t\t\t\t\t<\/div>\n\t\t\t\t\t\t<\/div>\n\t\t\t\t<\/div>\n\t\t\t\t<\/div>\n\t\t\t\t\t<\/div>\n\t\t\t\t<\/div>\n\t\t\t\t<\/div>","protected":false},"excerpt":{"rendered":"<p>MAPS A FRESH NEW WAY TO DISCOVER SWITZERLAND&#8217;S BRUTALIST ICONS \u2013 FOR ALL From Zurich to Basel and Geneva to Lugano &#8211; Switzerland is full of stunning brutalist landmarks. Ready to discover? Our CARTE BRUTE maps are your perfect travel companion and source of inspiration \u2013\u00a0 wherever you are in your brutalist journey. Take a [&hellip;]<\/p>\n","protected":false},"author":1,"featured_media":0,"parent":2184,"menu_order":0,"comment_status":"closed","ping_status":"closed","template":"","meta":{"_acf_changed":false,"_monsterinsights_skip_tracking":false,"_monsterinsights_sitenote_active":false,"_monsterinsights_sitenote_note":"","_monsterinsights_sitenote_category":0,"footnotes":"","_wp_rev_ctl_limit":""},"class_list":["post-17014","page","type-page","status-publish","hentry"],"acf":[],"_links":{"self":[{"href":"https:\/\/heartbrut.com\/fr\/wp-json\/wp\/v2\/pages\/17014","targetHints":{"allow":["GET"]}}],"collection":[{"href":"https:\/\/heartbrut.com\/fr\/wp-json\/wp\/v2\/pages"}],"about":[{"href":"https:\/\/heartbrut.com\/fr\/wp-json\/wp\/v2\/types\/page"}],"author":[{"embeddable":true,"href":"https:\/\/heartbrut.com\/fr\/wp-json\/wp\/v2\/users\/1"}],"replies":[{"embeddable":true,"href":"https:\/\/heartbrut.com\/fr\/wp-json\/wp\/v2\/comments?post=17014"}],"version-history":[{"count":10,"href":"https:\/\/heartbrut.com\/fr\/wp-json\/wp\/v2\/pages\/17014\/revisions"}],"predecessor-version":[{"id":39437,"href":"https:\/\/heartbrut.com\/fr\/wp-json\/wp\/v2\/pages\/17014\/revisions\/39437"}],"up":[{"embeddable":true,"href":"https:\/\/heartbrut.com\/fr\/wp-json\/wp\/v2\/pages\/2184"}],"wp:attachment":[{"href":"https:\/\/heartbrut.com\/fr\/wp-json\/wp\/v2\/media?parent=17014"}],"curies":[{"name":"wp","href":"https:\/\/api.w.org\/{rel}","templated":true}]}}