{"id":33504,"date":"2025-01-25T11:46:45","date_gmt":"2025-01-25T10:46:45","guid":{"rendered":"https:\/\/heartbrut.com\/?page_id=33504"},"modified":"2026-03-20T18:59:34","modified_gmt":"2026-03-20T17:59:34","slug":"overview","status":"publish","type":"page","link":"https:\/\/heartbrut.com\/fr\/explore\/overview\/","title":{"rendered":"Overview"},"content":{"rendered":"<div data-elementor-type=\"wp-page\" data-elementor-id=\"33504\" class=\"elementor elementor-33504\" data-elementor-post-type=\"page\">\n\t\t\t\t<div class=\"elementor-element elementor-element-eb7d9e8 e-con-full e-flex e-con e-parent\" data-id=\"eb7d9e8\" data-element_type=\"container\" data-e-type=\"container\">\n\t\t<div data-dce-background-color=\"#FED9FF00\" data-dce-background-image-url=\"https:\/\/heartbrut.com\/wp-content\/uploads\/2025\/10\/100325-brutalistbeauties-\u00a9-karinbuerki-heartbrut-ls.webp\" class=\"elementor-element elementor-element-9f6128a e-con-full e-flex elementor-invisible e-con e-child\" data-id=\"9f6128a\" data-element_type=\"container\" data-e-type=\"container\" data-settings=\"{&quot;background_background&quot;:&quot;classic&quot;,&quot;animation&quot;:&quot;fadeInUp&quot;,&quot;animation_mobile&quot;:&quot;fadeInUp&quot;}\">\n\t\t\t\t<div class=\"elementor-element elementor-element-30b5068 elementor-invisible elementor-widget elementor-widget-heading\" data-id=\"30b5068\" data-element_type=\"widget\" data-e-type=\"widget\" data-settings=\"{&quot;_animation&quot;:&quot;fadeInUp&quot;}\" data-widget_type=\"heading.default\">\n\t\t\t\t<div class=\"elementor-widget-container\">\n\t\t\t\t\t<h2 class=\"elementor-heading-title elementor-size-default\">D\u00c9COUVRIR<\/h2>\t\t\t\t<\/div>\n\t\t\t\t<\/div>\n\t\t\t\t<\/div>\n\t\t\t\t<\/div>\n\t\t<div data-dce-background-overlay-color=\"#FFFFFFC9\" class=\"elementor-element elementor-element-1cda7e2 e-flex e-con-boxed e-con e-parent\" data-id=\"1cda7e2\" data-element_type=\"container\" data-e-type=\"container\" data-settings=\"{&quot;background_background&quot;:&quot;classic&quot;}\">\n\t\t\t\t\t<div class=\"e-con-inner\">\n\t\t<div data-dce-background-color=\"#FFFFFF00\" data-dce-background-hover-color=\"#FED9FF00\" data-dce-background-overlay-color=\"#FFFFFF\" class=\"elementor-element elementor-element-7eec4d6 e-con-full e-flex e-con e-child\" data-id=\"7eec4d6\" data-element_type=\"container\" data-e-type=\"container\" data-settings=\"{&quot;background_background&quot;:&quot;classic&quot;,&quot;animation&quot;:&quot;none&quot;}\">\n\t\t\t\t<div class=\"elementor-element elementor-element-d92ae10 elementor-widget elementor-widget-heading\" data-id=\"d92ae10\" data-element_type=\"widget\" data-e-type=\"widget\" data-widget_type=\"heading.default\">\n\t\t\t\t<div class=\"elementor-widget-container\">\n\t\t\t\t\t<h2 class=\"elementor-heading-title elementor-size-default\">YOUR JOURNEY STARTS HERE<\/h2>\t\t\t\t<\/div>\n\t\t\t\t<\/div>\n\t\t\t\t<\/div>\n\t\t\t\t\t<\/div>\n\t\t\t\t<\/div>\n\t\t<div class=\"elementor-element elementor-element-14bdef7 e-flex e-con-boxed e-con e-parent\" data-id=\"14bdef7\" data-element_type=\"container\" data-e-type=\"container\">\n\t\t\t\t\t<div class=\"e-con-inner\">\n\t\t<div class=\"elementor-element elementor-element-0d99fb8 e-con-full e-flex e-con e-child\" data-id=\"0d99fb8\" data-element_type=\"container\" data-e-type=\"container\">\n\t\t\t\t<div class=\"elementor-element elementor-element-0a0c75b elementor-widget elementor-widget-heading\" data-id=\"0a0c75b\" data-element_type=\"widget\" data-e-type=\"widget\" data-widget_type=\"heading.default\">\n\t\t\t\t<div class=\"elementor-widget-container\">\n\t\t\t\t\t<h2 class=\"elementor-heading-title elementor-size-default\"><a href=\"https:\/\/heartbrut.com\/fr\/explore\/walksandrides\/\">WALKS &amp; RIDES<\/a><\/h2>\t\t\t\t<\/div>\n\t\t\t\t<\/div>\n\t\t\t\t<\/div>\n\t\t<div class=\"elementor-element elementor-element-15c8a83 e-con-full e-flex e-con e-child\" data-id=\"15c8a83\" data-element_type=\"container\" data-e-type=\"container\">\n\t\t\t\t<div class=\"elementor-element elementor-element-2b99463 elementor-widget elementor-widget-heading\" data-id=\"2b99463\" data-element_type=\"widget\" data-e-type=\"widget\" data-widget_type=\"heading.default\">\n\t\t\t\t<div class=\"elementor-widget-container\">\n\t\t\t\t\t<h2 class=\"elementor-heading-title elementor-size-default\"><a href=\"https:\/\/heartbrut.com\/fr\/objects-ch\/\">OBJECTS CH<\/a><\/h2>\t\t\t\t<\/div>\n\t\t\t\t<\/div>\n\t\t\t\t<\/div>\n\t\t<div class=\"elementor-element elementor-element-887b54f e-con-full e-flex e-con e-child\" data-id=\"887b54f\" data-element_type=\"container\" data-e-type=\"container\">\n\t\t\t\t<\/div>\n\t\t<div class=\"elementor-element elementor-element-71631bf e-con-full e-flex e-con e-child\" data-id=\"71631bf\" data-element_type=\"container\" data-e-type=\"container\">\n\t\t\t\t<\/div>\n\t\t\t\t\t<\/div>\n\t\t\t\t<\/div>\n\t\t<div data-dce-background-color=\"#FFFFFF\" class=\"elementor-element elementor-element-3b919ef0 e-flex e-con-boxed e-con e-parent\" data-id=\"3b919ef0\" data-element_type=\"container\" data-e-type=\"container\" data-settings=\"{&quot;background_background&quot;:&quot;classic&quot;,&quot;animation&quot;:&quot;none&quot;,&quot;animation_tablet&quot;:&quot;none&quot;,&quot;animation_mobile&quot;:&quot;none&quot;}\">\n\t\t\t\t\t<div class=\"e-con-inner\">\n\t\t<div class=\"elementor-element elementor-element-54da8568 e-con-full e-flex e-con e-child\" data-id=\"54da8568\" data-element_type=\"container\" data-e-type=\"container\">\n\t\t\t\t<div data-dce-text-color=\"#282929\" class=\"elementor-element elementor-element-f54df86 elementor-icon-list--layout-traditional elementor-list-item-link-full_width elementor-widget elementor-widget-icon-list\" data-id=\"f54df86\" data-element_type=\"widget\" data-e-type=\"widget\" data-settings=\"{&quot;_animation&quot;:&quot;none&quot;,&quot;_animation_mobile&quot;:&quot;none&quot;}\" data-widget_type=\"icon-list.default\">\n\t\t\t\t<div class=\"elementor-widget-container\">\n\t\t\t\t\t\t\t<ul class=\"elementor-icon-list-items\">\n\t\t\t\t\t\t\t<li class=\"elementor-icon-list-item\">\n\t\t\t\t\t\t\t\t\t\t\t<span class=\"elementor-icon-list-icon\">\n\t\t\t\t\t\t\t<svg xmlns=\"http:\/\/www.w3.org\/2000\/svg\" width=\"24\" height=\"24\" viewbox=\"0 0 24 24\" fill=\"none\" stroke=\"currentColor\" stroke-width=\"1.5\" stroke-linecap=\"round\" stroke-linejoin=\"round\" class=\"feather feather-map\"><polygon points=\"1 6 1 22 8 18 16 22 23 18 23 2 16 6 8 2 1 6\"><\/polygon><line x1=\"8\" y1=\"2\" x2=\"8\" y2=\"18\"><\/line><line x1=\"16\" y1=\"6\" x2=\"16\" y2=\"22\"><\/line><\/svg>\t\t\t\t\t\t<\/span>\n\t\t\t\t\t\t\t\t\t\t<span class=\"elementor-icon-list-text\">En d\u00e9couvrir plus<\/span>\n\t\t\t\t\t\t\t\t\t<\/li>\n\t\t\t\t\t\t<\/ul>\n\t\t\t\t\t\t<\/div>\n\t\t\t\t<\/div>\n\t\t\t\t<div class=\"elementor-element elementor-element-358462f3 elementor-grid-tablet-2 elementor-grid-mobile-2 elementor-product-loop-item--align-left elementor-product-loop-item--align-center elementor-grid-4 elementor-products-grid elementor-wc-products elementor-widget elementor-widget-woocommerce-products\" data-id=\"358462f3\" data-element_type=\"widget\" data-e-type=\"widget\" data-widget_type=\"woocommerce-products.default\">\n\t\t\t\t<div class=\"elementor-widget-container\">\n\t\t\t\t\t<div class=\"woocommerce columns-4\"><ul class=\"products elementor-grid columns-4\">\n<li class=\"product type-product post-27920 status-publish first instock product_cat-cartebrutealpine product_cat-maps product_cat-shop product_tag-carte-brute-alpin has-post-thumbnail taxable shipping-taxable purchasable product-type-simple\">\n\t<a href=\"https:\/\/heartbrut.com\/fr\/produit\/cartebrutealpin\/\" class=\"woocommerce-LoopProduct-link woocommerce-loop-product__link\"><img fetchpriority=\"high\" decoding=\"async\" width=\"300\" height=\"375\" src=\"https:\/\/heartbrut.com\/wp-content\/uploads\/2025\/10\/102425-cartbrutealpin-\u00a9-karinburki-heartbrut-1-300x375.webp\" class=\"attachment-woocommerce_thumbnail size-woocommerce_thumbnail\" alt=\"Carte Brute Alpin, \u00a9 Karin B\u00fcrki. Shop on Heartbrut.com\" srcset=\"https:\/\/heartbrut.com\/wp-content\/uploads\/2025\/10\/102425-cartbrutealpin-\u00a9-karinburki-heartbrut-1-300x375.webp 300w, https:\/\/heartbrut.com\/wp-content\/uploads\/2025\/10\/102425-cartbrutealpin-\u00a9-karinburki-heartbrut-1-1024x1280.webp 1024w, https:\/\/heartbrut.com\/wp-content\/uploads\/2025\/10\/102425-cartbrutealpin-\u00a9-karinburki-heartbrut-1-150x188.webp 150w, https:\/\/heartbrut.com\/wp-content\/uploads\/2025\/10\/102425-cartbrutealpin-\u00a9-karinburki-heartbrut-1-768x960.webp 768w, https:\/\/heartbrut.com\/wp-content\/uploads\/2025\/10\/102425-cartbrutealpin-\u00a9-karinburki-heartbrut-1-10x12.webp 10w, https:\/\/heartbrut.com\/wp-content\/uploads\/2025\/10\/102425-cartbrutealpin-\u00a9-karinburki-heartbrut-1-800x1000.webp 800w, https:\/\/heartbrut.com\/wp-content\/uploads\/2025\/10\/102425-cartbrutealpin-\u00a9-karinburki-heartbrut-1.webp 1080w\" sizes=\"(max-width: 300px) 100vw, 300px\" \/><h2 class=\"woocommerce-loop-product__title\">Carte Brute Alpine<\/h2>\n\t<span class=\"price\"><span class=\"wcpbc-price wcpbc-price-27920\" data-product-id=\"27920\"><span class=\"woocommerce-Price-amount amount\"><bdi>34.00<span class=\"woocommerce-Price-currencySymbol\">&#67;&#72;&#70;<\/span><\/bdi><\/span><\/span><\/span>\n<\/a><div class=\"woocommerce-loop-product__buttons\"><a href=\"\/fr\/wp-json\/wp\/v2\/pages\/33504?add-to-cart=27920\" aria-describedby=\"woocommerce_loop_add_to_cart_link_describedby_27920\" data-quantity=\"1\" class=\"button product_type_simple add_to_cart_button ajax_add_to_cart\" data-product_id=\"27920\" data-product_sku=\"\" aria-label=\"Ajouter au panier\u00a0: \u201cCarte Brute Alpine\u201d\" rel=\"nofollow\" data-success_message=\"\u00ab\u00a0Carte Brute Alpine\u00a0\u00bb a \u00e9t\u00e9 ajout\u00e9 \u00e0 votre panier\" data-no-translation=\"\" data-trp-gettext=\"\" data-no-translation-aria-label=\"\" data-no-translation-data-success_message=\"\">Ajouter au panier<\/a><\/div>\t<span id=\"woocommerce_loop_add_to_cart_link_describedby_27920\" class=\"screen-reader-text\">\n\t\t\t<\/span>\n<\/li>\n<li class=\"product type-product post-17627 status-publish instock product_cat-cartebrutebasel product_cat-maps product_cat-shop product_tag-carte-brute-basel has-post-thumbnail taxable shipping-taxable purchasable product-type-simple\">\n\t<a href=\"https:\/\/heartbrut.com\/fr\/produit\/cartebrutebasel\/\" class=\"woocommerce-LoopProduct-link woocommerce-loop-product__link\"><img decoding=\"async\" width=\"300\" height=\"375\" src=\"https:\/\/heartbrut.com\/wp-content\/uploads\/2025\/10\/102425-cartbrutebasel-\u00a9-karinburki-heartbrut-1-300x375.webp\" class=\"attachment-woocommerce_thumbnail size-woocommerce_thumbnail\" alt=\"Carte Brute Basel, \u00a9 Karin B\u00fcrki. Shop on Heartbrut.com\" srcset=\"https:\/\/heartbrut.com\/wp-content\/uploads\/2025\/10\/102425-cartbrutebasel-\u00a9-karinburki-heartbrut-1-300x375.webp 300w, https:\/\/heartbrut.com\/wp-content\/uploads\/2025\/10\/102425-cartbrutebasel-\u00a9-karinburki-heartbrut-1-1024x1280.webp 1024w, https:\/\/heartbrut.com\/wp-content\/uploads\/2025\/10\/102425-cartbrutebasel-\u00a9-karinburki-heartbrut-1-150x188.webp 150w, https:\/\/heartbrut.com\/wp-content\/uploads\/2025\/10\/102425-cartbrutebasel-\u00a9-karinburki-heartbrut-1-768x960.webp 768w, https:\/\/heartbrut.com\/wp-content\/uploads\/2025\/10\/102425-cartbrutebasel-\u00a9-karinburki-heartbrut-1-10x12.webp 10w, https:\/\/heartbrut.com\/wp-content\/uploads\/2025\/10\/102425-cartbrutebasel-\u00a9-karinburki-heartbrut-1-800x1000.webp 800w, https:\/\/heartbrut.com\/wp-content\/uploads\/2025\/10\/102425-cartbrutebasel-\u00a9-karinburki-heartbrut-1.webp 1080w\" sizes=\"(max-width: 300px) 100vw, 300px\" \/><h2 class=\"woocommerce-loop-product__title\">Carte Brute B\u00e2le<\/h2>\n\t<span class=\"price\"><span class=\"wcpbc-price wcpbc-price-17627\" data-product-id=\"17627\"><span class=\"woocommerce-Price-amount amount\"><bdi>34.00<span class=\"woocommerce-Price-currencySymbol\">&#67;&#72;&#70;<\/span><\/bdi><\/span><\/span><\/span>\n<\/a><div class=\"woocommerce-loop-product__buttons\"><a href=\"\/fr\/wp-json\/wp\/v2\/pages\/33504?add-to-cart=17627\" aria-describedby=\"woocommerce_loop_add_to_cart_link_describedby_17627\" data-quantity=\"1\" class=\"button product_type_simple add_to_cart_button ajax_add_to_cart\" data-product_id=\"17627\" data-product_sku=\"\" aria-label=\"Ajouter au panier\u00a0: \u201cCarte Brute Basel\u201d\" rel=\"nofollow\" data-success_message=\"\u00ab\u00a0Carte Brute Basel\u00a0\u00bb a \u00e9t\u00e9 ajout\u00e9 \u00e0 votre panier\" data-no-translation=\"\" data-trp-gettext=\"\" data-no-translation-aria-label=\"\" data-no-translation-data-success_message=\"\">Ajouter au panier<\/a><\/div>\t<span id=\"woocommerce_loop_add_to_cart_link_describedby_17627\" class=\"screen-reader-text\">\n\t\t\t<\/span>\n<\/li>\n<li class=\"product type-product post-15680 status-publish instock product_cat-cartebrutezurich product_cat-maps product_tag-cartebrutezurich product_tag-maps has-post-thumbnail featured taxable shipping-taxable purchasable product-type-simple\">\n\t<a href=\"https:\/\/heartbrut.com\/fr\/produit\/cartebrutezurich\/\" class=\"woocommerce-LoopProduct-link woocommerce-loop-product__link\"><img decoding=\"async\" width=\"300\" height=\"375\" src=\"https:\/\/heartbrut.com\/wp-content\/uploads\/2025\/10\/102425-cartbrutezurich-\u00a9-karinburki-heartbrut-1-300x375.webp\" class=\"attachment-woocommerce_thumbnail size-woocommerce_thumbnail\" alt=\"Carte Brute Zurich, \u00a9 Karin B\u00fcrki. Shop on Heartbrut.com\" srcset=\"https:\/\/heartbrut.com\/wp-content\/uploads\/2025\/10\/102425-cartbrutezurich-\u00a9-karinburki-heartbrut-1-300x375.webp 300w, https:\/\/heartbrut.com\/wp-content\/uploads\/2025\/10\/102425-cartbrutezurich-\u00a9-karinburki-heartbrut-1-1024x1280.webp 1024w, https:\/\/heartbrut.com\/wp-content\/uploads\/2025\/10\/102425-cartbrutezurich-\u00a9-karinburki-heartbrut-1-150x188.webp 150w, https:\/\/heartbrut.com\/wp-content\/uploads\/2025\/10\/102425-cartbrutezurich-\u00a9-karinburki-heartbrut-1-768x960.webp 768w, https:\/\/heartbrut.com\/wp-content\/uploads\/2025\/10\/102425-cartbrutezurich-\u00a9-karinburki-heartbrut-1-10x12.webp 10w, https:\/\/heartbrut.com\/wp-content\/uploads\/2025\/10\/102425-cartbrutezurich-\u00a9-karinburki-heartbrut-1-800x1000.webp 800w, https:\/\/heartbrut.com\/wp-content\/uploads\/2025\/10\/102425-cartbrutezurich-\u00a9-karinburki-heartbrut-1.webp 1080w\" sizes=\"(max-width: 300px) 100vw, 300px\" \/><h2 class=\"woocommerce-loop-product__title\">Carte Brute Zurich<\/h2>\n\t<span class=\"price\"><span class=\"wcpbc-price wcpbc-price-15680\" data-product-id=\"15680\"><span class=\"woocommerce-Price-amount amount\"><bdi>34.00<span class=\"woocommerce-Price-currencySymbol\">&#67;&#72;&#70;<\/span><\/bdi><\/span><\/span><\/span>\n<\/a><div class=\"woocommerce-loop-product__buttons\"><a href=\"\/fr\/wp-json\/wp\/v2\/pages\/33504?add-to-cart=15680\" aria-describedby=\"woocommerce_loop_add_to_cart_link_describedby_15680\" data-quantity=\"1\" class=\"button product_type_simple add_to_cart_button ajax_add_to_cart\" data-product_id=\"15680\" data-product_sku=\"\" aria-label=\"Ajouter au panier\u00a0: \u201cCarte Brute Z\u00fcrich\u201d\" rel=\"nofollow\" data-success_message=\"\u00ab\u00a0Carte Brute Z\u00fcrich\u00a0\u00bb a \u00e9t\u00e9 ajout\u00e9 \u00e0 votre panier\" data-no-translation=\"\" data-trp-gettext=\"\" data-no-translation-aria-label=\"\" data-no-translation-data-success_message=\"\">Ajouter au panier<\/a><\/div>\t<span id=\"woocommerce_loop_add_to_cart_link_describedby_15680\" class=\"screen-reader-text\">\n\t\t\t<\/span>\n<\/li>\n<li class=\"product type-product post-12048 status-publish last instock product_cat-cartebrute product_cat-favourites product_cat-maps product_cat-shop product_tag-carte-brute product_tag-maps has-post-thumbnail featured taxable shipping-taxable purchasable product-type-simple\">\n\t<a href=\"https:\/\/heartbrut.com\/fr\/produit\/cartebrute\/\" class=\"woocommerce-LoopProduct-link woocommerce-loop-product__link\"><img loading=\"lazy\" decoding=\"async\" width=\"300\" height=\"375\" src=\"https:\/\/heartbrut.com\/wp-content\/uploads\/2025\/10\/102425-cartbrute-\u00a9-karinburki-heartbrut-1-300x375.webp\" class=\"attachment-woocommerce_thumbnail size-woocommerce_thumbnail\" alt=\"Carte Brute Switzerland, \u00a9 Karin B\u00fcrki. Shop on Heartbrut.com\" srcset=\"https:\/\/heartbrut.com\/wp-content\/uploads\/2025\/10\/102425-cartbrute-\u00a9-karinburki-heartbrut-1-300x375.webp 300w, https:\/\/heartbrut.com\/wp-content\/uploads\/2025\/10\/102425-cartbrute-\u00a9-karinburki-heartbrut-1-1024x1280.webp 1024w, https:\/\/heartbrut.com\/wp-content\/uploads\/2025\/10\/102425-cartbrute-\u00a9-karinburki-heartbrut-1-150x188.webp 150w, https:\/\/heartbrut.com\/wp-content\/uploads\/2025\/10\/102425-cartbrute-\u00a9-karinburki-heartbrut-1-768x960.webp 768w, https:\/\/heartbrut.com\/wp-content\/uploads\/2025\/10\/102425-cartbrute-\u00a9-karinburki-heartbrut-1-10x12.webp 10w, https:\/\/heartbrut.com\/wp-content\/uploads\/2025\/10\/102425-cartbrute-\u00a9-karinburki-heartbrut-1-800x1000.webp 800w, https:\/\/heartbrut.com\/wp-content\/uploads\/2025\/10\/102425-cartbrute-\u00a9-karinburki-heartbrut-1.webp 1080w\" sizes=\"(max-width: 300px) 100vw, 300px\" \/><h2 class=\"woocommerce-loop-product__title\">Carte Brute<\/h2>\n\t<span class=\"price\"><span class=\"wcpbc-price wcpbc-price-12048\" data-product-id=\"12048\"><span class=\"woocommerce-Price-amount amount\"><bdi>34.00<span class=\"woocommerce-Price-currencySymbol\">&#67;&#72;&#70;<\/span><\/bdi><\/span><\/span><\/span>\n<\/a><div class=\"woocommerce-loop-product__buttons\"><a href=\"\/fr\/wp-json\/wp\/v2\/pages\/33504?add-to-cart=12048\" aria-describedby=\"woocommerce_loop_add_to_cart_link_describedby_12048\" data-quantity=\"1\" class=\"button product_type_simple add_to_cart_button ajax_add_to_cart\" data-product_id=\"12048\" data-product_sku=\"\" aria-label=\"Ajouter au panier\u00a0: \u201cCarte Brute\u201d\" rel=\"nofollow\" data-success_message=\"\u00ab\u00a0Carte Brute\u00a0\u00bb a \u00e9t\u00e9 ajout\u00e9 \u00e0 votre panier\" data-no-translation=\"\" data-trp-gettext=\"\" data-no-translation-aria-label=\"\" data-no-translation-data-success_message=\"\">Ajouter au panier<\/a><\/div>\t<span id=\"woocommerce_loop_add_to_cart_link_describedby_12048\" class=\"screen-reader-text\">\n\t\t\t<\/span>\n<\/li>\n<\/ul>\n<\/div>\t\t\t\t<\/div>\n\t\t\t\t<\/div>\n\t\t\t\t<\/div>\n\t\t\t\t\t<\/div>\n\t\t\t\t<\/div>\n\t\t\t\t<\/div>","protected":false},"excerpt":{"rendered":"<p>EXPLORE YOUR JOURNEY STARTS HERE WALKS &amp; RIDES OBJECTS CH Explore more<\/p>","protected":false},"author":1,"featured_media":0,"parent":19568,"menu_order":0,"comment_status":"closed","ping_status":"closed","template":"","meta":{"_acf_changed":false,"_monsterinsights_skip_tracking":false,"_monsterinsights_sitenote_active":false,"_monsterinsights_sitenote_note":"","_monsterinsights_sitenote_category":0,"footnotes":"","_wp_rev_ctl_limit":""},"class_list":["post-33504","page","type-page","status-publish","hentry"],"acf":[],"_links":{"self":[{"href":"https:\/\/heartbrut.com\/fr\/wp-json\/wp\/v2\/pages\/33504","targetHints":{"allow":["GET"]}}],"collection":[{"href":"https:\/\/heartbrut.com\/fr\/wp-json\/wp\/v2\/pages"}],"about":[{"href":"https:\/\/heartbrut.com\/fr\/wp-json\/wp\/v2\/types\/page"}],"author":[{"embeddable":true,"href":"https:\/\/heartbrut.com\/fr\/wp-json\/wp\/v2\/users\/1"}],"replies":[{"embeddable":true,"href":"https:\/\/heartbrut.com\/fr\/wp-json\/wp\/v2\/comments?post=33504"}],"version-history":[{"count":10,"href":"https:\/\/heartbrut.com\/fr\/wp-json\/wp\/v2\/pages\/33504\/revisions"}],"predecessor-version":[{"id":39445,"href":"https:\/\/heartbrut.com\/fr\/wp-json\/wp\/v2\/pages\/33504\/revisions\/39445"}],"up":[{"embeddable":true,"href":"https:\/\/heartbrut.com\/fr\/wp-json\/wp\/v2\/pages\/19568"}],"wp:attachment":[{"href":"https:\/\/heartbrut.com\/fr\/wp-json\/wp\/v2\/media?parent=33504"}],"curies":[{"name":"wp","href":"https:\/\/api.w.org\/{rel}","templated":true}]}}