{"id":11342,"date":"2020-10-30T13:25:00","date_gmt":"2020-10-30T12:25:00","guid":{"rendered":"https:\/\/heartbrut.com\/?post_type=product&#038;p=11342"},"modified":"2021-12-15T16:00:47","modified_gmt":"2021-12-15T15:00:47","slug":"swissmilltower-card-a6-specialedition","status":"publish","type":"product","link":"https:\/\/heartbrut.com\/fr\/produit\/swissmilltower-card-a6-specialedition\/","title":{"rendered":"Swissmill Tower Card A6 Special Edition"},"content":{"rendered":"","protected":false},"excerpt":{"rendered":"<p><span class=\"SanitizedHtml UserContent UserContent--quietBolds UserContent--size-small\">Sitting smack-bang in Zurich&#8217;s hip district 5, Swissmill Tower is\u00a0the world\u2019s largest operating grain silo. A true contemporary brute, it ruthlessly exposes its industrial function. This 2020 special edition card catches its pared-down, hard-edged beauty against a poetic morning sky. Printed on extra strong paper, it has a silky, soft touch finish and comes complete with a white, premium quality envelope. A perfect souvenir for all lovers of Zurich b\u00e9ton brut. <strong> Ships from Tuesday 3\/11<\/strong><\/span><\/p>\n<p><strong>Carte &amp; Enveloppe<\/strong><\/p>\n<p><strong>Dimensions :<\/strong> A6 (105 x 148 mm)<br \/>\n<strong>Poids :<\/strong> 350 gsm<br \/>\n<strong>Finition :<\/strong> Recto avec finition soft touch. Verso non lamin\u00e9 : vous pouvez \u00e9crire dessus.<br \/>\n<strong>Origine :<\/strong> Con\u00e7u \u00e0 Zurich, imprim\u00e9 \u00e0 Stratford, Londres<\/p>\n<p><strong>Informations de livraison <\/strong>Nous utilisons La Poste suisse pour les envois nationaux et internationaux. Les d\u00e9lais de livraison standard sont sous 3 jours ouvrables pour la Suisse, sous 5 jours pour l'Europe et jusqu'\u00e0 15 jours ouvrables pour les commandes pour des r\u00e9gions d'outre-mer. Les jours ouvrables sont du lundi au vendredi (hors jours f\u00e9ri\u00e9s). Une fois votre commande pass\u00e9e, une confirmation sera envoy\u00e9e \u00e0 l'adresse e-mail fournie lors du paiement. Les commandes internationales sont fournies d'un code de suivi. Veuillez garder \u00e0 l'esprit que des frais de douane suppl\u00e9mentaires peuvent \u00eatre factur\u00e9s sur les commandes internationales. Pour en savoir plus sur les commandes et les livraisons, cliquez sur service client en bas de page.<\/p>\n<p>&nbsp;<\/p>\n<p>&nbsp;<\/p>\n<p>&nbsp;<\/p>","protected":false},"featured_media":11341,"template":"","meta":{"_acf_changed":false,"_monsterinsights_skip_tracking":false,"_monsterinsights_sitenote_active":false,"_monsterinsights_sitenote_note":"","_monsterinsights_sitenote_category":0,"_wp_rev_ctl_limit":""},"product_brand":[],"product_cat":[61,19,46],"product_tag":[32,184],"class_list":{"0":"post-11342","1":"product","2":"type-product","3":"status-publish","4":"has-post-thumbnail","6":"product_cat-brutalistbeauties","7":"product_cat-cards","8":"product_cat-shop","9":"product_tag-brutalistbeauties","10":"product_tag-cards","12":"first","13":"outofstock","14":"purchasable","15":"product-type-simple"},"acf":[],"_links":{"self":[{"href":"https:\/\/heartbrut.com\/fr\/wp-json\/wp\/v2\/product\/11342","targetHints":{"allow":["GET"]}}],"collection":[{"href":"https:\/\/heartbrut.com\/fr\/wp-json\/wp\/v2\/product"}],"about":[{"href":"https:\/\/heartbrut.com\/fr\/wp-json\/wp\/v2\/types\/product"}],"version-history":[{"count":7,"href":"https:\/\/heartbrut.com\/fr\/wp-json\/wp\/v2\/product\/11342\/revisions"}],"predecessor-version":[{"id":22076,"href":"https:\/\/heartbrut.com\/fr\/wp-json\/wp\/v2\/product\/11342\/revisions\/22076"}],"wp:featuredmedia":[{"embeddable":true,"href":"https:\/\/heartbrut.com\/fr\/wp-json\/wp\/v2\/media\/11341"}],"wp:attachment":[{"href":"https:\/\/heartbrut.com\/fr\/wp-json\/wp\/v2\/media?parent=11342"}],"wp:term":[{"taxonomy":"product_brand","embeddable":true,"href":"https:\/\/heartbrut.com\/fr\/wp-json\/wp\/v2\/product_brand?post=11342"},{"taxonomy":"product_cat","embeddable":true,"href":"https:\/\/heartbrut.com\/fr\/wp-json\/wp\/v2\/product_cat?post=11342"},{"taxonomy":"product_tag","embeddable":true,"href":"https:\/\/heartbrut.com\/fr\/wp-json\/wp\/v2\/product_tag?post=11342"}],"curies":[{"name":"wp","href":"https:\/\/api.w.org\/{rel}","templated":true}]}}