{"id":11347,"date":"2020-10-30T13:44:57","date_gmt":"2020-10-30T12:44:57","guid":{"rendered":"https:\/\/heartbrut.com\/?post_type=product&#038;p=11347"},"modified":"2025-12-02T14:27:56","modified_gmt":"2025-12-02T13:27:56","slug":"palaisdescongres-card-a6","status":"publish","type":"product","link":"https:\/\/heartbrut.com\/fr\/produit\/palaisdescongres-card-a6\/","title":{"rendered":"Palais des Congr\u00e8s Card A6 &#038; Envelope"},"content":{"rendered":"<p class=\"p1\">A touch of Brasili\u00e0 in Biel\/Bienne. Photographed by Karin B\u00fcrki, the card has a satin, soft touch finish and is printed on extra strong and tough paper. The back is suitable for writing on. The card includes a chic envelope made of premium white recycled paper. The perfect gift for all lovers of brutalist beauties from Switzerland.<\/p>","protected":false},"excerpt":{"rendered":"<p><span class=\"SanitizedHtml UserContent UserContent--quietBolds UserContent--size-small\">Une touche de Brasilia \u00e0 Biel \/ Bienne : le point d'exclamation architectural tout \u00e0 fait saisissant de Max Schlup a apport\u00e9 un modernisme de style international \u00e0 la ville bilingue des contreforts du sud du Jura. Doubl\u00e9 de centre de congr\u00e8s et de b\u00e2timent administratif (photo), le palais en b\u00e9ton dispose \u00e9galement d'une piscine int\u00e9rieure. Mais o\u00f9 m\u00e8nent les escaliers ? Imprim\u00e9e sur du papier extra fort, la carte a une finition soyeuse et douce au toucher. Elle inclut une enveloppe blanche de qualit\u00e9 sup\u00e9rieure.<strong>\u00a0<\/strong><\/span><\/p>\n<p><strong>Carte &amp; Enveloppe<\/strong><\/p>\n<p><strong>Dimensions :<\/strong> A6 (105 x 148 mm)<br \/>\n<strong>Poids :<\/strong> 350 gsm<br \/>\n<strong>Finition :<\/strong> Recto avec finition soft touch. Verso non lamin\u00e9 : vous pouvez \u00e9crire dessus.<br \/>\n<strong>Origine :<\/strong> Con\u00e7u \u00e0 Zurich, imprim\u00e9 \u00e0 Stratford, Londres<\/p>\n<p>&nbsp;<\/p>","protected":false},"featured_media":11350,"template":"","meta":{"_acf_changed":false,"_monsterinsights_skip_tracking":false,"_monsterinsights_sitenote_active":false,"_monsterinsights_sitenote_note":"","_monsterinsights_sitenote_category":0,"_wp_rev_ctl_limit":""},"product_brand":[],"product_cat":[61,19,46],"product_tag":[32,184,254],"class_list":{"0":"post-11347","1":"product","2":"type-product","3":"status-publish","4":"has-post-thumbnail","6":"product_cat-brutalistbeauties","7":"product_cat-cards","8":"product_cat-shop","9":"product_tag-brutalistbeauties","10":"product_tag-cards","11":"product_tag-palaisdecongres","13":"first","14":"instock","15":"featured","16":"purchasable","17":"product-type-simple"},"acf":[],"_links":{"self":[{"href":"https:\/\/heartbrut.com\/fr\/wp-json\/wp\/v2\/product\/11347","targetHints":{"allow":["GET"]}}],"collection":[{"href":"https:\/\/heartbrut.com\/fr\/wp-json\/wp\/v2\/product"}],"about":[{"href":"https:\/\/heartbrut.com\/fr\/wp-json\/wp\/v2\/types\/product"}],"version-history":[{"count":10,"href":"https:\/\/heartbrut.com\/fr\/wp-json\/wp\/v2\/product\/11347\/revisions"}],"predecessor-version":[{"id":38897,"href":"https:\/\/heartbrut.com\/fr\/wp-json\/wp\/v2\/product\/11347\/revisions\/38897"}],"wp:featuredmedia":[{"embeddable":true,"href":"https:\/\/heartbrut.com\/fr\/wp-json\/wp\/v2\/media\/11350"}],"wp:attachment":[{"href":"https:\/\/heartbrut.com\/fr\/wp-json\/wp\/v2\/media?parent=11347"}],"wp:term":[{"taxonomy":"product_brand","embeddable":true,"href":"https:\/\/heartbrut.com\/fr\/wp-json\/wp\/v2\/product_brand?post=11347"},{"taxonomy":"product_cat","embeddable":true,"href":"https:\/\/heartbrut.com\/fr\/wp-json\/wp\/v2\/product_cat?post=11347"},{"taxonomy":"product_tag","embeddable":true,"href":"https:\/\/heartbrut.com\/fr\/wp-json\/wp\/v2\/product_tag?post=11347"}],"curies":[{"name":"wp","href":"https:\/\/api.w.org\/{rel}","templated":true}]}}