{"id":14320,"date":"2021-11-10T13:20:21","date_gmt":"2021-11-10T12:20:21","guid":{"rendered":"https:\/\/heartbrut.com\/?post_type=product&#038;p=14320"},"modified":"2025-10-21T11:31:39","modified_gmt":"2025-10-21T09:31:39","slug":"betonschleife-card-a6","status":"publish","type":"product","link":"https:\/\/heartbrut.com\/fr\/produit\/betonschleife-card-a6\/","title":{"rendered":"Betonschleife Card A6"},"content":{"rendered":"","protected":false},"excerpt":{"rendered":"<p><span class=\"SanitizedHtml UserContent UserContent--quietBolds UserContent--size-small\">En 1977, Zurich \u00e9tait un endroit tr\u00e8s gris, surtout pour les jeunes. Puis la boucle de b\u00e9ton est arriv\u00e9e, apportant avec elle son lot de plaisir et de bonne humeur. La sculpture ludique install\u00e9e dans la cour de r\u00e9cr\u00e9ation de l'\u00e9cole Gr\u00fcnau ne ressemblait pas seulement \u00e0 des bandes de chewing-gum surdimensionn\u00e9es, elle a \u00e9galement servi de premi\u00e8re rampe de skate non officielle de la ville. Imprim\u00e9e sur du papier extra fort, la carte a une finition soyeuse et douce au toucher. Elle inclut une enveloppe blanche de qualit\u00e9 sup\u00e9rieure.<strong>\u00a0<\/strong><\/span><\/p>\n<p><strong>Carte &amp; Enveloppe<\/strong><\/p>\n<p><strong>Dimensions :<\/strong> A6 (105 x 148 mm)<br \/>\n<strong>Poids :<\/strong> 350 gsm<br \/>\n<strong>Finition :<\/strong> Recto avec finition soft touch. Verso non lamin\u00e9 : vous pouvez \u00e9crire dessus.<br \/>\n<strong>Origine :<\/strong> Con\u00e7u \u00e0 Zurich, imprim\u00e9 \u00e0 Stratford, Londres<\/p>\n<p>&nbsp;<\/p>\n<p>&nbsp;<\/p>","protected":false},"featured_media":15874,"template":"","meta":{"_acf_changed":false,"_monsterinsights_skip_tracking":false,"_monsterinsights_sitenote_active":false,"_monsterinsights_sitenote_note":"","_monsterinsights_sitenote_category":0,"_wp_rev_ctl_limit":""},"product_brand":[],"product_cat":[61,19,46],"product_tag":[245,32,184],"class_list":{"0":"post-14320","1":"product","2":"type-product","3":"status-publish","4":"has-post-thumbnail","6":"product_cat-brutalistbeauties","7":"product_cat-cards","8":"product_cat-shop","9":"product_tag-betonschleife","10":"product_tag-brutalistbeauties","11":"product_tag-cards","13":"first","14":"outofstock","15":"featured","16":"purchasable","17":"product-type-simple"},"acf":[],"_links":{"self":[{"href":"https:\/\/heartbrut.com\/fr\/wp-json\/wp\/v2\/product\/14320","targetHints":{"allow":["GET"]}}],"collection":[{"href":"https:\/\/heartbrut.com\/fr\/wp-json\/wp\/v2\/product"}],"about":[{"href":"https:\/\/heartbrut.com\/fr\/wp-json\/wp\/v2\/types\/product"}],"version-history":[{"count":5,"href":"https:\/\/heartbrut.com\/fr\/wp-json\/wp\/v2\/product\/14320\/revisions"}],"predecessor-version":[{"id":27954,"href":"https:\/\/heartbrut.com\/fr\/wp-json\/wp\/v2\/product\/14320\/revisions\/27954"}],"wp:featuredmedia":[{"embeddable":true,"href":"https:\/\/heartbrut.com\/fr\/wp-json\/wp\/v2\/media\/15874"}],"wp:attachment":[{"href":"https:\/\/heartbrut.com\/fr\/wp-json\/wp\/v2\/media?parent=14320"}],"wp:term":[{"taxonomy":"product_brand","embeddable":true,"href":"https:\/\/heartbrut.com\/fr\/wp-json\/wp\/v2\/product_brand?post=14320"},{"taxonomy":"product_cat","embeddable":true,"href":"https:\/\/heartbrut.com\/fr\/wp-json\/wp\/v2\/product_cat?post=14320"},{"taxonomy":"product_tag","embeddable":true,"href":"https:\/\/heartbrut.com\/fr\/wp-json\/wp\/v2\/product_tag?post=14320"}],"curies":[{"name":"wp","href":"https:\/\/api.w.org\/{rel}","templated":true}]}}