{"id":15680,"date":"2021-11-11T01:35:42","date_gmt":"2021-11-11T00:35:42","guid":{"rendered":"https:\/\/heartbrut.com\/?post_type=product&#038;p=15680"},"modified":"2025-11-28T20:33:52","modified_gmt":"2025-11-28T19:33:52","slug":"cartebrutezurich","status":"publish","type":"product","link":"https:\/\/heartbrut.com\/fr\/produit\/cartebrutezurich\/","title":{"rendered":"Carte Brute Zurich"},"content":{"rendered":"","protected":false},"excerpt":{"rendered":"<p class=\"p1\">Notre carte pliante pr\u00e9sente 40 ic\u00f4nes pionni\u00e8res en b\u00e9ton de tout le canton de Zurich. Des \u0153uvres anciennes, comme la salle \u00e0 colonnes du Mus\u00e9e national, c\u00f4toient les classiques du modernisme en b\u00e9ton. Les premiers chefs-d'\u0153uvre, comme la salle des colonnes du Mus\u00e9e national (1898), c\u00f4toient les classiques du brutalisme et les r\u00e9interpr\u00e9tations contemporaines qui allient design audacieux et conscience climatique. En outre, il y a une multitude de trouvailles \u00e0 d\u00e9couvrir. La beaut\u00e9 brutaliste la plus filigrane de Zurich \u2013 l\u2019aula R\u00e4mib\u00fchl aux courbes \u00e9l\u00e9gantes \u2013 orne le verso en format affiche.<\/p>","protected":false},"featured_media":37835,"template":"","meta":{"_acf_changed":false,"_monsterinsights_skip_tracking":false,"_monsterinsights_sitenote_active":false,"_monsterinsights_sitenote_note":"","_monsterinsights_sitenote_category":0,"_wp_rev_ctl_limit":""},"product_brand":[],"product_cat":[538,231],"product_tag":[253,232],"class_list":{"0":"post-15680","1":"product","2":"type-product","3":"status-publish","4":"has-post-thumbnail","6":"product_cat-cartebrutezurich","7":"product_cat-maps","8":"product_tag-cartebrutezurich","9":"product_tag-maps","11":"first","12":"instock","13":"featured","14":"taxable","15":"shipping-taxable","16":"purchasable","17":"product-type-simple"},"acf":[],"_links":{"self":[{"href":"https:\/\/heartbrut.com\/fr\/wp-json\/wp\/v2\/product\/15680","targetHints":{"allow":["GET"]}}],"collection":[{"href":"https:\/\/heartbrut.com\/fr\/wp-json\/wp\/v2\/product"}],"about":[{"href":"https:\/\/heartbrut.com\/fr\/wp-json\/wp\/v2\/types\/product"}],"version-history":[{"count":10,"href":"https:\/\/heartbrut.com\/fr\/wp-json\/wp\/v2\/product\/15680\/revisions"}],"predecessor-version":[{"id":38769,"href":"https:\/\/heartbrut.com\/fr\/wp-json\/wp\/v2\/product\/15680\/revisions\/38769"}],"wp:featuredmedia":[{"embeddable":true,"href":"https:\/\/heartbrut.com\/fr\/wp-json\/wp\/v2\/media\/37835"}],"wp:attachment":[{"href":"https:\/\/heartbrut.com\/fr\/wp-json\/wp\/v2\/media?parent=15680"}],"wp:term":[{"taxonomy":"product_brand","embeddable":true,"href":"https:\/\/heartbrut.com\/fr\/wp-json\/wp\/v2\/product_brand?post=15680"},{"taxonomy":"product_cat","embeddable":true,"href":"https:\/\/heartbrut.com\/fr\/wp-json\/wp\/v2\/product_cat?post=15680"},{"taxonomy":"product_tag","embeddable":true,"href":"https:\/\/heartbrut.com\/fr\/wp-json\/wp\/v2\/product_tag?post=15680"}],"curies":[{"name":"wp","href":"https:\/\/api.w.org\/{rel}","templated":true}]}}