{"id":22037,"date":"2022-11-04T22:14:42","date_gmt":"2022-11-04T21:14:42","guid":{"rendered":"https:\/\/heartbrut.com\/?post_type=product&#038;p=22037"},"modified":"2025-10-21T11:31:19","modified_gmt":"2025-10-21T09:31:19","slug":"hardau-2","status":"publish","type":"product","link":"https:\/\/heartbrut.com\/fr\/produit\/hardau-2\/","title":{"rendered":"Hardau Card No 2 A6"},"content":{"rendered":"","protected":false},"excerpt":{"rendered":"<p><span class=\"SanitizedHtml UserContent UserContent--quietBolds UserContent--size-small\">Manhattan meets the Mediterranean: Max P. Kollbrunner&#8217;s striking four residential towers made in terracotta-pigmented concrete from 1978 brought a touch of serenity and internationality to the then rather grey Zurich. Printed on extra strong and sturdy paper, our card from The Zurich Set edition has an incredibly silky, soft touch finish and comes complete with a chic envelope made of premium white recycled paper. The perfect gift for all lovers of brutalist beauties from Zurich.<strong>\u00a0<\/strong><\/span><\/p>\n<p><strong>Carte &amp; Enveloppe<\/strong><\/p>\n<p><strong>Dimensions :<\/strong> A6 (105 x 148 mm)<br \/>\n<strong>Poids :<\/strong> 350 gsm<br \/>\n<strong>Finition :<\/strong> Recto avec finition soft touch. Verso non lamin\u00e9 : vous pouvez \u00e9crire dessus.<br \/>\n<strong>Origine :<\/strong> Con\u00e7u \u00e0 Zurich, imprim\u00e9 \u00e0 Stratford, Londres<\/p>","protected":false},"featured_media":22068,"template":"","meta":{"_acf_changed":false,"_monsterinsights_skip_tracking":false,"_monsterinsights_sitenote_active":false,"_monsterinsights_sitenote_note":"","_monsterinsights_sitenote_category":0,"_wp_rev_ctl_limit":""},"product_brand":[],"product_cat":[19,46],"product_tag":[34],"class_list":{"0":"post-22037","1":"product","2":"type-product","3":"status-publish","4":"has-post-thumbnail","6":"product_cat-cards","7":"product_cat-shop","8":"product_tag-hardau","10":"first","11":"outofstock","12":"purchasable","13":"product-type-simple"},"acf":[],"_links":{"self":[{"href":"https:\/\/heartbrut.com\/fr\/wp-json\/wp\/v2\/product\/22037","targetHints":{"allow":["GET"]}}],"collection":[{"href":"https:\/\/heartbrut.com\/fr\/wp-json\/wp\/v2\/product"}],"about":[{"href":"https:\/\/heartbrut.com\/fr\/wp-json\/wp\/v2\/types\/product"}],"version-history":[{"count":10,"href":"https:\/\/heartbrut.com\/fr\/wp-json\/wp\/v2\/product\/22037\/revisions"}],"predecessor-version":[{"id":27950,"href":"https:\/\/heartbrut.com\/fr\/wp-json\/wp\/v2\/product\/22037\/revisions\/27950"}],"wp:featuredmedia":[{"embeddable":true,"href":"https:\/\/heartbrut.com\/fr\/wp-json\/wp\/v2\/media\/22068"}],"wp:attachment":[{"href":"https:\/\/heartbrut.com\/fr\/wp-json\/wp\/v2\/media?parent=22037"}],"wp:term":[{"taxonomy":"product_brand","embeddable":true,"href":"https:\/\/heartbrut.com\/fr\/wp-json\/wp\/v2\/product_brand?post=22037"},{"taxonomy":"product_cat","embeddable":true,"href":"https:\/\/heartbrut.com\/fr\/wp-json\/wp\/v2\/product_cat?post=22037"},{"taxonomy":"product_tag","embeddable":true,"href":"https:\/\/heartbrut.com\/fr\/wp-json\/wp\/v2\/product_tag?post=22037"}],"curies":[{"name":"wp","href":"https:\/\/api.w.org\/{rel}","templated":true}]}}