{"id":22078,"date":"2022-11-12T16:45:06","date_gmt":"2022-11-12T15:45:06","guid":{"rendered":"https:\/\/heartbrut.com\/?post_type=product&#038;p=22078"},"modified":"2025-10-21T11:30:54","modified_gmt":"2025-10-21T09:30:54","slug":"triemlitower-2","status":"publish","type":"product","link":"https:\/\/heartbrut.com\/fr\/produit\/triemlitower-2\/","title":{"rendered":"Triemli Tower Card No 2 A6"},"content":{"rendered":"","protected":false},"excerpt":{"rendered":"<p><span class=\"SanitizedHtml UserContent UserContent--quietBolds UserContent--size-small\">The stark monolith next to Triemli hospital is one of the most ruggedly brutalist buildings in Switzerland. No wonder Esther and Rudolf Guyer&#8217;s cult building boasts a large international fan base. Printed on extra strong and sturdy paper, our card from The Zurich Set edition has an incredibly silky, soft touch finish and comes complete with a chic envelope made of premium white recycled paper. The perfect gift for all lovers of brutalist beauties from Zurich.<br \/>\n<\/span><\/p>\n<p class=\"translation-block\"><strong>Dimensions:<\/strong> A6 (105 x 148 mm)<br>\n<strong>Poids:<\/strong> 350 gsm<br>\n<strong>Finition:<\/strong> recto avec finition soft touch, le verso est non lamin\u00e9 : vous pouvez \u00e9crire dessus.<br>\n<strong>Origine:<\/strong> con\u00e7u \u00e0 Zurich, imprim\u00e9 \u00e0 Stratford, Londres<\/p>","protected":false},"featured_media":22083,"template":"","meta":{"_acf_changed":false,"_monsterinsights_skip_tracking":false,"_monsterinsights_sitenote_active":false,"_monsterinsights_sitenote_note":"","_monsterinsights_sitenote_category":0,"_wp_rev_ctl_limit":""},"product_brand":[],"product_cat":[19],"product_tag":[38,322],"class_list":{"0":"post-22078","1":"product","2":"type-product","3":"status-publish","4":"has-post-thumbnail","6":"product_cat-cards","7":"product_tag-triemlitower","8":"product_tag-zurich","10":"first","11":"outofstock","12":"purchasable","13":"product-type-simple"},"acf":[],"_links":{"self":[{"href":"https:\/\/heartbrut.com\/fr\/wp-json\/wp\/v2\/product\/22078","targetHints":{"allow":["GET"]}}],"collection":[{"href":"https:\/\/heartbrut.com\/fr\/wp-json\/wp\/v2\/product"}],"about":[{"href":"https:\/\/heartbrut.com\/fr\/wp-json\/wp\/v2\/types\/product"}],"version-history":[{"count":5,"href":"https:\/\/heartbrut.com\/fr\/wp-json\/wp\/v2\/product\/22078\/revisions"}],"predecessor-version":[{"id":27948,"href":"https:\/\/heartbrut.com\/fr\/wp-json\/wp\/v2\/product\/22078\/revisions\/27948"}],"wp:featuredmedia":[{"embeddable":true,"href":"https:\/\/heartbrut.com\/fr\/wp-json\/wp\/v2\/media\/22083"}],"wp:attachment":[{"href":"https:\/\/heartbrut.com\/fr\/wp-json\/wp\/v2\/media?parent=22078"}],"wp:term":[{"taxonomy":"product_brand","embeddable":true,"href":"https:\/\/heartbrut.com\/fr\/wp-json\/wp\/v2\/product_brand?post=22078"},{"taxonomy":"product_cat","embeddable":true,"href":"https:\/\/heartbrut.com\/fr\/wp-json\/wp\/v2\/product_cat?post=22078"},{"taxonomy":"product_tag","embeddable":true,"href":"https:\/\/heartbrut.com\/fr\/wp-json\/wp\/v2\/product_tag?post=22078"}],"curies":[{"name":"wp","href":"https:\/\/api.w.org\/{rel}","templated":true}]}}