{"id":22088,"date":"2024-11-22T17:35:56","date_gmt":"2024-11-22T16:35:56","guid":{"rendered":"https:\/\/heartbrut.com\/?post_type=product&#038;p=22088"},"modified":"2025-11-28T17:54:13","modified_gmt":"2025-11-28T16:54:13","slug":"aularaemibuehl-a6","status":"publish","type":"product","link":"https:\/\/heartbrut.com\/fr\/produit\/aularaemibuehl-a6\/","title":{"rendered":"Aula R\u00e4mib\u00fchl Card A6 &#038; Envelope"},"content":{"rendered":"<p>Its folds form one of the most elegant concrete origamis in the world. Photographed by Karin B\u00fcrki, the card has a satin, soft touch finish and is printed on extra strong and tough paper. The back is suitable for writing on. The card includes a chic envelope made of premium white recycled paper. The perfect gift for all lovers of brutalist beauties from Switzerland.<\/p>","protected":false},"excerpt":{"rendered":"<p class=\"p1\">The gently curved Aula R\u00e4mib\u00fchl auditorium by Eduard Neuenschwander in Zurich proves that brutalism can be bold and delicate at the same time. Photographed by Karin B\u00fcrki, our card has a satin, soft-touch finish and is printed on extra-strong and tough paper. It comes with a chic envelope made of premium white recycled paper. The perfect gift for all lovers of brutalist beauties from Zurich.<\/p>\n<p><strong>Carte &amp; Enveloppe<br \/>\n<\/strong><\/p>\n<p class=\"translation-block\"><strong>Dimensions:<\/strong> A6 (105 x 148 mm)<br>\n<strong>Poids:<\/strong> 350 gsm<br>\n<strong>Finition:<\/strong> recto avec finition soft touch, le verso est non lamin\u00e9 : vous pouvez \u00e9crire dessus.<br>\n<strong>Origine:<\/strong> con\u00e7u \u00e0 Zurich, imprim\u00e9 \u00e0 Stratford, Londres<\/p>","protected":false},"featured_media":32270,"template":"","meta":{"_acf_changed":false,"_monsterinsights_skip_tracking":false,"_monsterinsights_sitenote_active":false,"_monsterinsights_sitenote_note":"","_monsterinsights_sitenote_category":0,"_wp_rev_ctl_limit":""},"product_brand":[],"product_cat":[535,19,46],"product_tag":[323,322],"class_list":{"0":"post-22088","1":"product","2":"type-product","3":"status-publish","4":"has-post-thumbnail","6":"product_cat-aularaemibuehl-card-a6","7":"product_cat-cards","8":"product_cat-shop","9":"product_tag-aula-ramibuhl","10":"product_tag-zurich","12":"first","13":"instock","14":"purchasable","15":"product-type-simple"},"acf":[],"_links":{"self":[{"href":"https:\/\/heartbrut.com\/fr\/wp-json\/wp\/v2\/product\/22088","targetHints":{"allow":["GET"]}}],"collection":[{"href":"https:\/\/heartbrut.com\/fr\/wp-json\/wp\/v2\/product"}],"about":[{"href":"https:\/\/heartbrut.com\/fr\/wp-json\/wp\/v2\/types\/product"}],"version-history":[{"count":10,"href":"https:\/\/heartbrut.com\/fr\/wp-json\/wp\/v2\/product\/22088\/revisions"}],"predecessor-version":[{"id":38699,"href":"https:\/\/heartbrut.com\/fr\/wp-json\/wp\/v2\/product\/22088\/revisions\/38699"}],"wp:featuredmedia":[{"embeddable":true,"href":"https:\/\/heartbrut.com\/fr\/wp-json\/wp\/v2\/media\/32270"}],"wp:attachment":[{"href":"https:\/\/heartbrut.com\/fr\/wp-json\/wp\/v2\/media?parent=22088"}],"wp:term":[{"taxonomy":"product_brand","embeddable":true,"href":"https:\/\/heartbrut.com\/fr\/wp-json\/wp\/v2\/product_brand?post=22088"},{"taxonomy":"product_cat","embeddable":true,"href":"https:\/\/heartbrut.com\/fr\/wp-json\/wp\/v2\/product_cat?post=22088"},{"taxonomy":"product_tag","embeddable":true,"href":"https:\/\/heartbrut.com\/fr\/wp-json\/wp\/v2\/product_tag?post=22088"}],"curies":[{"name":"wp","href":"https:\/\/api.w.org\/{rel}","templated":true}]}}