{"id":22092,"date":"2022-11-12T17:26:08","date_gmt":"2022-11-12T16:26:08","guid":{"rendered":"https:\/\/heartbrut.com\/?post_type=product&#038;p=22092"},"modified":"2024-11-23T09:04:42","modified_gmt":"2024-11-23T08:04:42","slug":"thezurichset","status":"publish","type":"product","link":"https:\/\/heartbrut.com\/fr\/produit\/thezurichset\/","title":{"rendered":"The Zurich Set"},"content":{"rendered":"","protected":false},"excerpt":{"rendered":"<p>Our new card set unites four striking brutalist icons from Zurich: tough Triemli Tower meets the filigree poetics of the Aula R\u00e4mib\u00fchl auditorium, while the terracotta-coloured Hardau Towers encounter contemporary brute exclamation mark Swissmill Tower.<\/p>\n<p>Photographed by Karin B\u00fcrki and printed on extra strong and sturdy paper, the small-run Zurich Set has an incredibly silky, soft touch finish and comes complete with four chic envelopes made of premium white recycled paper. All featured cards are also available individually. Set or single? Our new edition is the perfect gift for all lovers of brutalist beauties from Zurich.<\/p>\n<p><strong>Set of 4 Cards<\/strong><br \/>\n<strong>Dimensions :<\/strong> A6 (105 x 148 mm)<br \/>\n<strong>Poids :<\/strong> 350 gsm<br \/>\n<strong>Finition :<\/strong> recto soft-touch, verso non couch\u00e9, convient pour l'\u00e9criture.<br \/>\n<strong>Origine :<\/strong> Con\u00e7u \u00e0 Zurich, imprim\u00e9 \u00e0 Stratford, Londres<\/p>\n<p><strong>Objets<\/strong><br \/>\n<strong>Aula R\u00e4mib\u00fchl <\/strong>Eduard Neuenschwander, 1970<br \/>\n<strong>Tour Triemli\u00a0 <\/strong>Esther + Rudolf Guyer, 1966<br \/>\n<strong>Tour Swissmill<\/strong> Harder Haas Partner, 2016<br \/>\n<strong>Hardau <\/strong>Max P. Kollbrunner, 1978<\/p>","protected":false},"featured_media":24544,"template":"","meta":{"_acf_changed":false,"_monsterinsights_skip_tracking":false,"_monsterinsights_sitenote_active":false,"_monsterinsights_sitenote_note":"","_monsterinsights_sitenote_category":0,"_wp_rev_ctl_limit":""},"product_brand":[],"product_cat":[61,19,324],"product_tag":[323,34,36,325,38],"class_list":{"0":"post-22092","1":"product","2":"type-product","3":"status-publish","4":"has-post-thumbnail","6":"product_cat-brutalistbeauties","7":"product_cat-cards","8":"product_cat-thezurichset","9":"product_tag-aula-ramibuhl","10":"product_tag-hardau","11":"product_tag-swissmilltower","12":"product_tag-the-zurich-set","13":"product_tag-triemlitower","15":"first","16":"outofstock","17":"purchasable","18":"product-type-simple"},"acf":[],"_links":{"self":[{"href":"https:\/\/heartbrut.com\/fr\/wp-json\/wp\/v2\/product\/22092","targetHints":{"allow":["GET"]}}],"collection":[{"href":"https:\/\/heartbrut.com\/fr\/wp-json\/wp\/v2\/product"}],"about":[{"href":"https:\/\/heartbrut.com\/fr\/wp-json\/wp\/v2\/types\/product"}],"version-history":[{"count":10,"href":"https:\/\/heartbrut.com\/fr\/wp-json\/wp\/v2\/product\/22092\/revisions"}],"predecessor-version":[{"id":22646,"href":"https:\/\/heartbrut.com\/fr\/wp-json\/wp\/v2\/product\/22092\/revisions\/22646"}],"wp:featuredmedia":[{"embeddable":true,"href":"https:\/\/heartbrut.com\/fr\/wp-json\/wp\/v2\/media\/24544"}],"wp:attachment":[{"href":"https:\/\/heartbrut.com\/fr\/wp-json\/wp\/v2\/media?parent=22092"}],"wp:term":[{"taxonomy":"product_brand","embeddable":true,"href":"https:\/\/heartbrut.com\/fr\/wp-json\/wp\/v2\/product_brand?post=22092"},{"taxonomy":"product_cat","embeddable":true,"href":"https:\/\/heartbrut.com\/fr\/wp-json\/wp\/v2\/product_cat?post=22092"},{"taxonomy":"product_tag","embeddable":true,"href":"https:\/\/heartbrut.com\/fr\/wp-json\/wp\/v2\/product_tag?post=22092"}],"curies":[{"name":"wp","href":"https:\/\/api.w.org\/{rel}","templated":true}]}}