{"id":29332,"date":"2023-10-31T17:24:48","date_gmt":"2023-10-31T16:24:48","guid":{"rendered":"https:\/\/heartbrut.com\/?post_type=product&#038;p=29332"},"modified":"2024-11-23T13:28:01","modified_gmt":"2024-11-23T12:28:01","slug":"thealpineset","status":"publish","type":"product","link":"https:\/\/heartbrut.com\/fr\/produit\/thealpineset\/","title":{"rendered":"The Alpine Set"},"content":{"rendered":"","protected":false},"excerpt":{"rendered":"<p class=\"p1\">This card set presents three striking architectural exclamation marks from Graub\u00fcnden: Barozzi Veiga&#8217;s purist B\u00fcndner Kunstmuseum meets the spaceship-style ventilation shaft on San Bernardino Pass, while the glorious, but now deconstructed red theatre tower on Julier Pass lives on in postcard format.<\/p>\n<p>Photographed by Karin B\u00fcrki and printed on extra strong and sturdy paper, the small-run Alpine Set has an incredibly silky, soft touch finish and comes complete with three chic envelopes made of premium white recycled paper. All cards are also available individually. Set or single? Our new edition is the perfect gift for all lovers of Alpine beauties from Graub\u00fcnden.<\/p>\n<p><strong>Ensemble de 3 Cartes<\/strong><br \/>\n<strong>Dimensions :<\/strong> A6 (105 x 148 mm)<br \/>\n<strong>Poids :<\/strong> 350 gsm<br \/>\n<strong>Finition :<\/strong> recto soft-touch, verso non couch\u00e9, convient pour l'\u00e9criture.<br \/>\n<strong>Origine :<\/strong> Con\u00e7u \u00e0 Zurich, imprim\u00e9 \u00e0 Stratford, Londres<\/p>\n<p><strong>Objets<\/strong><br \/>\n<strong>Julierturm <\/strong>Julier Pass, 2017<br \/>\n<strong>B\u00fcndner Kunstmuseum <\/strong>Chur, 2016<br \/>\n<strong>Entl\u00fcftungsanlage San Bernardino<\/strong> San Bernardino Pass, 1967<\/p>","protected":false},"featured_media":0,"template":"","meta":{"_acf_changed":false,"_monsterinsights_skip_tracking":false,"_monsterinsights_sitenote_active":false,"_monsterinsights_sitenote_note":"","_monsterinsights_sitenote_category":0,"_wp_rev_ctl_limit":""},"product_brand":[],"product_cat":[61,19,46],"product_tag":[457,456,455,458],"class_list":{"0":"post-29332","1":"product","2":"type-product","3":"status-publish","5":"product_cat-brutalistbeauties","6":"product_cat-cards","7":"product_cat-shop","8":"product_tag-bundner-kunstmuseum-chur","9":"product_tag-entluftungsanlage-san-bernardino","10":"product_tag-julierturm","11":"product_tag-the-alpine-set","13":"first","14":"outofstock","15":"purchasable","16":"product-type-simple"},"acf":[],"_links":{"self":[{"href":"https:\/\/heartbrut.com\/fr\/wp-json\/wp\/v2\/product\/29332","targetHints":{"allow":["GET"]}}],"collection":[{"href":"https:\/\/heartbrut.com\/fr\/wp-json\/wp\/v2\/product"}],"about":[{"href":"https:\/\/heartbrut.com\/fr\/wp-json\/wp\/v2\/types\/product"}],"version-history":[{"count":7,"href":"https:\/\/heartbrut.com\/fr\/wp-json\/wp\/v2\/product\/29332\/revisions"}],"predecessor-version":[{"id":29346,"href":"https:\/\/heartbrut.com\/fr\/wp-json\/wp\/v2\/product\/29332\/revisions\/29346"}],"wp:attachment":[{"href":"https:\/\/heartbrut.com\/fr\/wp-json\/wp\/v2\/media?parent=29332"}],"wp:term":[{"taxonomy":"product_brand","embeddable":true,"href":"https:\/\/heartbrut.com\/fr\/wp-json\/wp\/v2\/product_brand?post=29332"},{"taxonomy":"product_cat","embeddable":true,"href":"https:\/\/heartbrut.com\/fr\/wp-json\/wp\/v2\/product_cat?post=29332"},{"taxonomy":"product_tag","embeddable":true,"href":"https:\/\/heartbrut.com\/fr\/wp-json\/wp\/v2\/product_tag?post=29332"}],"curies":[{"name":"wp","href":"https:\/\/api.w.org\/{rel}","templated":true}]}}