{"id":29349,"date":"2023-10-31T21:21:36","date_gmt":"2023-10-31T20:21:36","guid":{"rendered":"https:\/\/heartbrut.com\/?post_type=product&#038;p=29349"},"modified":"2025-10-21T11:30:41","modified_gmt":"2025-10-21T09:30:41","slug":"juliertower-card-a6","status":"publish","type":"product","link":"https:\/\/heartbrut.com\/fr\/produit\/juliertower-card-a6\/","title":{"rendered":"Julier Tower Card A6"},"content":{"rendered":"","protected":false},"excerpt":{"rendered":"<p class=\"p1 translation-block\">The iconic red theatre tower on Julier Pass has achieved cult status in Graub\u00fcnden and beyond. <span class=\"SanitizedHtml UserContent UserContent--quietBolds UserContent--size-small\">Deconstructed in late Summer 2023 it lives on as a postcard. Printed on extra strong and sturdy paper, our card from The Alpine Set edition has an incredibly silky, soft touch finish and comes complete with a chic envelope made of premium white recycled paper. The perfect gift for all lovers of Alpine beauties from Graub\u00fcnden.<\/span><\/p>\n<p><strong>Carte &amp; Enveloppe<br \/>\n<\/strong><\/p>\n<p class=\"translation-block\"><strong>Dimensions:<\/strong> A6 (105 x 148 mm)<br>\n<strong>Poids:<\/strong> 350 gsm<br>\n<strong>Finition:<\/strong> recto avec finition soft touch, le verso est non lamin\u00e9 : vous pouvez \u00e9crire dessus.<br>\n<strong>Origine:<\/strong> con\u00e7u \u00e0 Zurich, imprim\u00e9 \u00e0 Stratford, Londres<\/p>","protected":false},"featured_media":29343,"template":"","meta":{"_acf_changed":false,"_monsterinsights_skip_tracking":false,"_monsterinsights_sitenote_active":false,"_monsterinsights_sitenote_note":"","_monsterinsights_sitenote_category":0,"_wp_rev_ctl_limit":""},"product_brand":[],"product_cat":[19,46],"product_tag":[459,455,458],"class_list":{"0":"post-29349","1":"product","2":"type-product","3":"status-publish","4":"has-post-thumbnail","6":"product_cat-cards","7":"product_cat-shop","8":"product_tag-graubunden","9":"product_tag-julierturm","10":"product_tag-the-alpine-set","12":"first","13":"outofstock","14":"purchasable","15":"product-type-simple"},"acf":[],"_links":{"self":[{"href":"https:\/\/heartbrut.com\/fr\/wp-json\/wp\/v2\/product\/29349","targetHints":{"allow":["GET"]}}],"collection":[{"href":"https:\/\/heartbrut.com\/fr\/wp-json\/wp\/v2\/product"}],"about":[{"href":"https:\/\/heartbrut.com\/fr\/wp-json\/wp\/v2\/types\/product"}],"version-history":[{"count":2,"href":"https:\/\/heartbrut.com\/fr\/wp-json\/wp\/v2\/product\/29349\/revisions"}],"predecessor-version":[{"id":29352,"href":"https:\/\/heartbrut.com\/fr\/wp-json\/wp\/v2\/product\/29349\/revisions\/29352"}],"wp:featuredmedia":[{"embeddable":true,"href":"https:\/\/heartbrut.com\/fr\/wp-json\/wp\/v2\/media\/29343"}],"wp:attachment":[{"href":"https:\/\/heartbrut.com\/fr\/wp-json\/wp\/v2\/media?parent=29349"}],"wp:term":[{"taxonomy":"product_brand","embeddable":true,"href":"https:\/\/heartbrut.com\/fr\/wp-json\/wp\/v2\/product_brand?post=29349"},{"taxonomy":"product_cat","embeddable":true,"href":"https:\/\/heartbrut.com\/fr\/wp-json\/wp\/v2\/product_cat?post=29349"},{"taxonomy":"product_tag","embeddable":true,"href":"https:\/\/heartbrut.com\/fr\/wp-json\/wp\/v2\/product_tag?post=29349"}],"curies":[{"name":"wp","href":"https:\/\/api.w.org\/{rel}","templated":true}]}}