{"id":3177,"date":"2019-04-25T08:03:43","date_gmt":"2019-04-25T06:03:43","guid":{"rendered":"https:\/\/heartbrut.com\/?post_type=product&#038;p=3177"},"modified":"2025-10-17T01:32:47","modified_gmt":"2025-10-16T23:32:47","slug":"autosilo-balestra-card-print-a5","status":"publish","type":"product","link":"https:\/\/heartbrut.com\/fr\/produit\/autosilo-balestra-card-print-a5\/","title":{"rendered":"Autosilo Balestra Card Print A5 Signed &#038; Numbered Edition of 100"},"content":{"rendered":"","protected":false},"excerpt":{"rendered":"<p><span class=\"SanitizedHtml UserContent UserContent--quietBolds UserContent--size-small\">L'Autosilo Balestra est un parking embl\u00e9matique et brutaliste de plusieurs \u00e9tages situ\u00e9 dans le quartier financier de Lugano. Sa construction de style forteresse et ses lignes en zigzag sont peut-\u00eatre battues par les intemp\u00e9ries, mais ce vestige de l'\u00e2ge de la voiture est l\u00e0 pour durer. Cette \u00e9dition sp\u00e9ciale de 100 cartes sign\u00e9es et num\u00e9rot\u00e9es est imprim\u00e9e sur du papier super r\u00e9sistant et robuste et est livr\u00e9e avec une finition incroyablement lisse et douce au toucher.\u00a0 <\/span><\/p>\n<p class=\"translation-block\"><strong>Autosilo Balestra<\/strong><br>\n<strong>Edition de 100 I <\/strong><strong>Signe\u00e9 et num\u00e9rot\u00e9e<br>\n<\/strong><\/p>\n<p class=\"translation-block\"><strong>Dimensions:<\/strong> A5 (148 x 210mm)<br>\n<strong>Poids:<\/strong> 350 gsm<br>\n<strong>Finition:<\/strong> recto avec finition soft touch, le verso est non lamin\u00e9 : vous pouvez \u00e9crire dessus.<br>\n<strong>Origine:<\/strong> con\u00e7u \u00e0 Zurich, imprim\u00e9 \u00e0 Stratford, Londres<\/p>\n<p class=\"translation-block\"><strong>Style &amp; Fit :<\/strong> Autosilo Balestra rendra tout bureau, buffet ou mur heureux. Astuce pro: ajoutez un passe-partout et un cadre pour un impact suppl\u00e9mentaire.<\/p>","protected":false},"featured_media":4086,"template":"","meta":{"_acf_changed":false,"_monsterinsights_skip_tracking":false,"_monsterinsights_sitenote_active":false,"_monsterinsights_sitenote_note":"","_monsterinsights_sitenote_category":0,"_wp_rev_ctl_limit":""},"product_brand":[],"product_cat":[61,20,46],"product_tag":[92,32],"class_list":{"0":"post-3177","1":"product","2":"type-product","3":"status-publish","4":"has-post-thumbnail","6":"product_cat-brutalistbeauties","7":"product_cat-prints","8":"product_cat-shop","9":"product_tag-bigcard","10":"product_tag-brutalistbeauties","12":"first","13":"outofstock","14":"purchasable","15":"product-type-simple"},"acf":[],"_links":{"self":[{"href":"https:\/\/heartbrut.com\/fr\/wp-json\/wp\/v2\/product\/3177","targetHints":{"allow":["GET"]}}],"collection":[{"href":"https:\/\/heartbrut.com\/fr\/wp-json\/wp\/v2\/product"}],"about":[{"href":"https:\/\/heartbrut.com\/fr\/wp-json\/wp\/v2\/types\/product"}],"version-history":[{"count":10,"href":"https:\/\/heartbrut.com\/fr\/wp-json\/wp\/v2\/product\/3177\/revisions"}],"predecessor-version":[{"id":37460,"href":"https:\/\/heartbrut.com\/fr\/wp-json\/wp\/v2\/product\/3177\/revisions\/37460"}],"wp:featuredmedia":[{"embeddable":true,"href":"https:\/\/heartbrut.com\/fr\/wp-json\/wp\/v2\/media\/4086"}],"wp:attachment":[{"href":"https:\/\/heartbrut.com\/fr\/wp-json\/wp\/v2\/media?parent=3177"}],"wp:term":[{"taxonomy":"product_brand","embeddable":true,"href":"https:\/\/heartbrut.com\/fr\/wp-json\/wp\/v2\/product_brand?post=3177"},{"taxonomy":"product_cat","embeddable":true,"href":"https:\/\/heartbrut.com\/fr\/wp-json\/wp\/v2\/product_cat?post=3177"},{"taxonomy":"product_tag","embeddable":true,"href":"https:\/\/heartbrut.com\/fr\/wp-json\/wp\/v2\/product_tag?post=3177"}],"curies":[{"name":"wp","href":"https:\/\/api.w.org\/{rel}","templated":true}]}}