{"id":37742,"date":"2025-10-15T06:27:27","date_gmt":"2025-10-15T04:27:27","guid":{"rendered":"https:\/\/heartbrut.com\/?post_type=product&#038;p=37742"},"modified":"2025-10-21T18:42:47","modified_gmt":"2025-10-21T16:42:47","slug":"thenudes-no1","status":"publish","type":"product","link":"https:\/\/heartbrut.com\/fr\/produit\/thenudes-no1\/","title":{"rendered":"The Nudes No 1"},"content":{"rendered":"","protected":false},"excerpt":{"rendered":"<p class=\"p1\">Little Helsinki in Zurich: the organically curved R\u00e4mib\u00fchl auditorium proves that brutalism can also be delicate and poetic. Photographed by Karin B\u00fcrki, the print has a luxe pearl mat finish and is available in a signed and numbered edition of 5.<\/p>","protected":false},"featured_media":37740,"template":"","meta":{"_acf_changed":false,"_monsterinsights_skip_tracking":false,"_monsterinsights_sitenote_active":false,"_monsterinsights_sitenote_note":"","_monsterinsights_sitenote_category":0,"_wp_rev_ctl_limit":""},"product_brand":[],"product_cat":[543,20],"product_tag":[],"class_list":{"0":"post-37742","1":"product","2":"type-product","3":"status-publish","4":"has-post-thumbnail","6":"product_cat-fineartprints","7":"product_cat-prints","9":"first","10":"instock","11":"purchasable","12":"product-type-simple"},"acf":[],"_links":{"self":[{"href":"https:\/\/heartbrut.com\/fr\/wp-json\/wp\/v2\/product\/37742","targetHints":{"allow":["GET"]}}],"collection":[{"href":"https:\/\/heartbrut.com\/fr\/wp-json\/wp\/v2\/product"}],"about":[{"href":"https:\/\/heartbrut.com\/fr\/wp-json\/wp\/v2\/types\/product"}],"version-history":[{"count":1,"href":"https:\/\/heartbrut.com\/fr\/wp-json\/wp\/v2\/product\/37742\/revisions"}],"predecessor-version":[{"id":37743,"href":"https:\/\/heartbrut.com\/fr\/wp-json\/wp\/v2\/product\/37742\/revisions\/37743"}],"wp:featuredmedia":[{"embeddable":true,"href":"https:\/\/heartbrut.com\/fr\/wp-json\/wp\/v2\/media\/37740"}],"wp:attachment":[{"href":"https:\/\/heartbrut.com\/fr\/wp-json\/wp\/v2\/media?parent=37742"}],"wp:term":[{"taxonomy":"product_brand","embeddable":true,"href":"https:\/\/heartbrut.com\/fr\/wp-json\/wp\/v2\/product_brand?post=37742"},{"taxonomy":"product_cat","embeddable":true,"href":"https:\/\/heartbrut.com\/fr\/wp-json\/wp\/v2\/product_cat?post=37742"},{"taxonomy":"product_tag","embeddable":true,"href":"https:\/\/heartbrut.com\/fr\/wp-json\/wp\/v2\/product_tag?post=37742"}],"curies":[{"name":"wp","href":"https:\/\/api.w.org\/{rel}","templated":true}]}}