{"id":37752,"date":"2025-10-15T08:55:16","date_gmt":"2025-10-15T06:55:16","guid":{"rendered":"https:\/\/heartbrut.com\/?post_type=product&#038;p=37752"},"modified":"2025-11-28T17:51:27","modified_gmt":"2025-11-28T16:51:27","slug":"aularaemibuehl-a5","status":"publish","type":"product","link":"https:\/\/heartbrut.com\/fr\/produit\/aularaemibuehl-a5\/","title":{"rendered":"Aula R\u00e4mib\u00fchl Card A5 &#038; Envelope"},"content":{"rendered":"<p class=\"p1\">Little Helsinki in Zurich: the organically curved R\u00e4mib\u00fchl auditorium proves that brutalism can also be delicate and poetic. Photographed by Karin B\u00fcrki, the card has a satin, soft touch finish and is printed on extra strong and tough paper. The back is suitable for writing on. The small-run card edition includes a chic envelope made of premium white recycled paper. The perfect gift for all lovers of brutalism and anyone who loves a minimalist aesthetics with an edge.<\/p>","protected":false},"excerpt":{"rendered":"<p>Little Helsinki in Zurich: the organically curved R\u00e4mib\u00fchl auditorium proves that brutalism can also be delicate and poetic. Photographed by Karin B\u00fcrki, the card has a satin, soft touch finish and is printed on extra strong and tough paper. The back is suitable for writing on. The small-run card edition includes a chic envelope made [&hellip;]<\/p>\n","protected":false},"featured_media":37753,"template":"","meta":{"_acf_changed":false,"_monsterinsights_skip_tracking":false,"_monsterinsights_sitenote_active":false,"_monsterinsights_sitenote_note":"","_monsterinsights_sitenote_category":0,"_wp_rev_ctl_limit":""},"product_brand":[],"product_cat":[547,19],"product_tag":[],"class_list":{"0":"post-37752","1":"product","2":"type-product","3":"status-publish","4":"has-post-thumbnail","6":"product_cat-aularaemibuehl-card-a5","7":"product_cat-cards","9":"first","10":"instock","11":"purchasable","12":"product-type-simple"},"acf":[],"_links":{"self":[{"href":"https:\/\/heartbrut.com\/fr\/wp-json\/wp\/v2\/product\/37752","targetHints":{"allow":["GET"]}}],"collection":[{"href":"https:\/\/heartbrut.com\/fr\/wp-json\/wp\/v2\/product"}],"about":[{"href":"https:\/\/heartbrut.com\/fr\/wp-json\/wp\/v2\/types\/product"}],"version-history":[{"count":9,"href":"https:\/\/heartbrut.com\/fr\/wp-json\/wp\/v2\/product\/37752\/revisions"}],"predecessor-version":[{"id":38750,"href":"https:\/\/heartbrut.com\/fr\/wp-json\/wp\/v2\/product\/37752\/revisions\/38750"}],"wp:featuredmedia":[{"embeddable":true,"href":"https:\/\/heartbrut.com\/fr\/wp-json\/wp\/v2\/media\/37753"}],"wp:attachment":[{"href":"https:\/\/heartbrut.com\/fr\/wp-json\/wp\/v2\/media?parent=37752"}],"wp:term":[{"taxonomy":"product_brand","embeddable":true,"href":"https:\/\/heartbrut.com\/fr\/wp-json\/wp\/v2\/product_brand?post=37752"},{"taxonomy":"product_cat","embeddable":true,"href":"https:\/\/heartbrut.com\/fr\/wp-json\/wp\/v2\/product_cat?post=37752"},{"taxonomy":"product_tag","embeddable":true,"href":"https:\/\/heartbrut.com\/fr\/wp-json\/wp\/v2\/product_tag?post=37752"}],"curies":[{"name":"wp","href":"https:\/\/api.w.org\/{rel}","templated":true}]}}