{"id":4515,"date":"2019-04-24T19:58:22","date_gmt":"2019-04-24T17:58:22","guid":{"rendered":"https:\/\/heartbrut.com\/?post_type=product&#038;p=4515"},"modified":"2022-01-15T16:11:20","modified_gmt":"2022-01-15T15:11:20","slug":"swissmilltower-card-a6","status":"publish","type":"product","link":"https:\/\/heartbrut.com\/fr\/produit\/swissmilltower-card-a6\/","title":{"rendered":"Swissmill Tower Card A6"},"content":{"rendered":"","protected":false},"excerpt":{"rendered":"<p class=\"translation-block\">Situ\u00e9e dans le quartier branch\u00e9 5 de Zurich, la Swissmill Tower est le plus grand silo \u00e0 grains en activit\u00e9 au monde. V\u00e9ritable brutaliste contemporaine, elle expose impitoyablement sa fonction industrielle. Notre carte capture sa beaut\u00e9 \u00e9pur\u00e9e et tranchante dans un noir et blanc \u00e9l\u00e9gant. Imprim\u00e9 sur papier extra fort, il a une finition soyeuse et douce au toucher. Elle inclut une enveloppe blanche de qualit\u00e9 sup\u00e9rieure.<\/p>\n<p><strong>Carte &amp; Enveloppe<br \/>\n<\/strong><\/p>\n<p class=\"translation-block\"><strong>Dimensions:<\/strong> A6 (105 x 148 mm)<br>\n<strong>Poids:<\/strong> 350 gsm<br>\n<strong>Finition:<\/strong> recto avec finition soft touch, le verso est non lamin\u00e9 : vous pouvez \u00e9crire dessus.<br>\n<strong>Origine:<\/strong> con\u00e7u \u00e0 Zurich, imprim\u00e9 \u00e0 Stratford, Londres<\/p>\n<p><strong>Informations de livraison <\/strong>Nous utilisons La Poste suisse pour les envois nationaux et internationaux. Les d\u00e9lais de livraison standard sont de 3 jours ouvrables pour la Suisse, 5 jours pour l'Europe et jusqu'\u00e0 15 jours ouvrables pour les commandes pour des r\u00e9gions d'outre-mer. Les jours ouvrables sont du lundi au vendredi (hors jours f\u00e9ri\u00e9s). Une fois votre commande pass\u00e9e, une confirmation sera envoy\u00e9e \u00e0 l'adresse e-mail fournie lors du paiement. Pour les commandes internationales, des frais de douane suppl\u00e9mentaires peuvent \u00eatre appliqu\u00e9s selon la r\u00e8glementation du pays. Pour en savoir plus sur les commandes et les livraisons vous pouvez retrouver le service client.<\/p>","protected":false},"featured_media":5504,"template":"","meta":{"_acf_changed":false,"_monsterinsights_skip_tracking":false,"_monsterinsights_sitenote_active":false,"_monsterinsights_sitenote_note":"","_monsterinsights_sitenote_category":0,"_wp_rev_ctl_limit":""},"product_brand":[],"product_cat":[61,19,46],"product_tag":[32,184,36],"class_list":{"0":"post-4515","1":"product","2":"type-product","3":"status-publish","4":"has-post-thumbnail","6":"product_cat-brutalistbeauties","7":"product_cat-cards","8":"product_cat-shop","9":"product_tag-brutalistbeauties","10":"product_tag-cards","11":"product_tag-swissmilltower","13":"first","14":"outofstock","15":"purchasable","16":"product-type-simple"},"acf":[],"_links":{"self":[{"href":"https:\/\/heartbrut.com\/fr\/wp-json\/wp\/v2\/product\/4515","targetHints":{"allow":["GET"]}}],"collection":[{"href":"https:\/\/heartbrut.com\/fr\/wp-json\/wp\/v2\/product"}],"about":[{"href":"https:\/\/heartbrut.com\/fr\/wp-json\/wp\/v2\/types\/product"}],"version-history":[{"count":10,"href":"https:\/\/heartbrut.com\/fr\/wp-json\/wp\/v2\/product\/4515\/revisions"}],"predecessor-version":[{"id":6233,"href":"https:\/\/heartbrut.com\/fr\/wp-json\/wp\/v2\/product\/4515\/revisions\/6233"}],"wp:featuredmedia":[{"embeddable":true,"href":"https:\/\/heartbrut.com\/fr\/wp-json\/wp\/v2\/media\/5504"}],"wp:attachment":[{"href":"https:\/\/heartbrut.com\/fr\/wp-json\/wp\/v2\/media?parent=4515"}],"wp:term":[{"taxonomy":"product_brand","embeddable":true,"href":"https:\/\/heartbrut.com\/fr\/wp-json\/wp\/v2\/product_brand?post=4515"},{"taxonomy":"product_cat","embeddable":true,"href":"https:\/\/heartbrut.com\/fr\/wp-json\/wp\/v2\/product_cat?post=4515"},{"taxonomy":"product_tag","embeddable":true,"href":"https:\/\/heartbrut.com\/fr\/wp-json\/wp\/v2\/product_tag?post=4515"}],"curies":[{"name":"wp","href":"https:\/\/api.w.org\/{rel}","templated":true}]}}