{"id":4522,"date":"2019-04-24T20:02:31","date_gmt":"2019-04-24T18:02:31","guid":{"rendered":"https:\/\/heartbrut.com\/?post_type=product&#038;p=4522"},"modified":"2024-11-23T13:34:02","modified_gmt":"2024-11-23T12:34:02","slug":"hardaucarda6","status":"publish","type":"product","link":"https:\/\/heartbrut.com\/fr\/produit\/hardaucarda6\/","title":{"rendered":"Hardau Card A6"},"content":{"rendered":"","protected":false},"excerpt":{"rendered":"<p><span class=\"SanitizedHtml UserContent UserContent--quietBolds UserContent--size-small\"><strong>ONLY 3 LEFT<\/strong> Max P. Kollbrunner&#8217;s four 1978 brutalist residential towers changed Zurich\u2019s skyline forever. Printed on extra strong paper, our card has a silky, soft touch finish and comes complete with a white, blank envelope. It makes a perfect souvenir for brutalist beauties loving visitors and locals alike.<\/span><\/p>\n<p><strong>Carte &amp; Enveloppe<br \/>\n<\/strong><\/p>\n<p><strong>Dimensions :<\/strong> A6 (105 x 148 mm)<br \/>\n<strong>Poids :<\/strong> 350 gsm<br \/>\n<strong>Finition :<\/strong> Recto avec finition soft touch. Verso non lamin\u00e9 : vous pouvez \u00e9crire dessus.<br \/>\n<strong>Origine :<\/strong> Con\u00e7u \u00e0 Zurich, imprim\u00e9 \u00e0 Stratford, Londres<\/p>","protected":false},"featured_media":5500,"template":"","meta":{"_acf_changed":false,"_monsterinsights_skip_tracking":false,"_monsterinsights_sitenote_active":false,"_monsterinsights_sitenote_note":"","_monsterinsights_sitenote_category":0,"_wp_rev_ctl_limit":""},"product_brand":[],"product_cat":[61,19,46],"product_tag":[32,184,34],"class_list":{"0":"post-4522","1":"product","2":"type-product","3":"status-publish","4":"has-post-thumbnail","6":"product_cat-brutalistbeauties","7":"product_cat-cards","8":"product_cat-shop","9":"product_tag-brutalistbeauties","10":"product_tag-cards","11":"product_tag-hardau","13":"first","14":"outofstock","15":"purchasable","16":"product-type-simple"},"acf":[],"_links":{"self":[{"href":"https:\/\/heartbrut.com\/fr\/wp-json\/wp\/v2\/product\/4522","targetHints":{"allow":["GET"]}}],"collection":[{"href":"https:\/\/heartbrut.com\/fr\/wp-json\/wp\/v2\/product"}],"about":[{"href":"https:\/\/heartbrut.com\/fr\/wp-json\/wp\/v2\/types\/product"}],"version-history":[{"count":10,"href":"https:\/\/heartbrut.com\/fr\/wp-json\/wp\/v2\/product\/4522\/revisions"}],"predecessor-version":[{"id":27963,"href":"https:\/\/heartbrut.com\/fr\/wp-json\/wp\/v2\/product\/4522\/revisions\/27963"}],"wp:featuredmedia":[{"embeddable":true,"href":"https:\/\/heartbrut.com\/fr\/wp-json\/wp\/v2\/media\/5500"}],"wp:attachment":[{"href":"https:\/\/heartbrut.com\/fr\/wp-json\/wp\/v2\/media?parent=4522"}],"wp:term":[{"taxonomy":"product_brand","embeddable":true,"href":"https:\/\/heartbrut.com\/fr\/wp-json\/wp\/v2\/product_brand?post=4522"},{"taxonomy":"product_cat","embeddable":true,"href":"https:\/\/heartbrut.com\/fr\/wp-json\/wp\/v2\/product_cat?post=4522"},{"taxonomy":"product_tag","embeddable":true,"href":"https:\/\/heartbrut.com\/fr\/wp-json\/wp\/v2\/product_tag?post=4522"}],"curies":[{"name":"wp","href":"https:\/\/api.w.org\/{rel}","templated":true}]}}