{"id":4525,"date":"2019-04-24T20:47:16","date_gmt":"2019-04-24T18:47:16","guid":{"rendered":"https:\/\/heartbrut.com\/?post_type=product&#038;p=4525"},"modified":"2024-11-23T13:35:06","modified_gmt":"2024-11-23T12:35:06","slug":"triemlitower-card-a6","status":"publish","type":"product","link":"https:\/\/heartbrut.com\/fr\/produit\/triemlitower-card-a6\/","title":{"rendered":"Triemli Tower Card A6"},"content":{"rendered":"","protected":false},"excerpt":{"rendered":"<p><span class=\"SanitizedHtml UserContent UserContent--quietBolds UserContent--size-small\">Con\u00e7ue par Esther + Rudolf Guyer, la tour r\u00e9sidentielle de 1966 ne tente pas de para\u00eetre jolie. C'est le plus brutale de tout ouvrages brutalistes zurichois - et l'un de nos topsellers. Imprim\u00e9e sur papier extra fort, notre carte de l'\u00e9dition Z\u00fcrich Brut a une finition soyeuse et douce au toucher. Elle inclut une enveloppe blanche de qualit\u00e9 sup\u00e9rieure.<\/span><\/p>\n<p><strong>Carte &amp; Enveloppe<br \/>\n<\/strong><\/p>\n<p class=\"translation-block\"><strong>Dimensions:<\/strong> A6 (105 x 148 mm)<br>\n<strong>Poids:<\/strong> 350 gsm<br>\n<strong>Finition:<\/strong> recto avec finition soft touch, le verso est non lamin\u00e9 : vous pouvez \u00e9crire dessus.<br>\n<strong>Origine:<\/strong> con\u00e7u \u00e0 Zurich, imprim\u00e9 \u00e0 Stratford, Londres<\/p>","protected":false},"featured_media":5503,"template":"","meta":{"_acf_changed":false,"_monsterinsights_skip_tracking":false,"_monsterinsights_sitenote_active":false,"_monsterinsights_sitenote_note":"","_monsterinsights_sitenote_category":0,"_wp_rev_ctl_limit":""},"product_brand":[],"product_cat":[47,61,19,46],"product_tag":[32,184,38],"class_list":{"0":"post-4525","1":"product","2":"type-product","3":"status-publish","4":"has-post-thumbnail","6":"product_cat-books","7":"product_cat-brutalistbeauties","8":"product_cat-cards","9":"product_cat-shop","10":"product_tag-brutalistbeauties","11":"product_tag-cards","12":"product_tag-triemlitower","14":"first","15":"outofstock","16":"purchasable","17":"product-type-simple"},"acf":[],"_links":{"self":[{"href":"https:\/\/heartbrut.com\/fr\/wp-json\/wp\/v2\/product\/4525","targetHints":{"allow":["GET"]}}],"collection":[{"href":"https:\/\/heartbrut.com\/fr\/wp-json\/wp\/v2\/product"}],"about":[{"href":"https:\/\/heartbrut.com\/fr\/wp-json\/wp\/v2\/types\/product"}],"version-history":[{"count":10,"href":"https:\/\/heartbrut.com\/fr\/wp-json\/wp\/v2\/product\/4525\/revisions"}],"predecessor-version":[{"id":27962,"href":"https:\/\/heartbrut.com\/fr\/wp-json\/wp\/v2\/product\/4525\/revisions\/27962"}],"wp:featuredmedia":[{"embeddable":true,"href":"https:\/\/heartbrut.com\/fr\/wp-json\/wp\/v2\/media\/5503"}],"wp:attachment":[{"href":"https:\/\/heartbrut.com\/fr\/wp-json\/wp\/v2\/media?parent=4525"}],"wp:term":[{"taxonomy":"product_brand","embeddable":true,"href":"https:\/\/heartbrut.com\/fr\/wp-json\/wp\/v2\/product_brand?post=4525"},{"taxonomy":"product_cat","embeddable":true,"href":"https:\/\/heartbrut.com\/fr\/wp-json\/wp\/v2\/product_cat?post=4525"},{"taxonomy":"product_tag","embeddable":true,"href":"https:\/\/heartbrut.com\/fr\/wp-json\/wp\/v2\/product_tag?post=4525"}],"curies":[{"name":"wp","href":"https:\/\/api.w.org\/{rel}","templated":true}]}}