{"id":4735,"date":"2019-07-27T21:36:15","date_gmt":"2019-07-27T19:36:15","guid":{"rendered":"https:\/\/heartbrut.com\/?post_type=product&#038;p=4735"},"modified":"2021-12-15T16:02:06","modified_gmt":"2021-12-15T15:02:06","slug":"la-tulipe-postcard-no-3-a6","status":"publish","type":"product","link":"https:\/\/heartbrut.com\/fr\/produit\/la-tulipe-postcard-no-3-a6\/","title":{"rendered":"LA TULIPE NO 3 CARD A6"},"content":{"rendered":"","protected":false},"excerpt":{"rendered":"<p><span class=\"SanitizedHtml UserContent UserContent--quietBolds UserContent--size-small\">Jack Bertoli\u2019s Geneva Tulip building from 1976 looks like a wise-tree monument ejected from another galaxy or an ex-Soviet republic. From its massive, reinforced-concrete trunk vertical slim branches shoot into the sky, framing a cube of cotton-candy tinted glass windows. Printed on extra strong paper, card no 2 from our small-run La Tulipe edition has a super silky, soft touch finish and comes complete with a white, blank envelope.<\/span><\/p>\n<p><strong>Single Card<br \/>\n<\/strong><\/p>\n<p class=\"translation-block\"><strong>Dimensions:<\/strong> A6 (105 x 148 mm)<br>\n<strong>Poids:<\/strong> 350 gsm<br>\n<strong>Finition:<\/strong> recto avec finition soft touch, le verso est non lamin\u00e9 : vous pouvez \u00e9crire dessus.<br>\n<strong>Origine:<\/strong> con\u00e7u \u00e0 Zurich, imprim\u00e9 \u00e0 Stratford, Londres<\/p>\n<p><strong>Delivery:<\/strong> Please allow us up to 3 working days for delivering orders in Switzerland and 5 up to 15 working days for international orders. We will notify you as soon as your set is ready for shipping. Please note while shipping is on us, duty costs may be charged on international orders.<\/p>\n<p><b>Payment Method<\/b><br \/>\nWe accept payment via credit cards (Stripe) and PayPal<\/p>","protected":false},"featured_media":5509,"template":"","meta":{"_acf_changed":false,"_monsterinsights_skip_tracking":false,"_monsterinsights_sitenote_active":false,"_monsterinsights_sitenote_note":"","_monsterinsights_sitenote_category":0,"_wp_rev_ctl_limit":""},"product_brand":[],"product_cat":[19,145,46],"product_tag":[32,62],"class_list":{"0":"post-4735","1":"product","2":"type-product","3":"status-publish","4":"has-post-thumbnail","6":"product_cat-cards","7":"product_cat-latulipe-card-a6","8":"product_cat-shop","9":"product_tag-brutalistbeauties","10":"product_tag-postcards","12":"first","13":"outofstock","14":"purchasable","15":"product-type-simple"},"acf":[],"_links":{"self":[{"href":"https:\/\/heartbrut.com\/fr\/wp-json\/wp\/v2\/product\/4735","targetHints":{"allow":["GET"]}}],"collection":[{"href":"https:\/\/heartbrut.com\/fr\/wp-json\/wp\/v2\/product"}],"about":[{"href":"https:\/\/heartbrut.com\/fr\/wp-json\/wp\/v2\/types\/product"}],"version-history":[{"count":17,"href":"https:\/\/heartbrut.com\/fr\/wp-json\/wp\/v2\/product\/4735\/revisions"}],"predecessor-version":[{"id":6270,"href":"https:\/\/heartbrut.com\/fr\/wp-json\/wp\/v2\/product\/4735\/revisions\/6270"}],"wp:featuredmedia":[{"embeddable":true,"href":"https:\/\/heartbrut.com\/fr\/wp-json\/wp\/v2\/media\/5509"}],"wp:attachment":[{"href":"https:\/\/heartbrut.com\/fr\/wp-json\/wp\/v2\/media?parent=4735"}],"wp:term":[{"taxonomy":"product_brand","embeddable":true,"href":"https:\/\/heartbrut.com\/fr\/wp-json\/wp\/v2\/product_brand?post=4735"},{"taxonomy":"product_cat","embeddable":true,"href":"https:\/\/heartbrut.com\/fr\/wp-json\/wp\/v2\/product_cat?post=4735"},{"taxonomy":"product_tag","embeddable":true,"href":"https:\/\/heartbrut.com\/fr\/wp-json\/wp\/v2\/product_tag?post=4735"}],"curies":[{"name":"wp","href":"https:\/\/api.w.org\/{rel}","templated":true}]}}