{"id":4745,"date":"2019-07-27T21:37:48","date_gmt":"2019-07-27T19:37:48","guid":{"rendered":"https:\/\/heartbrut.com\/?post_type=product&#038;p=4745"},"modified":"2022-11-03T10:31:33","modified_gmt":"2022-11-03T09:31:33","slug":"latulipe-card-no-2-a6","status":"publish","type":"product","link":"https:\/\/heartbrut.com\/fr\/produit\/latulipe-card-no-2-a6\/","title":{"rendered":"La Tulipe No 2 Card A6"},"content":{"rendered":"<p>&nbsp;<\/p>\n<p>&nbsp;<\/p>","protected":false},"excerpt":{"rendered":"<p><span class=\"SanitizedHtml UserContent UserContent--quietBolds UserContent--size-small\">\u00c0 quand remonte la derni\u00e8re fois que tu as regard\u00e9 un b\u00e2timent de recherche m\u00e9dicale brutaliste en forme de tulipe, admirant ses fen\u00eatres en verre rothkoesque dans des tons pastel \u00e9vanescents, bleus et jaunes ? Imprim\u00e9e sur du papier extra fort, la carte n \u00b0 2 de notre \u00e9dition La Tulipe est un \u00e9clat de couleur doux-brutaliste qui rehaussera l'ambiance, votre t\u00e9l\u00e9travail ou toute journ\u00e9e terne. Elle a une finition super soyeuse et douce au toucher et inclut une enveloppe blanche de qualit\u00e9 sup\u00e9rieure.<br \/>\n<\/span><\/p>\n<p><strong>Carte &amp; Enveloppe<\/strong><\/p>\n<p><strong>Dimensions :<\/strong> A6 (105 x 148 mm)<br \/>\n<strong>Poids :<\/strong> 350 gsm<br \/>\n<strong>Finition :<\/strong> Recto avec finition soft touch. Verso non lamin\u00e9 : vous pouvez \u00e9crire dessus.<br \/>\n<strong>Origine :<\/strong> Con\u00e7u \u00e0 Zurich, imprim\u00e9 \u00e0 Stratford, Londres<\/p>\n<p><strong>Informations de livraison <\/strong>Nous utilisons La Poste suisse pour les envois nationaux et internationaux. Les d\u00e9lais de livraison standard sont de 3 jours ouvrables pour la Suisse, 5 jours pour l'Europe et jusqu'\u00e0 15 jours ouvrables pour les commandes pour des r\u00e9gions d'outre-mer. Les jours ouvrables sont du lundi au vendredi (hors jours f\u00e9ri\u00e9s). Une fois votre commande pass\u00e9e, une confirmation sera envoy\u00e9e \u00e0 l'adresse e-mail fournie lors du paiement. Pour les commandes internationales, des frais de douane suppl\u00e9mentaires peuvent \u00eatre appliqu\u00e9s selon la r\u00e8glementation du pays. Pour en savoir plus sur les commandes et les livraisons vous pouvez retrouver le service client.<\/p>\n<p>&nbsp;<\/p>\n<p>&nbsp;<\/p>","protected":false},"featured_media":5508,"template":"","meta":{"_acf_changed":false,"_monsterinsights_skip_tracking":false,"_monsterinsights_sitenote_active":false,"_monsterinsights_sitenote_note":"","_monsterinsights_sitenote_category":0,"_wp_rev_ctl_limit":""},"product_brand":[],"product_cat":[61,19,145,46],"product_tag":[32,184,259],"class_list":{"0":"post-4745","1":"product","2":"type-product","3":"status-publish","4":"has-post-thumbnail","6":"product_cat-brutalistbeauties","7":"product_cat-cards","8":"product_cat-latulipe-card-a6","9":"product_cat-shop","10":"product_tag-brutalistbeauties","11":"product_tag-cards","12":"product_tag-la-tulipe-2","14":"first","15":"outofstock","16":"sale","17":"purchasable","18":"product-type-simple"},"acf":[],"_links":{"self":[{"href":"https:\/\/heartbrut.com\/fr\/wp-json\/wp\/v2\/product\/4745","targetHints":{"allow":["GET"]}}],"collection":[{"href":"https:\/\/heartbrut.com\/fr\/wp-json\/wp\/v2\/product"}],"about":[{"href":"https:\/\/heartbrut.com\/fr\/wp-json\/wp\/v2\/types\/product"}],"version-history":[{"count":10,"href":"https:\/\/heartbrut.com\/fr\/wp-json\/wp\/v2\/product\/4745\/revisions"}],"predecessor-version":[{"id":15859,"href":"https:\/\/heartbrut.com\/fr\/wp-json\/wp\/v2\/product\/4745\/revisions\/15859"}],"wp:featuredmedia":[{"embeddable":true,"href":"https:\/\/heartbrut.com\/fr\/wp-json\/wp\/v2\/media\/5508"}],"wp:attachment":[{"href":"https:\/\/heartbrut.com\/fr\/wp-json\/wp\/v2\/media?parent=4745"}],"wp:term":[{"taxonomy":"product_brand","embeddable":true,"href":"https:\/\/heartbrut.com\/fr\/wp-json\/wp\/v2\/product_brand?post=4745"},{"taxonomy":"product_cat","embeddable":true,"href":"https:\/\/heartbrut.com\/fr\/wp-json\/wp\/v2\/product_cat?post=4745"},{"taxonomy":"product_tag","embeddable":true,"href":"https:\/\/heartbrut.com\/fr\/wp-json\/wp\/v2\/product_tag?post=4745"}],"curies":[{"name":"wp","href":"https:\/\/api.w.org\/{rel}","templated":true}]}}