{"id":5439,"date":"2019-12-06T22:00:47","date_gmt":"2019-12-06T21:00:47","guid":{"rendered":"https:\/\/heartbrut.com\/?post_type=product&#038;p=5439"},"modified":"2024-09-29T11:14:07","modified_gmt":"2024-09-29T09:14:07","slug":"brutalist-beauties-2-set-a6","status":"publish","type":"product","link":"https:\/\/heartbrut.com\/fr\/produit\/brutalist-beauties-2-set-a6\/","title":{"rendered":"Brutalist Beauties 2 Card Set A6"},"content":{"rendered":"","protected":false},"excerpt":{"rendered":"<p><span class=\"SanitizedHtml UserContent UserContent--quietBolds UserContent--size-small\"><strong>MOINS DE 5 EN STOCK <\/strong>Notre ensemble de 6 pi\u00e8ces pr\u00e9sente des ic\u00f4nes brutalistes de Gen\u00e8ve, B\u00e2le, Lugano et Londres, c\u00e9l\u00e9brant leur architecture sculpturale et g\u00e9om\u00e9trique audacieuse sous un angle nouveau. Les cartes sont imprim\u00e9es sur du papier ultra r\u00e9sistant et robuste - tu vas adorer leur finition exceptionnellement somptueuse et douce au toucher. Le set comprend 6 enveloppes blanches chic en papier recycl\u00e9 de qualit\u00e9 sup\u00e9rieure. Notre \u00e9dition en petit tirage est un excellent cadeau pour toutes et tous qui se passionnent pour les beaut\u00e9s brutalistes.<\/span><\/p>\n<p class=\"translation-block\"><strong>Ensemble de 6 cartes<\/strong><br><strong>Dimensions:<\/strong> A6 (105 x 148 mm)<br>\n<strong>Poids:<\/strong> 350 gsm<br>\n<strong>Finition:<\/strong> recto avec finition soft touch, le verso est non lamin\u00e9 : vous pouvez \u00e9crire dessus.<br>\n<strong>Origine:<\/strong> con\u00e7u \u00e0 Zurich, imprim\u00e9 \u00e0 Stratford, Londres<\/p>\n<p class=\"translation-block\"><strong>Objets<\/strong><br>\n<strong>La Tulipe <\/strong>Jack Bertoli, Gen\u00e8ve 1976<br>\n<strong>Mauerhalle <\/strong> Herman Baur entre autres, B\u00e2le 1961<br>\n<strong>Autosilo Balestra<\/strong> Carlo Cesarini, Lugano 1978<br>\n<strong>Welbeck Multi Storey Car Park <\/strong>Michael Blampied &amp; Partners, London 1970 ( arrach\u00e9 en 2019)<\/p>","protected":false},"featured_media":5422,"template":"","meta":{"_acf_changed":false,"_monsterinsights_skip_tracking":false,"_monsterinsights_sitenote_active":false,"_monsterinsights_sitenote_note":"","_monsterinsights_sitenote_category":0,"_wp_rev_ctl_limit":""},"product_brand":[],"product_cat":[46],"product_tag":[32,155,184],"class_list":{"0":"post-5439","1":"product","2":"type-product","3":"status-publish","4":"has-post-thumbnail","6":"product_cat-shop","7":"product_tag-brutalistbeauties","8":"product_tag-brutalistbeauties2set","9":"product_tag-cards","11":"first","12":"outofstock","13":"purchasable","14":"product-type-simple"},"acf":[],"_links":{"self":[{"href":"https:\/\/heartbrut.com\/fr\/wp-json\/wp\/v2\/product\/5439","targetHints":{"allow":["GET"]}}],"collection":[{"href":"https:\/\/heartbrut.com\/fr\/wp-json\/wp\/v2\/product"}],"about":[{"href":"https:\/\/heartbrut.com\/fr\/wp-json\/wp\/v2\/types\/product"}],"version-history":[{"count":10,"href":"https:\/\/heartbrut.com\/fr\/wp-json\/wp\/v2\/product\/5439\/revisions"}],"predecessor-version":[{"id":27958,"href":"https:\/\/heartbrut.com\/fr\/wp-json\/wp\/v2\/product\/5439\/revisions\/27958"}],"wp:featuredmedia":[{"embeddable":true,"href":"https:\/\/heartbrut.com\/fr\/wp-json\/wp\/v2\/media\/5422"}],"wp:attachment":[{"href":"https:\/\/heartbrut.com\/fr\/wp-json\/wp\/v2\/media?parent=5439"}],"wp:term":[{"taxonomy":"product_brand","embeddable":true,"href":"https:\/\/heartbrut.com\/fr\/wp-json\/wp\/v2\/product_brand?post=5439"},{"taxonomy":"product_cat","embeddable":true,"href":"https:\/\/heartbrut.com\/fr\/wp-json\/wp\/v2\/product_cat?post=5439"},{"taxonomy":"product_tag","embeddable":true,"href":"https:\/\/heartbrut.com\/fr\/wp-json\/wp\/v2\/product_tag?post=5439"}],"curies":[{"name":"wp","href":"https:\/\/api.w.org\/{rel}","templated":true}]}}