{"id":5457,"date":"2019-10-06T21:51:35","date_gmt":"2019-10-06T19:51:35","guid":{"rendered":"https:\/\/heartbrut.com\/?post_type=product&#038;p=5457"},"modified":"2024-11-23T13:30:31","modified_gmt":"2024-11-23T12:30:31","slug":"masonryhall-no-1-card-a6","status":"publish","type":"product","link":"https:\/\/heartbrut.com\/fr\/produit\/masonryhall-no-1-card-a6\/","title":{"rendered":"Masonry Hall No 1 Card A6"},"content":{"rendered":"","protected":false},"excerpt":{"rendered":"<p class=\"translation-block\">D\u00e9collage : d\u00e9crit \u00e0 juste titre comme \u00abpo\u00e9tiquement utilitaire\u00bb par l\u2019architecte Hermann Baur, sa \u00ab Maurerhalle \u00bb de 1961 est sans doute l\u2019un des plus fins origami en b\u00e9ton au monde. La salle de conf\u00e9rence et le studio font partie du College of Art &amp; Design &amp; General Trade School de B\u00e2le. Retournez l'un de ses plis de b\u00e9ton embl\u00e9matiques \u00e0 l'envers et il devient une fus\u00e9e. Imprim\u00e9e sur du papier extra fort, cette carte de notre petite \u00e9dition Brutalist Beauties 2 a une finition somptueusement douce au toucher. Elle inclut une enveloppe blanche de qualit\u00e9 sup\u00e9rieure.<\/p>\n<p><strong>Carte &amp; Enveloppe<br \/>\n<\/strong><\/p>\n<p><strong>Dimensions :<\/strong> A6 (105 x 148 mm)<br \/>\n<strong>Poids :<\/strong> 350 gsm<br \/>\n<strong>Finition :<\/strong> Recto avec finition soft touch. Verso non lamin\u00e9 : vous pouvez \u00e9crire dessus.<br \/>\n<strong>Origine :<\/strong> Con\u00e7u \u00e0 Zurich, imprim\u00e9 \u00e0 Stratford, Londres<\/p>","protected":false},"featured_media":5429,"template":"","meta":{"_acf_changed":false,"_monsterinsights_skip_tracking":false,"_monsterinsights_sitenote_active":false,"_monsterinsights_sitenote_note":"","_monsterinsights_sitenote_category":0,"_wp_rev_ctl_limit":""},"product_brand":[],"product_cat":[61,19,157,46],"product_tag":[32,184,156],"class_list":{"0":"post-5457","1":"product","2":"type-product","3":"status-publish","4":"has-post-thumbnail","6":"product_cat-brutalistbeauties","7":"product_cat-cards","8":"product_cat-masonryhall-card-a6","9":"product_cat-shop","10":"product_tag-brutalistbeauties","11":"product_tag-cards","12":"product_tag-masonryhall","14":"first","15":"outofstock","16":"shipping-taxable","17":"purchasable","18":"product-type-simple"},"acf":[],"_links":{"self":[{"href":"https:\/\/heartbrut.com\/fr\/wp-json\/wp\/v2\/product\/5457","targetHints":{"allow":["GET"]}}],"collection":[{"href":"https:\/\/heartbrut.com\/fr\/wp-json\/wp\/v2\/product"}],"about":[{"href":"https:\/\/heartbrut.com\/fr\/wp-json\/wp\/v2\/types\/product"}],"version-history":[{"count":10,"href":"https:\/\/heartbrut.com\/fr\/wp-json\/wp\/v2\/product\/5457\/revisions"}],"predecessor-version":[{"id":27959,"href":"https:\/\/heartbrut.com\/fr\/wp-json\/wp\/v2\/product\/5457\/revisions\/27959"}],"wp:featuredmedia":[{"embeddable":true,"href":"https:\/\/heartbrut.com\/fr\/wp-json\/wp\/v2\/media\/5429"}],"wp:attachment":[{"href":"https:\/\/heartbrut.com\/fr\/wp-json\/wp\/v2\/media?parent=5457"}],"wp:term":[{"taxonomy":"product_brand","embeddable":true,"href":"https:\/\/heartbrut.com\/fr\/wp-json\/wp\/v2\/product_brand?post=5457"},{"taxonomy":"product_cat","embeddable":true,"href":"https:\/\/heartbrut.com\/fr\/wp-json\/wp\/v2\/product_cat?post=5457"},{"taxonomy":"product_tag","embeddable":true,"href":"https:\/\/heartbrut.com\/fr\/wp-json\/wp\/v2\/product_tag?post=5457"}],"curies":[{"name":"wp","href":"https:\/\/api.w.org\/{rel}","templated":true}]}}