{"id":5468,"date":"2019-10-06T21:57:10","date_gmt":"2019-10-06T19:57:10","guid":{"rendered":"https:\/\/heartbrut.com\/?post_type=product&#038;p=5468"},"modified":"2022-11-06T19:49:44","modified_gmt":"2022-11-06T18:49:44","slug":"latulipe-no4-card-a6","status":"publish","type":"product","link":"https:\/\/heartbrut.com\/fr\/produit\/latulipe-no4-card-a6\/","title":{"rendered":"La Tulipe No 4 Card A6"},"content":{"rendered":"","protected":false},"excerpt":{"rendered":"<p><span class=\"SanitizedHtml UserContent UserContent--quietBolds UserContent--size-small\">Et le ciel est violet: La Tulipe est une beaut\u00e9 brutaliste ensoleillant les toits de Gen\u00e8ve depuis 1976. Ce clich\u00e9 d\u00e9taill\u00e9 parle de la rencontre de b\u00e9ton dur, de cadres en m\u00e9tal filigrane, de nuages \u200b\u200bteint\u00e9s de barbe \u00e0 papa et du beau frisson que cela cr\u00e9e. Il n'est pas surprenant que cette carte de notre petite \u00e9dition Brutalist Beauties 2 soit notre best-seller. Imprim\u00e9e sur du papier extra fort, elle a une finition somptueusement douce au toucher. Elle inclut une enveloppe blanche de qualit\u00e9 sup\u00e9rieure.<br \/>\n<\/span><\/p>\n<p><strong>Carte &amp; Enveloppe<\/strong><\/p>\n<p><strong>Dimensions :<\/strong> A6 (105 x 148 mm)<br \/>\n<strong>Poids :<\/strong> 350 gsm<br \/>\n<strong>Finition :<\/strong> Recto avec finition soft touch. Verso non lamin\u00e9 : vous pouvez \u00e9crire dessus.<br \/>\n<strong>Origine :<\/strong> Con\u00e7u \u00e0 Zurich, imprim\u00e9 \u00e0 Stratford, Londres<\/p>\n<p><strong>Informations de livraison <\/strong>Nous utilisons La Poste suisse pour les envois nationaux et internationaux. Les d\u00e9lais de livraison standard sont de 3 jours ouvrables pour la Suisse, 5 jours pour l'Europe et jusqu'\u00e0 15 jours ouvrables pour les commandes pour des r\u00e9gions d'outre-mer. Les jours ouvrables sont du lundi au vendredi (hors jours f\u00e9ri\u00e9s). Une fois votre commande pass\u00e9e, une confirmation sera envoy\u00e9e \u00e0 l'adresse e-mail fournie lors du paiement. Pour les commandes internationales, des frais de douane suppl\u00e9mentaires peuvent \u00eatre appliqu\u00e9s selon la r\u00e8glementation du pays. Pour en savoir plus sur les commandes et les livraisons vous pouvez retrouver le service client.<\/p>\n<p>&nbsp;<\/p>\n<p>&nbsp;<\/p>\n<p>&nbsp;<\/p>\n<p>&nbsp;<\/p>","protected":false},"featured_media":5427,"template":"","meta":{"_acf_changed":false,"_monsterinsights_skip_tracking":false,"_monsterinsights_sitenote_active":false,"_monsterinsights_sitenote_note":"","_monsterinsights_sitenote_category":0,"_wp_rev_ctl_limit":""},"product_brand":[],"product_cat":[61,145,46],"product_tag":[184,258],"class_list":{"0":"post-5468","1":"product","2":"type-product","3":"status-publish","4":"has-post-thumbnail","6":"product_cat-brutalistbeauties","7":"product_cat-latulipe-card-a6","8":"product_cat-shop","9":"product_tag-cards","10":"product_tag-la-tulipe-4","12":"first","13":"outofstock","14":"purchasable","15":"product-type-simple"},"acf":[],"_links":{"self":[{"href":"https:\/\/heartbrut.com\/fr\/wp-json\/wp\/v2\/product\/5468","targetHints":{"allow":["GET"]}}],"collection":[{"href":"https:\/\/heartbrut.com\/fr\/wp-json\/wp\/v2\/product"}],"about":[{"href":"https:\/\/heartbrut.com\/fr\/wp-json\/wp\/v2\/types\/product"}],"version-history":[{"count":10,"href":"https:\/\/heartbrut.com\/fr\/wp-json\/wp\/v2\/product\/5468\/revisions"}],"predecessor-version":[{"id":15854,"href":"https:\/\/heartbrut.com\/fr\/wp-json\/wp\/v2\/product\/5468\/revisions\/15854"}],"wp:featuredmedia":[{"embeddable":true,"href":"https:\/\/heartbrut.com\/fr\/wp-json\/wp\/v2\/media\/5427"}],"wp:attachment":[{"href":"https:\/\/heartbrut.com\/fr\/wp-json\/wp\/v2\/media?parent=5468"}],"wp:term":[{"taxonomy":"product_brand","embeddable":true,"href":"https:\/\/heartbrut.com\/fr\/wp-json\/wp\/v2\/product_brand?post=5468"},{"taxonomy":"product_cat","embeddable":true,"href":"https:\/\/heartbrut.com\/fr\/wp-json\/wp\/v2\/product_cat?post=5468"},{"taxonomy":"product_tag","embeddable":true,"href":"https:\/\/heartbrut.com\/fr\/wp-json\/wp\/v2\/product_tag?post=5468"}],"curies":[{"name":"wp","href":"https:\/\/api.w.org\/{rel}","templated":true}]}}